{"id":10,"date":"2023-08-08T07:28:16","date_gmt":"2023-08-08T06:28:16","guid":{"rendered":"https:\/\/matt.baume39.fr\/juragite\/?page_id=10"},"modified":"2024-12-28T17:17:35","modified_gmt":"2024-12-28T17:17:35","slug":"reserver-le-gite","status":"publish","type":"page","link":"https:\/\/matt.baume39.fr\/juragite\/reserver-le-gite\/","title":{"rendered":"Reserver le gite"},"content":{"rendered":"\n<div class=\"wp-block-nk-awb nk-awb alignfull\"><div class=\"nk-awb-wrap\" data-awb-type=\"color\" data-awb-mouse-parallax=\"true\" data-awb-mouse-parallax-size=\"30\" data-awb-mouse-parallax-speed=\"10000\"><div class=\"nk-awb-overlay\" style=\"background: var(--global-palette9);\"><\/div><\/div><div class=\"nk-awb-wrap-content is-layout-constrained wp-block-nk-awb-is-layout-constrained\">\n<div class=\"wp-block-columns is-layout-flex wp-container-core-columns-is-layout-9d6595d7 wp-block-columns-is-layout-flex\">\n<div class=\"wp-block-column is-layout-flow wp-block-column-is-layout-flow\" style=\"flex-basis:100%\"><style>.kb-row-layout-wrap.wp-block-kadence-rowlayout.kb-row-layout-id10_ccd311-e0{margin-bottom:-52px;}.kb-row-layout-id10_ccd311-e0 > .kt-row-column-wrap{align-content:center;}:where(.kb-row-layout-id10_ccd311-e0 > .kt-row-column-wrap) > .wp-block-kadence-column{justify-content:center;}.kb-row-layout-id10_ccd311-e0 > .kt-row-column-wrap{column-gap:var(--global-kb-gap-md, 2rem);row-gap:var(--global-kb-gap-md, 2rem);max-width:var( --global-content-width, 1290px );padding-left:var(--global-content-edge-padding);padding-right:var(--global-content-edge-padding);padding-top:var(--global-kb-spacing-xxl, 5rem);padding-right:var(--global-kb-spacing-lg, 3rem);padding-left:var(--global-kb-spacing-lg, 3rem);grid-template-columns:minmax(0, calc(63.8% - ((var(--global-kb-gap-md, 2rem) * 1 )\/2)))minmax(0, calc(36.2% - ((var(--global-kb-gap-md, 2rem) * 1 )\/2)));}.kb-row-layout-id10_ccd311-e0 > .kt-row-layout-overlay{opacity:0.30;}.kb-row-layout-id10_ccd311-e0 .kt-row-layout-bottom-sep{height:56px;}.kb-row-layout-id10_ccd311-e0 .kt-row-layout-bottom-sep svg{width:100%;}.kb-row-layout-id10_ccd311-e0 .kt-row-layout-bottom-sep svg{fill:var(--global-palette3, #1A202C)!important;}@media all and (max-width: 1024px){.kb-row-layout-id10_ccd311-e0 > .kt-row-column-wrap{grid-template-columns:minmax(0, 2fr) minmax(0, 1fr);}}@media all and (max-width: 1024px){.kb-row-layout-id10_ccd311-e0 .kt-row-layout-bottom-sep{height:px;}}@media all and (max-width: 1024px){.kb-row-layout-id10_ccd311-e0 .kt-row-layout-bottom-sep svg{width:%;}}@media all and (max-width: 767px){.kb-row-layout-id10_ccd311-e0 > .kt-row-column-wrap{grid-template-columns:minmax(0, 1fr);}.kb-row-layout-id10_ccd311-e0 .kt-row-layout-bottom-sep{height:px;}.kb-row-layout-id10_ccd311-e0 .kt-row-layout-bottom-sep svg{width:%;}}<\/style><div class=\"kb-row-layout-wrap kb-row-layout-id10_ccd311-e0 alignnone wp-block-kadence-rowlayout\"><div class=\"kt-row-column-wrap kt-has-2-columns kt-row-layout-left-golden kt-tab-layout-inherit kt-mobile-layout-row kt-row-valign-middle kb-theme-content-width\">\n<style>.kadence-column10_dde91d-ff > .kt-inside-inner-col{padding-top:var(--global-kb-spacing-xs, 1rem);padding-right:var(--global-kb-spacing-xs, 1rem);padding-bottom:var(--global-kb-spacing-xs, 1rem);padding-left:var(--global-kb-spacing-xs, 1rem);}.kadence-column10_dde91d-ff > .kt-inside-inner-col,.kadence-column10_dde91d-ff > .kt-inside-inner-col:before{border-top-left-radius:0px;border-top-right-radius:0px;border-bottom-right-radius:0px;border-bottom-left-radius:0px;}.kadence-column10_dde91d-ff > .kt-inside-inner-col{column-gap:var(--global-kb-gap-sm, 1rem);}.kadence-column10_dde91d-ff > .kt-inside-inner-col{flex-direction:column;}.kadence-column10_dde91d-ff > .kt-inside-inner-col > .aligncenter{width:100%;}.kadence-column10_dde91d-ff > .kt-inside-inner-col{background-color:rgba(247, 250, 252, 0.78);}.kadence-column10_dde91d-ff > .kt-inside-inner-col:before{opacity:0.3;}.kadence-column10_dde91d-ff{position:relative;}@media all and (max-width: 1024px){.kadence-column10_dde91d-ff > .kt-inside-inner-col{flex-direction:column;justify-content:center;}}@media all and (max-width: 767px){.kadence-column10_dde91d-ff > .kt-inside-inner-col{flex-direction:column;justify-content:center;}}<\/style>\n<div class=\"wp-block-kadence-column kadence-column10_dde91d-ff\"><div class=\"kt-inside-inner-col\"><style>.wp-block-kadence-advancedheading.kt-adv-heading10_f37ae5-37, .wp-block-kadence-advancedheading.kt-adv-heading10_f37ae5-37[data-kb-block=\"kb-adv-heading10_f37ae5-37\"]{font-style:normal;}.wp-block-kadence-advancedheading.kt-adv-heading10_f37ae5-37 mark.kt-highlight, .wp-block-kadence-advancedheading.kt-adv-heading10_f37ae5-37[data-kb-block=\"kb-adv-heading10_f37ae5-37\"] mark.kt-highlight{font-style:normal;color:#f76a0c;-webkit-box-decoration-break:clone;box-decoration-break:clone;padding-top:0px;padding-right:0px;padding-bottom:0px;padding-left:0px;}.wp-block-kadence-advancedheading.kt-adv-heading10_f37ae5-37 img.kb-inline-image, .wp-block-kadence-advancedheading.kt-adv-heading10_f37ae5-37[data-kb-block=\"kb-adv-heading10_f37ae5-37\"] img.kb-inline-image{width:150px;vertical-align:baseline;}<\/style>\n<h1 class=\"kt-adv-heading10_f37ae5-37 wp-block-kadence-advancedheading has-theme-palette-2-color has-text-color\" data-kb-block=\"kb-adv-heading10_f37ae5-37\">R\u00e9server<\/h1>\n\n\n\n<p>Contactez-nous avec votre message, dates prefer\u00e9es et demande d\u2019informations compl\u00e9mentaires.&nbsp;Merci de pr\u00e9ciser si vous souhaitez s\u00e9journer en chambre d\u2019h\u00f4tes ou en g\u00eete<\/p>\n\n\n<style>.kb-form input.kadence-blocks-field.verify{opacity:0.0;position:absolute;top:0.0;left:0.0;width:0.0;height:0.0;z-index:-1;}<\/style>\n<div class=\"wp-block-kadence-form kadence-form-10_20ae59-2e kb-form-wrap\"><form class=\"kb-form\" action=\"\" method=\"post\"><div class=\"kadence-blocks-form-field kb-field-desk-width-100 kb-input-size-standard\"><label for=\"kb_field_10_20ae59-2e_0\">Name<\/label><input name=\"kb_field_0\" id=\"kb_field_10_20ae59-2e_0\" data-label=\"Name\" type=\"text\" placeholder=\"\" value=\"\" data-type=\"text\" class=\"kb-field kb-text-style-field kb-text-field kb-field-0\"\/><\/div><div class=\"kadence-blocks-form-field kb-form-field-1 kb-field-desk-width-100 kb-input-size-standard\"><label for=\"kb_field_10_20ae59-2e_1\">Email<span class=\"required\">*<\/span><\/label><input name=\"kb_field_1\" id=\"kb_field_10_20ae59-2e_1\" data-label=\"Email\" type=\"email\" placeholder=\"\" value=\"\" data-type=\"email\" class=\"kb-field kb-text-style-field kb-email-field kb-field-1\" data-required=\"yes\"\/><\/div><div class=\"kadence-blocks-form-field kb-form-field-2 kb-field-desk-width-100 kb-input-size-standard\"><label for=\"kb_field_10_20ae59-2e_2\">Veuillez pr\u00e9ciser chambres d&#8217;hotes ou g\u00eete:<span class=\"required\">*<\/span><\/label><div data-type=\"radio\" data-label=\"Veuillez pr\u00e9ciser chambres d'hotes ou g\u00eete:\" id=\"kb_field_10_20ae59-2e_2\" class=\"kb-field kb-radio-style-field kb-radio-field kb-field-2 kb-radio-style-inline\" data-required=\"yes\"><div data-type=\"radio\" class=\"kb-radio-item kb-radio-item-0\"><input type=\"radio\" name=\"kb_field_2[]\" id=\"kb_field_2_0\" class=\"kb-sub-field kb-radio-style\" value=\"Chambres d'hotes\"\/><label for=\"kb_field_2_0\">Chambres d&#8217;hotes<\/label><\/div><div data-type=\"radio\" class=\"kb-radio-item kb-radio-item-1\"><input type=\"radio\" name=\"kb_field_2[]\" id=\"kb_field_2_1\" class=\"kb-sub-field kb-radio-style\" value=\"G\u00eete\"\/><label for=\"kb_field_2_1\">G\u00eete<\/label><\/div><\/div><\/div><div class=\"kadence-blocks-form-field kb-form-field-3 kb-field-desk-width-100 kb-input-size-standard\"><label for=\"kb_field_10_20ae59-2e_3\">Message,dates prefer\u00e9es et demande d\u2019informations compl\u00e9mentaires<span class=\"required\">*<\/span><\/label><textarea name=\"kb_field_3\" id=\"kb_field_10_20ae59-2e_3\" data-label=\"Message,dates prefer\u00e9es et demande d\u2019informations compl\u00e9mentaires\" type=\"textarea\" placeholder=\"\" data-type=\"textarea\" class=\"kb-field kb-text-style-field kb-textarea-field kb-field-3\" rows=\"4\" data-required=\"yes\"><\/textarea><\/div><input type=\"hidden\" name=\"_kb_form_id\" value=\"10_20ae59-2e\"\/><input type=\"hidden\" name=\"_kb_form_post_id\" value=\"10\"\/><input type=\"hidden\" name=\"action\" value=\"kb_process_ajax_submit\"\/><label class=\"kadence-verify-label\">Email<input class=\"kadence-blocks-field verify\" type=\"text\" name=\"_kb_verify_email\" autocomplete=\"new-password\" aria-hidden=\"true\" placeholder=\"Email\" tabindex=\"-1\" data-1p-ignore=\"true\" data-lpignore=\"true\" \/><\/label><div class=\"kadence-blocks-form-field kb-submit-field kb-field-desk-width-100\"><button class=\"kb-forms-submit button kb-button-size-standard kb-button-width-auto\">Envoyer ><\/button><\/div><\/form><\/div>\n<noscript><div class=\"kadence-blocks-form-message kadence-blocks-form-warning\">Please enable JavaScript in your browser to submit the form<\/div><style>.kadence-form-10_20ae59-2e .kadence-blocks-form-field.kb-submit-field { display: none; }<\/style><\/noscript>\n\n\n<p class=\"has-theme-palette-9-color has-text-color has-medium-font-size\"><br><\/p>\n<\/div><\/div>\n\n\n<style>.kadence-column10_011b5e-f8 > .kt-inside-inner-col{display:flex;}.kadence-column10_011b5e-f8 > .kt-inside-inner-col{padding-top:var(--global-kb-spacing-xs, 1rem);padding-right:var(--global-kb-spacing-xs, 1rem);padding-bottom:var(--global-kb-spacing-xs, 1rem);padding-left:var(--global-kb-spacing-xs, 1rem);}.kadence-column10_011b5e-f8 > .kt-inside-inner-col,.kadence-column10_011b5e-f8 > .kt-inside-inner-col:before{border-top-left-radius:0px;border-top-right-radius:0px;border-bottom-right-radius:0px;border-bottom-left-radius:0px;}.kadence-column10_011b5e-f8 > .kt-inside-inner-col{column-gap:var(--global-kb-gap-sm, 1rem);}.kadence-column10_011b5e-f8 > .kt-inside-inner-col{flex-direction:column;justify-content:flex-start;}.kadence-column10_011b5e-f8 > .kt-inside-inner-col > .aligncenter{width:100%;}.kt-row-column-wrap > .kadence-column10_011b5e-f8{align-self:flex-start;}.kt-inner-column-height-full:not(.kt-has-1-columns) > .wp-block-kadence-column.kadence-column10_011b5e-f8{align-self:auto;}.kt-inner-column-height-full:not(.kt-has-1-columns) > .wp-block-kadence-column.kadence-column10_011b5e-f8 > .kt-inside-inner-col{flex-direction:column;justify-content:flex-start;}.kadence-column10_011b5e-f8 > .kt-inside-inner-col:before{opacity:0.3;}.kadence-column10_011b5e-f8{position:relative;}@media all and (max-width: 1024px){.kt-row-column-wrap > .kadence-column10_011b5e-f8{align-self:flex-start;}}@media all and (max-width: 1024px){.kt-inner-column-height-full:not(.kt-has-1-columns) > .wp-block-kadence-column.kadence-column10_011b5e-f8{align-self:auto;}}@media all and (max-width: 1024px){.kt-inner-column-height-full:not(.kt-has-1-columns) > .wp-block-kadence-column.kadence-column10_011b5e-f8 > .kt-inside-inner-col{flex-direction:column;justify-content:flex-start;}}@media all and (max-width: 1024px){.kadence-column10_011b5e-f8 > .kt-inside-inner-col{flex-direction:column;justify-content:flex-start;}}@media all and (max-width: 767px){.kt-row-column-wrap > .kadence-column10_011b5e-f8{align-self:flex-start;}.kt-inner-column-height-full:not(.kt-has-1-columns) > .wp-block-kadence-column.kadence-column10_011b5e-f8{align-self:auto;}.kt-inner-column-height-full:not(.kt-has-1-columns) > .wp-block-kadence-column.kadence-column10_011b5e-f8 > .kt-inside-inner-col{flex-direction:column;justify-content:flex-start;}.kadence-column10_011b5e-f8 > .kt-inside-inner-col{flex-direction:column;justify-content:flex-start;}}<\/style>\n<div class=\"wp-block-kadence-column kadence-column10_011b5e-f8 kb-section-dir-vertical\"><div class=\"kt-inside-inner-col\"><style>.wp-block-kadence-advancedheading.kt-adv-heading10_6cd92a-c0, .wp-block-kadence-advancedheading.kt-adv-heading10_6cd92a-c0[data-kb-block=\"kb-adv-heading10_6cd92a-c0\"]{font-style:normal;}.wp-block-kadence-advancedheading.kt-adv-heading10_6cd92a-c0 mark.kt-highlight, .wp-block-kadence-advancedheading.kt-adv-heading10_6cd92a-c0[data-kb-block=\"kb-adv-heading10_6cd92a-c0\"] mark.kt-highlight{font-style:normal;color:#f76a0c;-webkit-box-decoration-break:clone;box-decoration-break:clone;padding-top:0px;padding-right:0px;padding-bottom:0px;padding-left:0px;}.wp-block-kadence-advancedheading.kt-adv-heading10_6cd92a-c0 img.kb-inline-image, .wp-block-kadence-advancedheading.kt-adv-heading10_6cd92a-c0[data-kb-block=\"kb-adv-heading10_6cd92a-c0\"] img.kb-inline-image{width:150px;vertical-align:baseline;}<\/style>\n<h2 class=\"kt-adv-heading10_6cd92a-c0 wp-block-kadence-advancedheading has-theme-palette-2-color has-text-color\" data-kb-block=\"kb-adv-heading10_6cd92a-c0\"><strong>G\u00eete a Baume les Messieurs<\/strong><\/h2>\n\n\n<style>.wp-block-kadence-image.kb-image10_39297d-b7:not(.kb-specificity-added):not(.kb-extra-specificity-added){margin-bottom:var(--global-kb-spacing-xs, 1rem);}.kb-image10_39297d-b7 .kb-image-has-overlay:after{opacity:0.3;}<\/style>\n<figure class=\"wp-block-kadence-image kb-image10_39297d-b7 size-large\"><img loading=\"lazy\" decoding=\"async\" width=\"1024\" height=\"1024\" src=\"http:\/\/matt.baume39.fr\/juragite\/wp-content\/uploads\/sites\/7\/2023\/08\/IMG_5972a-002-1024x1024.jpg\" alt=\"\" class=\"kb-img wp-image-97\" srcset=\"https:\/\/matt.baume39.fr\/juragite\/wp-content\/uploads\/sites\/7\/2023\/08\/IMG_5972a-002-1024x1024.jpg 1024w, https:\/\/matt.baume39.fr\/juragite\/wp-content\/uploads\/sites\/7\/2023\/08\/IMG_5972a-002-300x300.jpg 300w, https:\/\/matt.baume39.fr\/juragite\/wp-content\/uploads\/sites\/7\/2023\/08\/IMG_5972a-002-150x150.jpg 150w, https:\/\/matt.baume39.fr\/juragite\/wp-content\/uploads\/sites\/7\/2023\/08\/IMG_5972a-002-768x769.jpg 768w, https:\/\/matt.baume39.fr\/juragite\/wp-content\/uploads\/sites\/7\/2023\/08\/IMG_5972a-002-1534x1536.jpg 1534w, https:\/\/matt.baume39.fr\/juragite\/wp-content\/uploads\/sites\/7\/2023\/08\/IMG_5972a-002-500x501.jpg 500w, https:\/\/matt.baume39.fr\/juragite\/wp-content\/uploads\/sites\/7\/2023\/08\/IMG_5972a-002-800x801.jpg 800w, https:\/\/matt.baume39.fr\/juragite\/wp-content\/uploads\/sites\/7\/2023\/08\/IMG_5972a-002.jpg 1598w\" sizes=\"auto, (max-width: 1024px) 100vw, 1024px\" \/><\/figure>\n\n\n<style>.wp-block-kadence-advancedheading.kt-adv-heading10_1e835f-65, .wp-block-kadence-advancedheading.kt-adv-heading10_1e835f-65[data-kb-block=\"kb-adv-heading10_1e835f-65\"]{padding-top:0px;margin-top:0px;font-style:normal;letter-spacing:8px;}.wp-block-kadence-advancedheading.kt-adv-heading10_1e835f-65 mark.kt-highlight, .wp-block-kadence-advancedheading.kt-adv-heading10_1e835f-65[data-kb-block=\"kb-adv-heading10_1e835f-65\"] mark.kt-highlight{font-style:normal;color:#f76a0c;-webkit-box-decoration-break:clone;box-decoration-break:clone;padding-top:0px;padding-right:0px;padding-bottom:0px;padding-left:0px;}.wp-block-kadence-advancedheading.kt-adv-heading10_1e835f-65 img.kb-inline-image, .wp-block-kadence-advancedheading.kt-adv-heading10_1e835f-65[data-kb-block=\"kb-adv-heading10_1e835f-65\"] img.kb-inline-image{width:150px;vertical-align:baseline;}<\/style>\n<h3 class=\"kt-adv-heading10_1e835f-65 wp-block-kadence-advancedheading has-theme-palette-2-color has-text-color\" data-kb-block=\"kb-adv-heading10_1e835f-65\"><strong>R\u00e9servations <\/strong><\/h3>\n\n\n<style>.wp-block-kadence-advancedheading.kt-adv-heading10_b310e9-4c, .wp-block-kadence-advancedheading.kt-adv-heading10_b310e9-4c[data-kb-block=\"kb-adv-heading10_b310e9-4c\"]{font-style:normal;}.wp-block-kadence-advancedheading.kt-adv-heading10_b310e9-4c mark.kt-highlight, .wp-block-kadence-advancedheading.kt-adv-heading10_b310e9-4c[data-kb-block=\"kb-adv-heading10_b310e9-4c\"] mark.kt-highlight{font-style:normal;color:#f76a0c;-webkit-box-decoration-break:clone;box-decoration-break:clone;padding-top:0px;padding-right:0px;padding-bottom:0px;padding-left:0px;}.wp-block-kadence-advancedheading.kt-adv-heading10_b310e9-4c img.kb-inline-image, .wp-block-kadence-advancedheading.kt-adv-heading10_b310e9-4c[data-kb-block=\"kb-adv-heading10_b310e9-4c\"] img.kb-inline-image{width:150px;vertical-align:baseline;}<\/style>\n<h2 class=\"kt-adv-heading10_b310e9-4c wp-block-kadence-advancedheading has-theme-palette-2-color has-text-color\" data-kb-block=\"kb-adv-heading10_b310e9-4c\"><strong>t\u00e9l:<\/strong><br><strong>06 42 69 34 47 <\/strong><\/h2>\n\n\n<style>.wp-block-kadence-advancedheading.kt-adv-heading10_2b8161-13, .wp-block-kadence-advancedheading.kt-adv-heading10_2b8161-13[data-kb-block=\"kb-adv-heading10_2b8161-13\"]{font-style:normal;}.wp-block-kadence-advancedheading.kt-adv-heading10_2b8161-13 mark.kt-highlight, .wp-block-kadence-advancedheading.kt-adv-heading10_2b8161-13[data-kb-block=\"kb-adv-heading10_2b8161-13\"] mark.kt-highlight{font-style:normal;color:#f76a0c;-webkit-box-decoration-break:clone;box-decoration-break:clone;padding-top:0px;padding-right:0px;padding-bottom:0px;padding-left:0px;}.wp-block-kadence-advancedheading.kt-adv-heading10_2b8161-13 img.kb-inline-image, .wp-block-kadence-advancedheading.kt-adv-heading10_2b8161-13[data-kb-block=\"kb-adv-heading10_2b8161-13\"] img.kb-inline-image{width:150px;vertical-align:baseline;}<\/style>\n<h2 class=\"kt-adv-heading10_2b8161-13 wp-block-kadence-advancedheading has-theme-palette-9-color has-text-color\" data-kb-block=\"kb-adv-heading10_2b8161-13\"><strong>email:<\/strong><br><strong>info@baume39.fr<\/strong><\/h2>\n<\/div><\/div>\n\n<\/div><\/div><\/div>\n<\/div>\n<\/div><\/div>\n","protected":false},"excerpt":{"rendered":"","protected":false},"author":1,"featured_media":0,"parent":0,"menu_order":0,"comment_status":"closed","ping_status":"closed","template":"","meta":{"_kadence_starter_templates_imported_post":false,"_kad_post_transparent":"","_kad_post_title":"","_kad_post_layout":"","_kad_post_sidebar_id":"","_kad_post_content_style":"","_kad_post_vertical_padding":"","_kad_post_feature":"","_kad_post_feature_position":"","_kad_post_header":false,"_kad_post_footer":false,"footnotes":""},"class_list":["post-10","page","type-page","status-publish","hentry"],"_links":{"self":[{"href":"https:\/\/matt.baume39.fr\/juragite\/wp-json\/wp\/v2\/pages\/10","targetHints":{"allow":["GET"]}}],"collection":[{"href":"https:\/\/matt.baume39.fr\/juragite\/wp-json\/wp\/v2\/pages"}],"about":[{"href":"https:\/\/matt.baume39.fr\/juragite\/wp-json\/wp\/v2\/types\/page"}],"author":[{"embeddable":true,"href":"https:\/\/matt.baume39.fr\/juragite\/wp-json\/wp\/v2\/users\/1"}],"replies":[{"embeddable":true,"href":"https:\/\/matt.baume39.fr\/juragite\/wp-json\/wp\/v2\/comments?post=10"}],"version-history":[{"count":11,"href":"https:\/\/matt.baume39.fr\/juragite\/wp-json\/wp\/v2\/pages\/10\/revisions"}],"predecessor-version":[{"id":272,"href":"https:\/\/matt.baume39.fr\/juragite\/wp-json\/wp\/v2\/pages\/10\/revisions\/272"}],"wp:attachment":[{"href":"https:\/\/matt.baume39.fr\/juragite\/wp-json\/wp\/v2\/media?parent=10"}],"curies":[{"name":"wp","href":"https:\/\/api.w.org\/{rel}","templated":true}]}}