{"id":27561,"date":"2024-08-26T16:40:58","date_gmt":"2024-08-26T15:40:58","guid":{"rendered":"https:\/\/matt.baume39.fr\/blm\/?page_id=27561"},"modified":"2024-12-23T14:51:54","modified_gmt":"2024-12-23T14:51:54","slug":"federation-europeenne-des-sites-clunisiens","status":"publish","type":"page","link":"https:\/\/matt.baume39.fr\/blm\/federation-europeenne-des-sites-clunisiens\/","title":{"rendered":"F\u00e9d\u00e9ration Europ\u00e9enne des Sites Clunisiens"},"content":{"rendered":"\n\n<div class=\"wp-block-kadence-column kadence-column27561_39960a-d5\"><div class=\"kt-inside-inner-col\">\n<h1 class=\"kt-adv-heading27561_cff403-94 wp-block-kadence-advancedheading\" data-kb-block=\"kb-adv-heading27561_cff403-94\"><strong>Baume-les-Messieurs<\/strong> : Site Clunisien<\/h1>\n\n\n\n<p>La&nbsp;<strong>F\u00e9d\u00e9ration Europ\u00e9enne des Sites Clunisiens<\/strong>&nbsp;est une organisation qui regroupe un r\u00e9seau de sites historiques et patrimoniaux li\u00e9s \u00e0 l\u2019influence de l\u2019abbaye de Cluny, une des plus importantes abbayes b\u00e9n\u00e9dictines d\u2019Europe au Moyen \u00c2ge.<\/p>\n\n\n\n<p>Fond\u00e9e en 1994, cette f\u00e9d\u00e9ration vise \u00e0 valoriser, pr\u00e9server et promouvoir le patrimoine clunisien \u00e0 travers toute l\u2019Europe. Dans la r\u00e9gion du Jura, le village de&nbsp;<strong>Baume-les-Messieurs<\/strong>&nbsp;est un site clunisien remarquable, qui t\u00e9moigne de l\u2019empreinte profonde de l\u2019ordre de Cluny dans l\u2019histoire et le patrimoine local.<\/p>\n\n\n\n<h3 class=\"wp-block-heading\"><strong>L\u2019Abbaye de Baume-les-Messieurs<\/strong><\/h3>\n\n\n\n<p>L\u2019abbaye de <strong>Baume-les-Messieurs<\/strong> est l\u2019un des joyaux du patrimoine clunisien en France. Fond\u00e9e au IXe si\u00e8cle, elle devint rapidement un centre spirituel et monastique majeur. Cette abbaye a jou\u00e9 un r\u00f4le cl\u00e9 dans l\u2019expansion de l\u2019influence clunisienne dans la r\u00e9gion du Jura et au-del\u00e0.<\/p>\n\n\n\n<p>\u00c0 son apog\u00e9e, l\u2019abbaye de <strong>Baume-les-Messieurs<\/strong> d\u00e9pendait directement de l\u2019abbaye de Cluny, faisant partie du vaste r\u00e9seau de sites affili\u00e9s \u00e0 cette puissante institution religieuse.<\/p>\n\n\n\n<p>Le village de <strong>Baume-les-Messieurs<\/strong>, nich\u00e9 au c\u0153ur d\u2019une recul\u00e9e spectaculaire, offre un cadre naturel exceptionnel qui renforce encore la majest\u00e9 du site. L\u2019\u00e9glise abbatiale, avec ses \u00e9l\u00e9ments architecturaux romans et gothiques, ainsi que les vestiges du clo\u00eetre, t\u00e9moignent de l\u2019importance religieuse et culturelle de cet endroit \u00e0 l\u2019\u00e9poque m\u00e9di\u00e9vale.<\/p>\n\n\n\n<figure class=\"wp-block-kadence-image kb-image27561_0d4d14-22 size-large\"><img loading=\"lazy\" decoding=\"async\" width=\"1024\" height=\"396\" src=\"http:\/\/matt.baume39.fr\/blm\/wp-content\/uploads\/sites\/12\/2024\/08\/a8-1024x396.jpg\" alt=\"\" class=\"kb-img wp-image-27578\" srcset=\"https:\/\/matt.baume39.fr\/blm\/wp-content\/uploads\/sites\/12\/2024\/08\/a8-1024x396.jpg 1024w, https:\/\/matt.baume39.fr\/blm\/wp-content\/uploads\/sites\/12\/2024\/08\/a8-300x116.jpg 300w, https:\/\/matt.baume39.fr\/blm\/wp-content\/uploads\/sites\/12\/2024\/08\/a8-768x297.jpg 768w, https:\/\/matt.baume39.fr\/blm\/wp-content\/uploads\/sites\/12\/2024\/08\/a8-1536x594.jpg 1536w, https:\/\/matt.baume39.fr\/blm\/wp-content\/uploads\/sites\/12\/2024\/08\/a8-500x194.jpg 500w, https:\/\/matt.baume39.fr\/blm\/wp-content\/uploads\/sites\/12\/2024\/08\/a8-800x310.jpg 800w, https:\/\/matt.baume39.fr\/blm\/wp-content\/uploads\/sites\/12\/2024\/08\/a8-1280x495.jpg 1280w, https:\/\/matt.baume39.fr\/blm\/wp-content\/uploads\/sites\/12\/2024\/08\/a8.jpg 1664w\" sizes=\"auto, (max-width: 1024px) 100vw, 1024px\" \/><\/figure>\n\n\n\n<h3 class=\"wp-block-heading\"><strong>Le R\u00f4le de la F\u00e9d\u00e9ration Europ\u00e9enne des Sites Clunisiens<\/strong><\/h3>\n\n\n\n<p>La F\u00e9d\u00e9ration Europ\u00e9enne des Sites Clunisiens joue un r\u00f4le crucial dans la pr\u00e9servation et la valorisation des sites comme <strong>Baume-les-Messieurs<\/strong>. En int\u00e9grant ce r\u00e9seau, <strong>Baume-les-Messieurs<\/strong> b\u00e9n\u00e9ficie d\u2019une reconnaissance internationale qui attire des visiteurs int\u00e9ress\u00e9s par l\u2019histoire, l\u2019art et l\u2019architecture m\u00e9di\u00e9vale.<\/p>\n\n\n\n<p>La f\u00e9d\u00e9ration organise \u00e9galement des \u00e9v\u00e9nements, des expositions et des activit\u00e9s \u00e9ducatives pour sensibiliser le public \u00e0 l\u2019importance du patrimoine clunisien et \u00e0 la n\u00e9cessit\u00e9 de le prot\u00e9ger. En outre, la f\u00e9d\u00e9ration encourage la collaboration entre les sites clunisiens \u00e0 travers l\u2019Europe, favorisant ainsi des \u00e9changes culturels et la mise en place de projets communs. Cette dynamique permet de renforcer l\u2019identit\u00e9 clunisienne des sites tout en les inscrivant dans un r\u00e9seau europ\u00e9en plus large.<\/p>\n<\/div><\/div>\n\n\n\n<div class=\"wp-block-kadence-column kadence-column27561_b2446d-1d\"><div class=\"kt-inside-inner-col\">\n<h3 class=\"wp-block-heading\"><strong>Baume-les-Messieurs<\/strong><\/h3>\n\n\n\n<p>L\u2019appartenance de Baume-les-Messieurs \u00e0 la F\u00e9d\u00e9ration Europ\u00e9enne des Sites Clunisiens a un impact positif sur le d\u00e9veloppement touristique et culturel du village.<\/p>\n\n\n<div class=\"wp-block-image\">\n<figure class=\"aligncenter is-resized\"><img decoding=\"async\" src=\"http:\/\/abbayebaumelesmessieurs.fr\/wp-content\/uploads\/2024\/08\/Logo-des-sites-Clunisiens.jpg\" alt=\"\" class=\"wp-image-488\" style=\"width:225px;height:auto\"\/><\/figure>\n<\/div>\n\n\n<p>Gr\u00e2ce \u00e0 cette affiliation, Baume-les-Messieurs est mieux \u00e9quip\u00e9 pour accueillir les visiteurs, avec des infrastructures adapt\u00e9es et des initiatives pour valoriser le patrimoine local. <\/p>\n\n\n\n<p>La f\u00e9d\u00e9ration apporte \u00e9galement un soutien technique et financier pour la restauration des monuments, assurant ainsi la p\u00e9rennit\u00e9 du site.<\/p>\n\n\n\n<figure class=\"wp-block-kadence-image kb-image27561_499c17-a9 size-large kb-image-is-ratio-size\"><div class=\"kb-is-ratio-image kb-image-ratio-land43\"><img loading=\"lazy\" decoding=\"async\" width=\"1024\" height=\"396\" src=\"https:\/\/matt.baume39.fr\/blm\/wp-content\/uploads\/sites\/12\/2024\/08\/a5-1024x396.jpg\" alt=\"\" class=\"kb-img wp-image-27576\" srcset=\"https:\/\/matt.baume39.fr\/blm\/wp-content\/uploads\/sites\/12\/2024\/08\/a5-1024x396.jpg 1024w, https:\/\/matt.baume39.fr\/blm\/wp-content\/uploads\/sites\/12\/2024\/08\/a5-300x116.jpg 300w, https:\/\/matt.baume39.fr\/blm\/wp-content\/uploads\/sites\/12\/2024\/08\/a5-768x297.jpg 768w, https:\/\/matt.baume39.fr\/blm\/wp-content\/uploads\/sites\/12\/2024\/08\/a5-1536x594.jpg 1536w, https:\/\/matt.baume39.fr\/blm\/wp-content\/uploads\/sites\/12\/2024\/08\/a5-500x194.jpg 500w, https:\/\/matt.baume39.fr\/blm\/wp-content\/uploads\/sites\/12\/2024\/08\/a5-800x310.jpg 800w, https:\/\/matt.baume39.fr\/blm\/wp-content\/uploads\/sites\/12\/2024\/08\/a5-1280x495.jpg 1280w, https:\/\/matt.baume39.fr\/blm\/wp-content\/uploads\/sites\/12\/2024\/08\/a5.jpg 1664w\" sizes=\"auto, (max-width: 1024px) 100vw, 1024px\" \/><\/div><\/figure>\n\n\n\n<p>En outre, la mise en r\u00e9seau avec d\u2019autres sites clunisiens permet \u00e0 Baume-les-Messieurs de b\u00e9n\u00e9ficier d\u2019une visibilit\u00e9 accrue, attirant un public plus large et diversifi\u00e9. <\/p>\n\n\n\n<p>Les visiteurs peuvent ainsi d\u00e9couvrir non seulement l\u2019abbaye, mais aussi les autres tr\u00e9sors naturels et historiques du village, tels que les grottes, les cascades, et les paysages exceptionnels de la recul\u00e9e.<\/p>\n<\/div><\/div>\n\n","protected":false},"excerpt":{"rendered":"","protected":false},"author":1,"featured_media":0,"parent":0,"menu_order":0,"comment_status":"closed","ping_status":"closed","template":"","meta":{"_acf_changed":false,"_kad_post_transparent":"","_kad_post_title":"","_kad_post_layout":"","_kad_post_sidebar_id":"","_kad_post_content_style":"","_kad_post_vertical_padding":"","_kad_post_feature":"","_kad_post_feature_position":"","_kad_post_header":false,"_kad_post_footer":false,"footnotes":""},"class_list":["post-27561","page","type-page","status-publish","hentry"],"acf":[],"_links":{"self":[{"href":"https:\/\/matt.baume39.fr\/blm\/wp-json\/wp\/v2\/pages\/27561","targetHints":{"allow":["GET"]}}],"collection":[{"href":"https:\/\/matt.baume39.fr\/blm\/wp-json\/wp\/v2\/pages"}],"about":[{"href":"https:\/\/matt.baume39.fr\/blm\/wp-json\/wp\/v2\/types\/page"}],"author":[{"embeddable":true,"href":"https:\/\/matt.baume39.fr\/blm\/wp-json\/wp\/v2\/users\/1"}],"replies":[{"embeddable":true,"href":"https:\/\/matt.baume39.fr\/blm\/wp-json\/wp\/v2\/comments?post=27561"}],"version-history":[{"count":10,"href":"https:\/\/matt.baume39.fr\/blm\/wp-json\/wp\/v2\/pages\/27561\/revisions"}],"predecessor-version":[{"id":27928,"href":"https:\/\/matt.baume39.fr\/blm\/wp-json\/wp\/v2\/pages\/27561\/revisions\/27928"}],"wp:attachment":[{"href":"https:\/\/matt.baume39.fr\/blm\/wp-json\/wp\/v2\/media?parent=27561"}],"curies":[{"name":"wp","href":"https:\/\/api.w.org\/{rel}","templated":true}]}}