{"id":27518,"date":"2024-08-26T10:12:21","date_gmt":"2024-08-26T09:12:21","guid":{"rendered":"https:\/\/matt.baume39.fr\/blm\/?page_id=27518"},"modified":"2024-12-23T14:45:06","modified_gmt":"2024-12-23T14:45:06","slug":"geologie","status":"publish","type":"page","link":"https:\/\/matt.baume39.fr\/blm\/geologie\/","title":{"rendered":"G\u00e9ologie des Grottes de Baume"},"content":{"rendered":"\n\n<div class=\"wp-block-kadence-column kadence-column27518_8166e2-63\"><div class=\"kt-inside-inner-col\">\n<h2 class=\"kt-adv-heading27518_33a3c0-57 wp-block-kadence-advancedheading\" data-kb-block=\"kb-adv-heading27518_33a3c0-57\">G\u00e9ologie &#8211; Les Grottes de Baume<\/h2>\n\n\n\n<p>Les grottes calcaires, telles que Les <strong>Grottes de Baume<\/strong>, sont des merveilles g\u00e9ologiques form\u00e9es au cours de millions d\u2019ann\u00e9es gr\u00e2ce aux processus lents et complexes d\u2019\u00e9rosion et de dissolution.<\/p>\n\n\n\n<p><strong>Voici comment ces paysages souterrains captivants naissent :<\/strong><\/p>\n\n\n\n<h3 class=\"kt-adv-heading27518_5b805e-d1 wp-block-kadence-advancedheading\" data-kb-block=\"kb-adv-heading27518_5b805e-d1\">Formation g\u00e9ologique<\/h3>\n\n\n\n<p><strong>Composition du calcaire : <\/strong>Le calcaire, le principal type de roche \u00e0 partir duquel les grottes sont form\u00e9es, est compos\u00e9 principalement de carbonate de calcium. Cette roche s\u00e9dimentaire se d\u00e9pose souvent en couches sur des millions d\u2019ann\u00e9es, g\u00e9n\u00e9ralement dans des environnements marins.<\/p>\n\n\n\n<p><strong>Alt\u00e9ration chimique :<\/strong> Le calcaire est tr\u00e8s soluble dans l\u2019eau contenant du dioxyde de carbone, formant une faible solution d\u2019acide carbonique. L\u2019eau de pluie absorbe le dioxyde de carbone de l\u2019atmosph\u00e8re lorsqu\u2019elle tombe, devenant ainsi acide. Cette eau acide s\u2019infiltre \u00e0 travers le calcaire et se dissout le carbonate de calcium et cr\u00e9ant des fractures et des cavit\u00e9s dans la roche.<\/p>\n\n\n\n<h3 class=\"kt-adv-heading27518_0248c8-1d wp-block-kadence-advancedheading\" data-kb-block=\"kb-adv-heading27518_0248c8-1d\">\u00c9rosion et dissolution<\/h3>\n\n\n\n<p><strong>Paysage karstique : <\/strong>Au fil du temps, l\u2019eau acide dissout le calcaire le long des joints, des failles et des plans de stratification, \u00e9largissant progressivement les fractures et cr\u00e9ant des r\u00e9seaux de passages et de chambres interconnect\u00e9s. Ce processus, connu sous le nom de karstification, est responsable de la formation de grottes, de dolines et d\u2019autres reliefs karstiques. <\/p>\n\n\n\n<p><strong>Drainage souterrain :<\/strong> \u00c0 mesure que le calcaire se dissout, des r\u00e9seaux de drainage souterrains se d\u00e9veloppent, guidant l\u2019\u00e9coulement de l\u2019eau \u00e0 travers le syst\u00e8me de grottes. Des ruisseaux et des rivi\u00e8res peuvent se former dans les grottes, creusant des canaux et des galeries au fil du temps.<\/p>\n\n\n\n<h3 class=\"kt-adv-heading27518_c0f97a-e8 wp-block-kadence-advancedheading\" data-kb-block=\"kb-adv-heading27518_c0f97a-e8\">Formation des caract\u00e9ristiques de la grotte<\/h3>\n\n\n\n<p><strong>Stalactites et stalagmites :<\/strong> \u00e0 l\u2019int\u00e9rieur des grottes, l\u2019eau qui coule d\u00e9pose de la calcite, un min\u00e9ral d\u00e9riv\u00e9 du carbonate de calcium dissous, cr\u00e9ant des stalactites suspendues au plafond de la grotte et des stalagmites s\u2019\u00e9levant du sol de la grotte. Ces formations se d\u00e9veloppent lentement sur des milliers d\u2019ann\u00e9es, couche par couche, \u00e0 mesure que de l\u2019eau riche en min\u00e9raux s\u2019\u00e9coule du plafond de la grotte. Lire plus &gt;<\/p>\n\n\n\n<p><strong>Flowstone et rideaux de grottes :<\/strong> les formations Flowstone, telles que les draperies et les rideaux de grottes, se forment lorsque l\u2019eau s\u2019\u00e9coule sur des surfaces inclin\u00e9es, d\u00e9posant de la calcite et cr\u00e9ant des formations d\u00e9licates et ondul\u00e9es. Ces formations ajoutent \u00e0 la beaut\u00e9 esth\u00e9tique des grottes et sont admir\u00e9es par les visiteurs pour leurs motifs et textures complexes.<\/p>\n\n\n\n<h3 class=\"kt-adv-heading27518_1b766b-33 wp-block-kadence-advancedheading\" data-kb-block=\"kb-adv-heading27518_1b766b-33\">Processus g\u00e9ologiques<\/h3>\n\n\n\n<p><strong>Formation continue : <\/strong>les grottes calcaires sont des environnements dynamiques, avec des processus g\u00e9ologiques tels que l\u2019\u00e9rosion, le d\u00e9p\u00f4t et la dissolution qui continuent de fa\u00e7onner et de modifier le paysage de la grotte au fil du temps. L\u2019eau continue de couler \u00e0 travers les grottes, modifiant progressivement leur structure et cr\u00e9ant de nouvelles formations.<\/p>\n<\/div><\/div>\n\n\n\n<div class=\"wp-block-kadence-column kadence-column27518_b8e12f-7e\"><div class=\"kt-inside-inner-col\">\n<h3 class=\"kt-adv-heading27518_f268d7-c2 wp-block-kadence-advancedheading\" data-kb-block=\"kb-adv-heading27518_f268d7-c2\">\u00c9volution des grottes de Baume<\/h3>\n\n\n\n<p>Les grottes peuvent subir des changements \u00e0 des \u00e9chelles de temps g\u00e9ologiques en raison de l\u2019activit\u00e9 tectonique, des changements du niveau de la mer ou des fluctuations du climat. <\/p>\n\n\n\n<figure class=\"wp-block-kadence-image kb-image27518_892205-6d size-large kb-image-is-ratio-size\"><div class=\"kb-is-ratio-image kb-image-ratio-land43\"><img loading=\"lazy\" decoding=\"async\" width=\"1024\" height=\"651\" src=\"http:\/\/matt.baume39.fr\/blm\/wp-content\/uploads\/sites\/12\/2024\/03\/g8-1024x651.jpg\" alt=\"\" class=\"kb-img wp-image-26178\" srcset=\"https:\/\/matt.baume39.fr\/blm\/wp-content\/uploads\/sites\/12\/2024\/03\/g8-1024x651.jpg 1024w, https:\/\/matt.baume39.fr\/blm\/wp-content\/uploads\/sites\/12\/2024\/03\/g8-300x191.jpg 300w, https:\/\/matt.baume39.fr\/blm\/wp-content\/uploads\/sites\/12\/2024\/03\/g8-768x488.jpg 768w, https:\/\/matt.baume39.fr\/blm\/wp-content\/uploads\/sites\/12\/2024\/03\/g8-500x318.jpg 500w, https:\/\/matt.baume39.fr\/blm\/wp-content\/uploads\/sites\/12\/2024\/03\/g8-800x508.jpg 800w, https:\/\/matt.baume39.fr\/blm\/wp-content\/uploads\/sites\/12\/2024\/03\/g8.jpg 1133w\" sizes=\"auto, (max-width: 1024px) 100vw, 1024px\" \/><\/div><\/figure>\n\n\n\n<p>Certaines grottes peuvent devenir inactives \u00e0 mesure que les modes de drainage de l\u2019eau changent, tandis que d\u2019autres peuvent continuer \u00e0 \u00e9voluer et \u00e0 s\u2019agrandir en r\u00e9ponse aux processus g\u00e9ologiques en cours.<\/p>\n<\/div><\/div>\n\n","protected":false},"excerpt":{"rendered":"","protected":false},"author":1,"featured_media":0,"parent":0,"menu_order":0,"comment_status":"closed","ping_status":"closed","template":"","meta":{"_acf_changed":false,"_kad_post_transparent":"","_kad_post_title":"","_kad_post_layout":"normal","_kad_post_sidebar_id":"","_kad_post_content_style":"","_kad_post_vertical_padding":"","_kad_post_feature":"","_kad_post_feature_position":"","_kad_post_header":false,"_kad_post_footer":false,"footnotes":""},"class_list":["post-27518","page","type-page","status-publish","hentry"],"acf":[],"_links":{"self":[{"href":"https:\/\/matt.baume39.fr\/blm\/wp-json\/wp\/v2\/pages\/27518","targetHints":{"allow":["GET"]}}],"collection":[{"href":"https:\/\/matt.baume39.fr\/blm\/wp-json\/wp\/v2\/pages"}],"about":[{"href":"https:\/\/matt.baume39.fr\/blm\/wp-json\/wp\/v2\/types\/page"}],"author":[{"embeddable":true,"href":"https:\/\/matt.baume39.fr\/blm\/wp-json\/wp\/v2\/users\/1"}],"replies":[{"embeddable":true,"href":"https:\/\/matt.baume39.fr\/blm\/wp-json\/wp\/v2\/comments?post=27518"}],"version-history":[{"count":7,"href":"https:\/\/matt.baume39.fr\/blm\/wp-json\/wp\/v2\/pages\/27518\/revisions"}],"predecessor-version":[{"id":27923,"href":"https:\/\/matt.baume39.fr\/blm\/wp-json\/wp\/v2\/pages\/27518\/revisions\/27923"}],"wp:attachment":[{"href":"https:\/\/matt.baume39.fr\/blm\/wp-json\/wp\/v2\/media?parent=27518"}],"curies":[{"name":"wp","href":"https:\/\/api.w.org\/{rel}","templated":true}]}}