{"id":27366,"date":"2024-08-24T09:01:41","date_gmt":"2024-08-24T08:01:41","guid":{"rendered":"https:\/\/matt.baume39.fr\/blm\/?page_id=27366"},"modified":"2024-08-27T11:32:12","modified_gmt":"2024-08-27T10:32:12","slug":"evasuon","status":"publish","type":"page","link":"https:\/\/matt.baume39.fr\/blm\/evasuon\/","title":{"rendered":"Evasion"},"content":{"rendered":"\n\n<div class=\"wp-block-kadence-column kadence-column27366_999dcc-13\"><div class=\"kt-inside-inner-col\">\n<h1 class=\"kt-adv-heading27366_4f2342-8b wp-block-kadence-advancedheading\" data-kb-block=\"kb-adv-heading27366_4f2342-8b\">Evasion<\/h1>\n<\/div><\/div>\n\n\n\n\n\n<div class=\"wp-block-kadence-column kadence-column27366_edb07f-32\"><div class=\"kt-inside-inner-col\">\n<h3 class=\"wp-block-heading\"><strong>Le Jura a quelque chose \u00e0 offrir \u00e0 chacun de ses visiteurs<\/strong><\/h3>\n\n\n\n<p>Le Jura est une r\u00e9gion qui s\u00e9duit par la diversit\u00e9 de ses paysages, la richesse de son patrimoine et la chaleur de son accueil. Que vous soyez amateur de nature, d\u2019histoire, ou de gastronomie, le Jura a quelque chose \u00e0 offrir \u00e0 chacun de ses visiteurs.<\/p>\n<\/div><\/div>\n\n\n\n\n\n<div class=\"wp-block-kadence-column kadence-column27366_b5d6f6-b3\"><div class=\"kt-inside-inner-col\"><\/div><\/div>\n\n","protected":false},"excerpt":{"rendered":"","protected":false},"author":1,"featured_media":0,"parent":0,"menu_order":0,"comment_status":"closed","ping_status":"closed","template":"","meta":{"_acf_changed":false,"_kad_post_transparent":"","_kad_post_title":"default","_kad_post_layout":"right","_kad_post_sidebar_id":"","_kad_post_content_style":"","_kad_post_vertical_padding":"","_kad_post_feature":"","_kad_post_feature_position":"","_kad_post_header":false,"_kad_post_footer":false,"footnotes":""},"class_list":["post-27366","page","type-page","status-publish","hentry"],"acf":[],"_links":{"self":[{"href":"https:\/\/matt.baume39.fr\/blm\/wp-json\/wp\/v2\/pages\/27366","targetHints":{"allow":["GET"]}}],"collection":[{"href":"https:\/\/matt.baume39.fr\/blm\/wp-json\/wp\/v2\/pages"}],"about":[{"href":"https:\/\/matt.baume39.fr\/blm\/wp-json\/wp\/v2\/types\/page"}],"author":[{"embeddable":true,"href":"https:\/\/matt.baume39.fr\/blm\/wp-json\/wp\/v2\/users\/1"}],"replies":[{"embeddable":true,"href":"https:\/\/matt.baume39.fr\/blm\/wp-json\/wp\/v2\/comments?post=27366"}],"version-history":[{"count":12,"href":"https:\/\/matt.baume39.fr\/blm\/wp-json\/wp\/v2\/pages\/27366\/revisions"}],"predecessor-version":[{"id":27599,"href":"https:\/\/matt.baume39.fr\/blm\/wp-json\/wp\/v2\/pages\/27366\/revisions\/27599"}],"wp:attachment":[{"href":"https:\/\/matt.baume39.fr\/blm\/wp-json\/wp\/v2\/media?parent=27366"}],"curies":[{"name":"wp","href":"https:\/\/api.w.org\/{rel}","templated":true}]}}