{"id":26396,"date":"2024-03-20T13:28:03","date_gmt":"2024-03-20T12:28:03","guid":{"rendered":"https:\/\/www.baumelesmessieurs.fr\/2024\/?page_id=26396"},"modified":"2024-03-20T13:28:03","modified_gmt":"2024-03-20T12:28:03","slug":"actes-reglementaires-et-decisions","status":"publish","type":"page","link":"https:\/\/matt.baume39.fr\/blm\/actes-reglementaires-et-decisions\/","title":{"rendered":"ACTES R\u00c9GLEMENTAIRES ET D\u00c9CISIONS"},"content":{"rendered":"\n<h1 class=\"kt-adv-heading26396_b1ae18-d0 wp-block-kadence-advancedheading\" data-kb-block=\"kb-adv-heading26396_b1ae18-d0\">ACTES R\u00c9GLEMENTAIRES ET D\u00c9CISIONS<\/h1>\n\n\n\n\n<div class=\"wp-block-kadence-column kadence-column26396_18291f-14\"><div class=\"kt-inside-inner-col\">\n<p><a href=\"http:\/\/www.baumelesmessieurs.fr\/wp-content\/uploads\/20231107141145.pdf\" target=\"_blank\" rel=\"noreferrer noopener\">Arr\u00eat\u00e9 pr\u00e9fectoral n\u00b0RAA-2023-10-31-002 du 31 octobre 2023 portant ajustement des restrictions temporaires des usages de l\u2019eau en p\u00e9riode de s\u00e9cheresse pour tout ou partie du d\u00e9partement du Jura.<\/a><\/p>\n\n\n\n<p><a href=\"http:\/\/www.baumelesmessieurs.fr\/wp-content\/uploads\/Communique-de-presse.pdf\" target=\"_blank\" rel=\"noreferrer noopener\">Communiqu\u00e9 de presse de Monsieur le Pr\u00e9fet concernant la s\u00e9cheresse \u2013&nbsp; 31 octobre 2023<\/a><\/p>\n\n\n\n<p><em><strong>Vie communale :<\/strong><\/em><\/p>\n\n\n\n<p><a href=\"http:\/\/www.baumelesmessieurs.fr\/wp-content\/uploads\/057-2023-Restrictions-horaires-nuisances-sonores-ACTES.pdf\" target=\"_blank\" rel=\"noreferrer noopener\">Arr\u00eat\u00e9 du maire n\u00b0057\/2023 portant sur les bruits de voisinage et ses restrictions horaires<\/a><\/p>\n\n\n\n<p><em><strong>Arr\u00eat\u00e9s temporaires de police de circulation :<\/strong><\/em><\/p>\n\n\n\n<p><a href=\"http:\/\/www.baumelesmessieurs.fr\/wp-content\/uploads\/068-2023-Arrete-route-de-Rosnay.pdf\" target=\"_blank\" rel=\"noreferrer noopener\">Arr\u00eat\u00e9 du maire n\u00b0068\/2023 \u2013 \u201cRoute de Rosnay\u201d<\/a><\/p>\n\n\n\n<p><a href=\"http:\/\/www.baumelesmessieurs.fr\/wp-content\/uploads\/069-2023-Arrete-rue-en-Villeneuve.pdf\" target=\"_blank\" rel=\"noreferrer noopener\">Arr\u00eat\u00e9 du maire n\u00b0069\/2023 \u2013 Rue en Villeneuve<\/a><\/p>\n\n\n\n<p><a href=\"http:\/\/www.baumelesmessieurs.fr\/wp-content\/uploads\/072-2023-Circulation-rue-de-la-Peyrouse.pdf\" target=\"_blank\" rel=\"noreferrer noopener\">Arr\u00eat\u00e9 du maire n\u00b0072\/2023 \u2013 rue de La Peyrouse<\/a><\/p>\n\n\n\n<p><a href=\"http:\/\/www.baumelesmessieurs.fr\/wp-content\/uploads\/074-2023-Seille-Calvaire-Mont.du_.Chat-Chateau.d.eau-Mairie.pdf\" target=\"_blank\" rel=\"noreferrer noopener\">Arr\u00eat\u00e9 du maire n\u00b074\/2023 \u2013 Rue de la Seille, Place de la Mairie, Chemin du Calvaire, rue du Mont du Chat &amp; rue du Ch\u00e2teau d\u2019eau.<\/a><\/p>\n\n\n\n<p><a href=\"http:\/\/www.baumelesmessieurs.fr\/wp-content\/uploads\/075-2023-Route-de-Rosnay.pdf\" target=\"_blank\" rel=\"noreferrer noopener\">Arr\u00eat\u00e9 du maire n\u00b0075\/2023 \u2013 route de Rosnay<\/a><\/p>\n\n\n\n<p><a href=\"http:\/\/www.baumelesmessieurs.fr\/wp-content\/uploads\/20231010094425.pdf\" target=\"_blank\" rel=\"noreferrer noopener\">Arr\u00eat\u00e9 du maire n\u00b0076\/2023 portant interdiction d\u2019acc\u00e8s et de stationnement dans la cour du clo\u00eetre de l\u2019Abbaye.<\/a><\/p>\n\n\n\n<p><em><strong>Cimeti\u00e8re :<\/strong><\/em><\/p>\n\n\n\n<p><a href=\"http:\/\/www.baumelesmessieurs.fr\/wp-content\/uploads\/PV-Cimetiere-1-2.pdf\" target=\"_blank\" rel=\"noreferrer noopener\">Proc\u00e8s-verbal constatant l\u2019\u00e9tat d\u2019abandon de concessions au sein du cimeti\u00e8re communal en date du 31 janvier 2023 (1\/2).<\/a><\/p>\n\n\n\n<p><a href=\"http:\/\/www.baumelesmessieurs.fr\/wp-content\/uploads\/PV-Cimetiere-2-2.pdf\" target=\"_blank\" rel=\"noreferrer noopener\">Proc\u00e8s-verbal constatant l\u2019\u00e9tat d\u2019abandon de concessions au sein du cimeti\u00e8re communal en date du 31 janvier 2023 (2\/2).<\/a><\/p>\n\n\n\n<p><a href=\"http:\/\/www.baumelesmessieurs.fr\/wp-content\/uploads\/20231010093001.pdf\" target=\"_blank\" rel=\"noreferrer noopener\">Liste des concessions en \u00e9tat d\u2019abandon.<\/a><\/p>\n<\/div><\/div>\n\n\n\n\n\n\n<h2 class=\"kt-adv-heading26396_586eea-13 wp-block-kadence-advancedheading\" data-kb-block=\"kb-adv-heading26396_586eea-13\"><\/h2>\n","protected":false},"excerpt":{"rendered":"","protected":false},"author":3,"featured_media":0,"parent":0,"menu_order":0,"comment_status":"closed","ping_status":"closed","template":"","meta":{"_acf_changed":false,"_kad_post_transparent":"","_kad_post_title":"","_kad_post_layout":"right","_kad_post_sidebar_id":"","_kad_post_content_style":"","_kad_post_vertical_padding":"","_kad_post_feature":"","_kad_post_feature_position":"","_kad_post_header":false,"_kad_post_footer":false,"footnotes":""},"class_list":["post-26396","page","type-page","status-publish","hentry"],"acf":[],"_links":{"self":[{"href":"https:\/\/matt.baume39.fr\/blm\/wp-json\/wp\/v2\/pages\/26396","targetHints":{"allow":["GET"]}}],"collection":[{"href":"https:\/\/matt.baume39.fr\/blm\/wp-json\/wp\/v2\/pages"}],"about":[{"href":"https:\/\/matt.baume39.fr\/blm\/wp-json\/wp\/v2\/types\/page"}],"author":[{"embeddable":true,"href":"https:\/\/matt.baume39.fr\/blm\/wp-json\/wp\/v2\/users\/3"}],"replies":[{"embeddable":true,"href":"https:\/\/matt.baume39.fr\/blm\/wp-json\/wp\/v2\/comments?post=26396"}],"version-history":[{"count":0,"href":"https:\/\/matt.baume39.fr\/blm\/wp-json\/wp\/v2\/pages\/26396\/revisions"}],"wp:attachment":[{"href":"https:\/\/matt.baume39.fr\/blm\/wp-json\/wp\/v2\/media?parent=26396"}],"curies":[{"name":"wp","href":"https:\/\/api.w.org\/{rel}","templated":true}]}}