{"id":26208,"date":"2024-03-19T18:23:51","date_gmt":"2024-03-19T17:23:51","guid":{"rendered":"https:\/\/www.baumelesmessieurs.fr\/2024\/?page_id=26208"},"modified":"2024-08-26T07:06:27","modified_gmt":"2024-08-26T06:06:27","slug":"camping-de-la-toupe","status":"publish","type":"page","link":"https:\/\/matt.baume39.fr\/blm\/camping-de-la-toupe\/","title":{"rendered":"Camping de la Toupe"},"content":{"rendered":"\n\n<div class=\"wp-block-kadence-column kadence-column26208_5c2743-ed\"><div class=\"kt-inside-inner-col\">\n<h1 class=\"kt-adv-heading26208_56bdda-ee wp-block-kadence-advancedheading\" data-kb-block=\"kb-adv-heading26208_56bdda-ee\">Camping de la Toupe<\/h1>\n\n\n\n<figure class=\"wp-block-kadence-image kb-image26208_cb2acd-22 size-large\"><img loading=\"lazy\" decoding=\"async\" width=\"1024\" height=\"396\" src=\"http:\/\/matt.baume39.fr\/blm\/wp-content\/uploads\/sites\/12\/2024\/03\/n12camping-1024x396.jpg\" alt=\"\" class=\"kb-img wp-image-26183\" srcset=\"https:\/\/matt.baume39.fr\/blm\/wp-content\/uploads\/sites\/12\/2024\/03\/n12camping-1024x396.jpg 1024w, https:\/\/matt.baume39.fr\/blm\/wp-content\/uploads\/sites\/12\/2024\/03\/n12camping-300x116.jpg 300w, https:\/\/matt.baume39.fr\/blm\/wp-content\/uploads\/sites\/12\/2024\/03\/n12camping-768x297.jpg 768w, https:\/\/matt.baume39.fr\/blm\/wp-content\/uploads\/sites\/12\/2024\/03\/n12camping-500x193.jpg 500w, https:\/\/matt.baume39.fr\/blm\/wp-content\/uploads\/sites\/12\/2024\/03\/n12camping-800x309.jpg 800w, https:\/\/matt.baume39.fr\/blm\/wp-content\/uploads\/sites\/12\/2024\/03\/n12camping.jpg 1200w\" sizes=\"auto, (max-width: 1024px) 100vw, 1024px\" \/><\/figure>\n\n\n\n<h3 class=\"kt-adv-heading26208_f56cad-b2 wp-block-kadence-advancedheading\" data-kb-block=\"kb-adv-heading26208_f56cad-b2\">Charme et calme en bordure d\u2019une petite rivi\u00e8re. <strong>62 emplacements<\/strong>&nbsp;spacieux et ombrag\u00e9s avec ou sans \u00e9lectricit\u00e9. Sanitaires en acc\u00e8s PMR.<\/h3>\n\n\n\n\n<div class=\"wp-block-kadence-column kadence-column26208_d89b74-7e\"><div class=\"kt-inside-inner-col\">\n<h2 class=\"kt-adv-heading26208_44b740-f8 wp-block-kadence-advancedheading\" data-kb-block=\"kb-adv-heading26208_44b740-f8\">R\u00e9servations t\u00e9l : 03 84 43 03 67 ou : 06 30 19 83 29<\/h2>\n\n\n\n<h2 class=\"kt-adv-heading26208_cb2f84-fd wp-block-kadence-advancedheading\" data-kb-block=\"kb-adv-heading26208_cb2f84-fd\">mail :&nbsp;<strong><a href=\"mailto:baumelesmessieurs@wanadoo.fr\">camping@baumelesmessieurs.biz<\/a><\/strong><\/h2>\n<\/div><\/div>\n\n\n\n\n<h3 class=\"wp-block-heading\">Camping ouvert du 1er avril au 15 octobre<\/h3>\n\n\n\n<h3 class=\"wp-block-heading\"><strong>Relaxez-vous au camping de la Toupe, dans un \u00e9crin de verdure au bord d\u2019une petite rivi\u00e8re.&nbsp;<\/strong><\/h3>\n\n\n\n<figure class=\"wp-block-kadence-image kb-image26208_538f7a-d3 size-full\"><img loading=\"lazy\" decoding=\"async\" width=\"969\" height=\"311\" src=\"http:\/\/matt.baume39.fr\/blm\/wp-content\/uploads\/sites\/12\/2024\/03\/camping1.jpg\" alt=\"\" class=\"kb-img wp-image-26818\" srcset=\"https:\/\/matt.baume39.fr\/blm\/wp-content\/uploads\/sites\/12\/2024\/03\/camping1.jpg 969w, https:\/\/matt.baume39.fr\/blm\/wp-content\/uploads\/sites\/12\/2024\/03\/camping1-300x96.jpg 300w, https:\/\/matt.baume39.fr\/blm\/wp-content\/uploads\/sites\/12\/2024\/03\/camping1-768x246.jpg 768w, https:\/\/matt.baume39.fr\/blm\/wp-content\/uploads\/sites\/12\/2024\/03\/camping1-500x160.jpg 500w, https:\/\/matt.baume39.fr\/blm\/wp-content\/uploads\/sites\/12\/2024\/03\/camping1-800x257.jpg 800w\" sizes=\"auto, (max-width: 969px) 100vw, 969px\" \/><\/figure>\n\n\n\n<p><strong>HAUTE SAISON<\/strong><\/p>\n\n\n\n<ul class=\"wp-block-list\">\n<li>Horaires de la r\u00e9ception tous les jours de 9h\/12h30 et 14h30\/19h.<br>(A partir de 1er Septembre:&nbsp;Matin: 10h \u2013 12h Apr\u00e8s-midi:&nbsp; 17h \u2013 19h)<\/li>\n\n\n\n<li>Les emplacements vous seront attribu\u00e9s \u00e0 partir de 14h30 et devront \u00eatre lib\u00e9r\u00e9s \u00e0 11h le jour de votre d\u00e9part.<\/li>\n\n\n\n<li>Aucune arriv\u00e9e ne sera possible en dehors des heures d\u2019ouverture (sauf en cas de r\u00e9servation si nous sommes pr\u00e9venues).<\/li>\n<\/ul>\n\n\n\n<figure class=\"wp-block-kadence-image kb-image26208_bbfa65-d7 size-full\"><img loading=\"lazy\" decoding=\"async\" width=\"969\" height=\"311\" src=\"http:\/\/matt.baume39.fr\/blm\/wp-content\/uploads\/sites\/12\/2024\/03\/camping12.jpg\" alt=\"\" class=\"kb-img wp-image-26195\" srcset=\"https:\/\/matt.baume39.fr\/blm\/wp-content\/uploads\/sites\/12\/2024\/03\/camping12.jpg 969w, https:\/\/matt.baume39.fr\/blm\/wp-content\/uploads\/sites\/12\/2024\/03\/camping12-300x96.jpg 300w, https:\/\/matt.baume39.fr\/blm\/wp-content\/uploads\/sites\/12\/2024\/03\/camping12-768x246.jpg 768w, https:\/\/matt.baume39.fr\/blm\/wp-content\/uploads\/sites\/12\/2024\/03\/camping12-500x160.jpg 500w, https:\/\/matt.baume39.fr\/blm\/wp-content\/uploads\/sites\/12\/2024\/03\/camping12-800x257.jpg 800w\" sizes=\"auto, (max-width: 969px) 100vw, 969px\" \/><\/figure>\n\n\n\n<p><strong>R\u00c9SERVATION<\/strong><\/p>\n\n\n\n<p>Les r\u00e9servations sont indispensables en haute saison par mail \u00e0 camping@baumelesmessieurs.biz ou au 06.30.19&nbsp;.83.29<\/p>\n\n\n\n<p><strong>PRATIQUE<\/strong><\/p>\n\n\n\n<p>Prise \u00e9lectriques&nbsp;: merci de bien vouloir vous munir d\u2019un adaptateur bleu CE \u2013 m\u00e2le et d\u2019une rallonge.<\/p>\n\n\n\n<p><strong>BARBECUES<\/strong><\/p>\n\n\n\n<p>Baume les Messieurs est class\u00e9 en zone rouge.&nbsp; Seuls les barbecues \u00e9lectriques et \u00e0 gaz sont autoris\u00e9s.<\/p>\n\n\n\n<p><strong>ANIMAUX<\/strong><\/p>\n\n\n\n<p>Le nombre de chien est limit\u00e9 \u00e0 1 par emplacement \u00e0 compter du 01\/07\/2023. Le carnet de sant\u00e9 de votre animal sera exig\u00e9 \u00e0 votre arriv\u00e9e.<\/p>\n\n\n\n<p><strong>POUBELLES<\/strong><\/p>\n\n\n\n<p>Pour que notre site reste propre et afin de respecter les normes impos\u00e9es par le Sydom, vous devez effectuer le tri s\u00e9lectif de vos d\u00e9chets avec soin&nbsp;: des containers sont \u00e0 votre disposition au fond du camping&nbsp;.<\/p>\n\n\n\n<p><strong>Nous vous souhaitons un excellent s\u00e9jour.<\/strong><\/p>\n<\/div><\/div>\n\n\n\n<div class=\"wp-block-kadence-column kadence-column26208_dbb4fb-5a campinglist\"><div class=\"kt-inside-inner-col\">\n<h3 class=\"wp-block-heading\">Tarifs principaux&nbsp;<\/h3>\n\n\n\n<p><strong>BS<\/strong>&nbsp;Basse Saison ;&nbsp;<strong>HS<\/strong>&nbsp;Haute Saison (Du 15\/06\/2024 au 15\/09\/2024)<\/p>\n\n\n\n<ul class=\"wp-block-list\">\n<li style=\"line-height:1.5\">Emplacement sans \u00e9lectricit\u00e9 \u2013 forfait deux personnes + 1 v\u00e9hicule* ou une tente. BS&nbsp;<strong>17,00\u20ac&nbsp;<\/strong>HS&nbsp;<strong>19,00\u20ac<\/strong><br> <\/li>\n\n\n\n<li>Emplacement sans \u00e9lectricit\u00e9 \u2013 forfait une personne + 1 v\u00e9hicule* ou une tente. BS&nbsp;<strong>12,00\u20ac&nbsp;<\/strong>HS&nbsp;<strong>13,00\u20ac<\/strong><br> <\/li>\n\n\n\n<li>Emplacement avec \u00e9lectricit\u00e9 \u2013 forfait deux personnes + 1 v\u00e9hicule* ou une tente. BS&nbsp;<strong>19,00\u20ac&nbsp;<\/strong>HS&nbsp;<strong>21,00\u20ac<\/strong><br> <\/li>\n\n\n\n<li>Emplacement avec \u00e9lectricit\u00e9 \u2013 forfait une personne + 1 v\u00e9hicule* ou une tente. BS&nbsp;<strong>14,00\u20ac&nbsp;<\/strong>HS&nbsp;<strong>15,00\u20ac<\/strong><br> <\/li>\n\n\n\n<li>Tarif par personne suppl\u00e9mentaire \u00e0 compter de 12 ans. BS&nbsp;<strong>4,50\u20ac&nbsp;<\/strong>HS&nbsp;<strong>6.00\u20ac<\/strong><br> <\/li>\n\n\n\n<li>Tarif enfant \u00e0 partir de 5 ans et jusqu\u2019\u00e0 12 ans.&nbsp;BS&nbsp;<strong>3,00\u20ac&nbsp;<\/strong>HS&nbsp;<strong>4.00\u20ac<\/strong><br> <\/li>\n\n\n\n<li>Taxe de s\u00e9jour (par nuit et par adulte) :&nbsp;<strong>0.33 \u20ac<\/strong>&nbsp;<\/li>\n<\/ul>\n\n\n\n<p>*Voiture et caravane ou camping-car<\/p>\n\n\n\n<h3 class=\"wp-block-heading\">Autres tarifs&nbsp;<\/h3>\n\n\n\n<ul class=\"wp-block-list\">\n<li>Suppl\u00e9ment ANIMAL (par nuit) : BS&nbsp;<strong>1.50 \u20ac<\/strong>&nbsp;HS&nbsp;<strong>1.50 \u20ac<\/strong><\/li>\n\n\n\n<li>JETON machine \u00e0 laver :&nbsp;<strong>5.00 \u20ac<\/strong><\/li>\n\n\n\n<li>JETON s\u00e8che-linge :&nbsp;<strong>3.00 \u20ac<\/strong><\/li>\n\n\n\n<li>CARAVANE double-essieu par jour : BS&nbsp;<strong>32.00 \u20ac<\/strong>&nbsp;HS&nbsp;<strong>32.00 \u20ac<\/strong><\/li>\n<\/ul>\n\n\n\n<h3 class=\"wp-block-heading\">Tarifs ext\u00e9rieurs&nbsp;<\/h3>\n\n\n\n<ul class=\"wp-block-list\">\n<li>Acc\u00e8s douche pour&nbsp; personne ext\u00e9rieure au camping :&nbsp;<strong>3.00 \u20ac<\/strong><\/li>\n\n\n\n<li>Vidange + reprise d\u2019eau CAMPING-CAR :&nbsp;<strong>5.00 \u20ac<\/strong><\/li>\n<\/ul>\n\n\n\n<figure class=\"wp-block-kadence-image kb-image26208_404e77-ff size-full\"><img loading=\"lazy\" decoding=\"async\" width=\"400\" height=\"400\" src=\"http:\/\/matt.baume39.fr\/blm\/wp-content\/uploads\/sites\/12\/2024\/03\/camping2.jpg\" alt=\"\" class=\"kb-img wp-image-26136\" srcset=\"https:\/\/matt.baume39.fr\/blm\/wp-content\/uploads\/sites\/12\/2024\/03\/camping2.jpg 400w, https:\/\/matt.baume39.fr\/blm\/wp-content\/uploads\/sites\/12\/2024\/03\/camping2-300x300.jpg 300w, https:\/\/matt.baume39.fr\/blm\/wp-content\/uploads\/sites\/12\/2024\/03\/camping2-150x150.jpg 150w\" sizes=\"auto, (max-width: 400px) 100vw, 400px\" \/><\/figure>\n<\/div><\/div>\n\n","protected":false},"excerpt":{"rendered":"","protected":false},"author":3,"featured_media":0,"parent":0,"menu_order":0,"comment_status":"closed","ping_status":"closed","template":"","meta":{"_acf_changed":false,"_kad_post_transparent":"","_kad_post_title":"","_kad_post_layout":"","_kad_post_sidebar_id":"","_kad_post_content_style":"","_kad_post_vertical_padding":"","_kad_post_feature":"","_kad_post_feature_position":"","_kad_post_header":false,"_kad_post_footer":false,"footnotes":""},"class_list":["post-26208","page","type-page","status-publish","hentry"],"acf":[],"_links":{"self":[{"href":"https:\/\/matt.baume39.fr\/blm\/wp-json\/wp\/v2\/pages\/26208","targetHints":{"allow":["GET"]}}],"collection":[{"href":"https:\/\/matt.baume39.fr\/blm\/wp-json\/wp\/v2\/pages"}],"about":[{"href":"https:\/\/matt.baume39.fr\/blm\/wp-json\/wp\/v2\/types\/page"}],"author":[{"embeddable":true,"href":"https:\/\/matt.baume39.fr\/blm\/wp-json\/wp\/v2\/users\/3"}],"replies":[{"embeddable":true,"href":"https:\/\/matt.baume39.fr\/blm\/wp-json\/wp\/v2\/comments?post=26208"}],"version-history":[{"count":27,"href":"https:\/\/matt.baume39.fr\/blm\/wp-json\/wp\/v2\/pages\/26208\/revisions"}],"predecessor-version":[{"id":27465,"href":"https:\/\/matt.baume39.fr\/blm\/wp-json\/wp\/v2\/pages\/26208\/revisions\/27465"}],"wp:attachment":[{"href":"https:\/\/matt.baume39.fr\/blm\/wp-json\/wp\/v2\/media?parent=26208"}],"curies":[{"name":"wp","href":"https:\/\/api.w.org\/{rel}","templated":true}]}}