{"id":26073,"date":"2024-03-19T14:35:14","date_gmt":"2024-03-19T13:35:14","guid":{"rendered":"https:\/\/www.baumelesmessieurs.fr\/2024\/?page_id=26073"},"modified":"2024-03-23T07:33:57","modified_gmt":"2024-03-23T07:33:57","slug":"hebergements","status":"publish","type":"page","link":"https:\/\/matt.baume39.fr\/blm\/hebergements\/","title":{"rendered":"H\u00e9bergements"},"content":{"rendered":"\n\n<div class=\"wp-block-kadence-column kadence-column26073_74c7a9-70\"><div class=\"kt-inside-inner-col\">\n<p><a href=\"http:\/\/www.baumelesmessieurs.fr\/camping-de-la-toupe\/\"><\/a><\/p>\n\n\n\n\n<div class=\"wp-block-kadence-column kadence-column26073_c604ae-d8\"><div class=\"kt-inside-inner-col\">\n<h1 class=\"wp-block-heading has-large-font-size\">H\u00e9bergements<\/h1>\n\n\n\n<h2 class=\"kt-adv-heading26073_34f790-0d wp-block-kadence-advancedheading\" data-kb-block=\"kb-adv-heading26073_34f790-0d\">Un grand choix a Baume-les-Messieurs<\/h2>\n<\/div><\/div>\n\n\n\n\n<p><a href=\"http:\/\/www.baumelesmessieurs.fr\/gites-a-baume\/\"><\/a><\/p>\n\n\n\n\n<div class=\"wp-block-kadence-column kadence-column26073_460592-f9\"><div class=\"kt-inside-inner-col\">\n<figure class=\"wp-block-image\"><img decoding=\"async\" src=\"http:\/\/www.baumelesmessieurs.fr\/wp-content\/uploads\/r5-1.jpg\" alt=\"Camping\"\/><\/figure>\n<\/div><\/div>\n\n\n\n<div class=\"wp-block-kadence-column kadence-column26073_dee9d8-21 kb-section-has-link\"><div class=\"kt-inside-inner-col\">\n<h3 class=\"kt-adv-heading26073_555718-69 wp-block-kadence-advancedheading\" data-kb-block=\"kb-adv-heading26073_555718-69\">Camping<\/h3>\n\n\n\n<p>Relaxez-vous au\u00a0Camping\u00a0de la Toupe, ombrag\u00e9 et bien \u00e9quip\u00e9 au bord d\u2019une petite rivi\u00e8re.\u00a0 Pour r\u00e9server t\u00e9l  03 84 43 03 67 ou  06 30 19 83 29. Mail \u00a0<a href=\"mailto:baumelesmessieurs@wanadoo.fr\">camping@baumelesmessieurs.biz<\/a><\/p>\n<\/div><a href=\"https:\/\/matt.baume39.fr\/blm\/camping-de-la-toupe\/\" class=\"kb-section-link-overlay\"><\/a><\/div>\n\n\n\n\n\n<div class=\"wp-block-kadence-column kadence-column26073_266fac-0d\"><div class=\"kt-inside-inner-col\">\n<figure class=\"wp-block-image\"><img decoding=\"async\" src=\"http:\/\/www.baumelesmessieurs.fr\/wp-content\/uploads\/r7.jpg\" alt=\"Chambres d'hotes\"\/><\/figure>\n<\/div><\/div>\n\n\n\n<div class=\"wp-block-kadence-column kadence-column26073_e0ef1b-cc kb-section-has-link\"><div class=\"kt-inside-inner-col\">\n<h3 class=\"kt-adv-heading26073_adc979-60 wp-block-kadence-advancedheading\" data-kb-block=\"kb-adv-heading26073_adc979-60\"><a href=\"\/chambres-dhotes-2\/\">Chambres d&rsquo;hotes<\/a><\/h3>\n\n\n\n<p>Parfait pour les randonneurs, id\u00e9al pour des vacances en couple, famille, \u00e9tapes courtes ou longues, weekends ou petit s\u00e9jours en semaine.<\/p>\n<\/div><a href=\"https:\/\/matt.baume39.fr\/blm\/chambres-dhotes-2\/\" class=\"kb-section-link-overlay\"><\/a><\/div>\n\n\n\n\n\n<div class=\"wp-block-kadence-column kadence-column26073_535fcb-a8\"><div class=\"kt-inside-inner-col\">\n<figure class=\"wp-block-image\"><img decoding=\"async\" src=\"http:\/\/www.baumelesmessieurs.fr\/wp-content\/uploads\/r4-1.jpg\" alt=\" Gites\"\/><\/figure>\n<\/div><\/div>\n\n\n\n<div class=\"wp-block-kadence-column kadence-column26073_2efb24-a0 kb-section-has-link\"><div class=\"kt-inside-inner-col\">\n<h3 class=\"kt-adv-heading26073_abe970-28 wp-block-kadence-advancedheading\" data-kb-block=\"kb-adv-heading26073_abe970-28\"><a href=\"\/gites-a-baume\/\">Gites<\/a><\/h3>\n\n\n\n<p>D\u00e9couvrez le charme et le calme dans de nombreux gites \u00e0 Baume-les-Messieurs, souvent disponibles toute l\u2019ann\u00e9e.<\/p>\n<\/div><a href=\"https:\/\/matt.baume39.fr\/blm\/gites-a-baume\/\" class=\"kb-section-link-overlay\"><\/a><\/div>\n\n\n\n\n\n<div class=\"wp-block-kadence-column kadence-column26073_dcfab1-ee\"><div class=\"kt-inside-inner-col\">\n<figure class=\"wp-block-image\"><img decoding=\"async\" src=\"http:\/\/www.baumelesmessieurs.fr\/wp-content\/uploads\/r13.jpg\" alt=\"Restaurants\"\/><\/figure>\n<\/div><\/div>\n\n\n\n<div class=\"wp-block-kadence-column kadence-column26073_e8b7d4-86 kb-section-has-link\"><div class=\"kt-inside-inner-col\">\n<h3 class=\"kt-adv-heading26073_da7fb1-4d wp-block-kadence-advancedheading\" data-kb-block=\"kb-adv-heading26073_da7fb1-4d\"><a href=\"\/restaurants\/\">Restaurants<\/a><\/h3>\n\n\n\n<p>Fl\u00e2nez dans les ruelles de Baume et d\u00e9couvrez des <strong>restaurants et des caf\u00e9s<\/strong>\u00a0<\/p>\n<\/div><a href=\"https:\/\/matt.baume39.fr\/blm\/restaurants\/\" class=\"kb-section-link-overlay\"><\/a><\/div>\n\n\n\n\n<p><a href=\"http:\/\/www.baumelesmessieurs.fr\/chambres-dhotes-2\/\"><\/a><\/p>\n\n\n\n\n<div class=\"wp-block-kadence-column kadence-column26073_63a7dc-5a\"><div class=\"kt-inside-inner-col\">\n<figure class=\"wp-block-kadence-image kb-image26073_6b3371-a3 size-large kb-image-is-ratio-size\"><div class=\"kb-is-ratio-image kb-image-ratio-land31\"><img loading=\"lazy\" decoding=\"async\" width=\"1024\" height=\"396\" src=\"http:\/\/matt.baume39.fr\/blm\/wp-content\/uploads\/sites\/12\/2024\/03\/top-pic-2020-1024x396.jpg\" alt=\"\" class=\"kb-img wp-image-26206\" srcset=\"https:\/\/matt.baume39.fr\/blm\/wp-content\/uploads\/sites\/12\/2024\/03\/top-pic-2020-1024x396.jpg 1024w, https:\/\/matt.baume39.fr\/blm\/wp-content\/uploads\/sites\/12\/2024\/03\/top-pic-2020-300x116.jpg 300w, https:\/\/matt.baume39.fr\/blm\/wp-content\/uploads\/sites\/12\/2024\/03\/top-pic-2020-768x297.jpg 768w, https:\/\/matt.baume39.fr\/blm\/wp-content\/uploads\/sites\/12\/2024\/03\/top-pic-2020-500x193.jpg 500w, https:\/\/matt.baume39.fr\/blm\/wp-content\/uploads\/sites\/12\/2024\/03\/top-pic-2020-800x309.jpg 800w, https:\/\/matt.baume39.fr\/blm\/wp-content\/uploads\/sites\/12\/2024\/03\/top-pic-2020.jpg 1200w\" sizes=\"auto, (max-width: 1024px) 100vw, 1024px\" \/><\/div><\/figure>\n<\/div><\/div>\n\n\n\n\n<p><a href=\"http:\/\/www.baumelesmessieurs.fr\/restaurants\/\"><\/a><\/p>\n<\/div><\/div>\n\n\n\n\n\n<div class=\"wp-block-kadence-column kadence-column26073_5001fb-ce\"><div class=\"kt-inside-inner-col\"><\/div><\/div>\n\n\n\n","protected":false},"excerpt":{"rendered":"","protected":false},"author":3,"featured_media":0,"parent":0,"menu_order":0,"comment_status":"closed","ping_status":"closed","template":"","meta":{"_acf_changed":false,"_kad_post_transparent":"","_kad_post_title":"","_kad_post_layout":"right","_kad_post_sidebar_id":"","_kad_post_content_style":"unboxed","_kad_post_vertical_padding":"","_kad_post_feature":"","_kad_post_feature_position":"","_kad_post_header":false,"_kad_post_footer":false,"footnotes":""},"class_list":["post-26073","page","type-page","status-publish","hentry"],"acf":[],"_links":{"self":[{"href":"https:\/\/matt.baume39.fr\/blm\/wp-json\/wp\/v2\/pages\/26073","targetHints":{"allow":["GET"]}}],"collection":[{"href":"https:\/\/matt.baume39.fr\/blm\/wp-json\/wp\/v2\/pages"}],"about":[{"href":"https:\/\/matt.baume39.fr\/blm\/wp-json\/wp\/v2\/types\/page"}],"author":[{"embeddable":true,"href":"https:\/\/matt.baume39.fr\/blm\/wp-json\/wp\/v2\/users\/3"}],"replies":[{"embeddable":true,"href":"https:\/\/matt.baume39.fr\/blm\/wp-json\/wp\/v2\/comments?post=26073"}],"version-history":[{"count":24,"href":"https:\/\/matt.baume39.fr\/blm\/wp-json\/wp\/v2\/pages\/26073\/revisions"}],"predecessor-version":[{"id":26778,"href":"https:\/\/matt.baume39.fr\/blm\/wp-json\/wp\/v2\/pages\/26073\/revisions\/26778"}],"wp:attachment":[{"href":"https:\/\/matt.baume39.fr\/blm\/wp-json\/wp\/v2\/media?parent=26073"}],"curies":[{"name":"wp","href":"https:\/\/api.w.org\/{rel}","templated":true}]}}