{"id":26070,"date":"2024-03-19T14:28:58","date_gmt":"2024-03-19T13:28:58","guid":{"rendered":"https:\/\/www.baumelesmessieurs.fr\/2024\/?page_id=26070"},"modified":"2024-08-24T16:33:40","modified_gmt":"2024-08-24T15:33:40","slug":"les-grottes-de-baume","status":"publish","type":"page","link":"https:\/\/matt.baume39.fr\/blm\/les-grottes-de-baume\/","title":{"rendered":"Les Grottes de Baume"},"content":{"rendered":"\n\n<div class=\"wp-block-kadence-column kadence-column26070_d9b9ac-30\"><div class=\"kt-inside-inner-col\"><\/div><\/div>\n\n\n\n\n\n<div class=\"wp-block-kadence-column kadence-column26070_7bd44a-cc\"><div class=\"kt-inside-inner-col\">\n<h1 class=\"kt-adv-heading26070_51a0f5-de wp-block-kadence-advancedheading\" data-kb-block=\"kb-adv-heading26070_51a0f5-de\">Les Grottes de Baume : Parmi les plus spectaculaires en Europe<\/h1>\n\n\n\n\n<div class=\"wp-block-kadence-column kadence-column26070_19fd88-04\"><div class=\"kt-inside-inner-col\">\n<p class=\"has-text-align-center has-small-font-size\">I N F O S<\/p>\n\n\n\n<h1 class=\"kt-adv-heading26070_845aac-56 wp-block-kadence-advancedheading\" data-kb-block=\"kb-adv-heading26070_845aac-56\">Grottes <br>Ouverts<\/h1>\n\n\n\n<p class=\"has-text-align-center\"><\/p>\n<\/div><\/div>\n\n\n\n<div class=\"wp-block-kadence-column kadence-column26070_b01005-0b\"><div class=\"kt-inside-inner-col\">\n<ul class=\"wp-block-list\">\n<li class=\"has-medium-font-size\"><strong>Acc\u00e8s en Visites guid\u00e9es<\/strong><\/li>\n\n\n\n<li class=\"has-medium-font-size\">D\u2019avril \u00e0 septembre<\/li>\n\n\n\n<li class=\"has-medium-font-size\">Acc\u00e8s en visites guid\u00e9es uniquement&nbsp;<\/li>\n<\/ul>\n<\/div><\/div>\n\n\n\n<div class=\"wp-block-image\">\n<figure class=\"alignright\"><a href=\"https:\/\/www.facebook.com\/grottesBLM\"><img decoding=\"async\" src=\"http:\/\/www.baumelesmessieurs.fr\/wp-content\/uploads\/fb.jpg\" alt=\"\" class=\"wp-image-25311\"\/><\/a><\/figure>\n<\/div>\n\n\n<h2 class=\"wp-block-heading\"><strong>D\u00e9couvrez des formations g\u00e9ologiques \u00e9tonnantes<\/strong><\/h2>\n\n\n\n<ul class=\"wp-block-list\">\n<li><strong>1 km&nbsp;<\/strong>de&nbsp;<strong>galeries am\u00e9nag\u00e9es<\/strong>.<\/li>\n\n\n\n<li><strong>Acc\u00e8s en Visites guid\u00e9es uniquement<\/strong>, d\u2019avril \u00e0 septembre.<\/li>\n\n\n\n<li>Grand parking&nbsp;<strong>bus&nbsp;<\/strong>et&nbsp;<strong>voitures&nbsp;<\/strong>\u00e0 2 mn des grottes.<\/li>\n\n\n\n<li><strong>Boutique souvenirs<\/strong>, buvette, terrasse,&nbsp; abris<\/li>\n\n\n\n<li><strong>Espace vert<\/strong>&nbsp;pour les groupes d\u00e9sirant pique-niquer.<\/li>\n<\/ul>\n\n\n\n<p><strong>Renseignements : 03.84.48.23.02<\/strong><\/p>\n\n\n\n<p><strong>R\u00e9servations (GROUPES) : grottes-baumelesmessieurs@orange.fr<\/strong><\/p>\n\n\n\n<p><strong>R\u00e9servations&nbsp;<em>uniquement<\/em>&nbsp;pour les groupes de 15 personnes et plus.<\/strong><\/p>\n\n\n\n<h2 class=\"kt-adv-heading26070_34174c-68 wp-block-kadence-advancedheading\" data-kb-block=\"kb-adv-heading26070_34174c-68\"><strong>Les Grottes de Baume : Voyage au centre de la terre!<\/strong><\/h2>\n\n\n\n<p><\/p>\n\n\n\n<p><img decoding=\"async\" src=\"https:\/\/www.baumelesmessieurs.fr\/wp-content\/uploads\/gh7-1024x396.jpg\"><\/p>\n\n\n\n\n<div class=\"wp-block-kadence-column kadence-column26070_f4baf4-ca\"><div class=\"kt-inside-inner-col\">\n<h2 class=\"kt-adv-heading26070_98a18b-97 wp-block-kadence-advancedheading\" data-kb-block=\"kb-adv-heading26070_98a18b-97\"><strong>Tarifs<\/strong><\/h2>\n\n\n\n\n<div class=\"wp-block-kadence-column kadence-column26070_80c0af-2a\"><div class=\"kt-inside-inner-col\">\n<p>Adulte 10.00\u20ac \/ pers<br>Enfants 6\/12 ans 7.00\u20ac \/ pers<\/p>\n<\/div><\/div>\n\n\n\n<div class=\"wp-block-kadence-column kadence-column26070_c95237-57\"><div class=\"kt-inside-inner-col\">\n<p>Groupe adultes 8.50\u20ac \/ pers<br>Groupe enfants 5.00\u20ac \/ pers<\/p>\n<\/div><\/div>\n\n<\/div><\/div>\n\n\n\n\n<figure class=\"wp-block-kadence-image kb-image26070_db7d3c-46\"><img decoding=\"async\" src=\"http:\/\/www.baumelesmessieurs.fr\/wp-content\/uploads\/gh12.jpg\" alt=\"Les Grottes de Baume : Voyage au centre de la terre!\" class=\"kb-img\"\/><\/figure>\n\n\n\n<h2 class=\"kt-adv-heading26070_6f21ea-c1 wp-block-kadence-advancedheading\" data-kb-block=\"kb-adv-heading26070_6f21ea-c1\"><strong>Majestueux, myst\u00e9rieux, \u00e9tonnant et vivant !<\/strong><\/h2>\n\n\n\n<figure class=\"wp-block-kadence-image kb-image26070_c59d48-1b size-large\"><img loading=\"lazy\" decoding=\"async\" width=\"1024\" height=\"651\" src=\"http:\/\/matt.baume39.fr\/blm\/wp-content\/uploads\/sites\/12\/2024\/03\/g8-1024x651.jpg\" alt=\"\" class=\"kb-img wp-image-26178\" srcset=\"https:\/\/matt.baume39.fr\/blm\/wp-content\/uploads\/sites\/12\/2024\/03\/g8-1024x651.jpg 1024w, https:\/\/matt.baume39.fr\/blm\/wp-content\/uploads\/sites\/12\/2024\/03\/g8-300x191.jpg 300w, https:\/\/matt.baume39.fr\/blm\/wp-content\/uploads\/sites\/12\/2024\/03\/g8-768x488.jpg 768w, https:\/\/matt.baume39.fr\/blm\/wp-content\/uploads\/sites\/12\/2024\/03\/g8-500x318.jpg 500w, https:\/\/matt.baume39.fr\/blm\/wp-content\/uploads\/sites\/12\/2024\/03\/g8-800x508.jpg 800w, https:\/\/matt.baume39.fr\/blm\/wp-content\/uploads\/sites\/12\/2024\/03\/g8.jpg 1133w\" sizes=\"auto, (max-width: 1024px) 100vw, 1024px\" \/><\/figure>\n<\/div><\/div>\n\n\n\n<div class=\"wp-block-kadence-column kadence-column26070_0d1445-fc\"><div class=\"kt-inside-inner-col\">\n<h2 class=\"kt-adv-heading26070_20688a-53 wp-block-kadence-advancedheading\" data-kb-block=\"kb-adv-heading26070_20688a-53\">Venez d\u00e9couvrir la plus haute verticale souterraine du Jura<\/h2>\n\n\n\n<figure class=\"wp-block-image\"><img decoding=\"async\" src=\"http:\/\/www.baumelesmessieurs.fr\/wp-content\/uploads\/g8.jpg\" alt=\"\" class=\"wp-image-1645\"\/><\/figure>\n\n\n\n<h2 class=\"kt-adv-heading26070_4e2cfb-40 wp-block-kadence-advancedheading\" data-kb-block=\"kb-adv-heading26070_4e2cfb-40\"><strong>Horaires d\u2019ouverture du site des Grottes<\/strong><\/h2>\n\n\n\n<ul class=\"wp-block-list\">\n<li><strong>AVRIL :<\/strong>&nbsp;<strong>10h00<\/strong>\u2013<strong>12h30<\/strong>&nbsp;<strong>13h30<\/strong>\u2013<strong>17h00.<\/strong>&nbsp;D\u00e9parts visites guid\u00e9es :&nbsp;10h30 \/ 11h30 \/ 14h00 \/ 15h00 \/ 16h00<\/li>\n\n\n\n<li><strong>MAI \/ JUIN : 10h00-12h30 &nbsp;13h30-18h00.<\/strong>&nbsp;D\u00e9parts visites guid\u00e9es :&nbsp;10h30 \/ 11h30 \/ 14h00 \/ 15h00 \/ 16h00 \/ 17h00<\/li>\n\n\n\n<li><strong>JUILLET \/ AOUT :<\/strong>&nbsp;D\u00e9parts de&nbsp;10h30&nbsp;\u00e0&nbsp;18h&nbsp;(dernier d\u00e9part).<\/li>\n\n\n\n<li><strong>SEPTEMBRE :<\/strong>&nbsp;<strong>10h00-12h30 \/ 13h30-18h00.&nbsp;<\/strong>D\u00e9parts en visites guid\u00e9es :<\/li>\n\n\n\n<li><strong>Du 01\/09 au 24\/09 :<\/strong>&nbsp;&nbsp;10h30 \/ 11h30 \/ 14h00 \/ 15h00 \/ 16h00 \/ 17h00&nbsp;&nbsp; &nbsp;<\/li>\n\n\n\n<li><strong>Du 25\/09 au 01\/10 :&nbsp; &nbsp;&nbsp;<\/strong>10h30 \/ 11h30 \/ 14h00 \/ 15h30 \/ 17h00<\/li>\n<\/ul>\n\n\n\n<p><strong>Dur\u00e9e de la visite:<\/strong>&nbsp;1 heure env.<\/p>\n\n\n\n<p><strong>Temp\u00e9rature:<\/strong>&nbsp;11\u00b0C<\/p>\n\n\n<div class=\"wp-block-image\">\n<figure class=\"aligncenter size-large is-resized\"><img loading=\"lazy\" decoding=\"async\" width=\"1024\" height=\"512\" src=\"http:\/\/matt.baume39.fr\/blm\/wp-content\/uploads\/sites\/12\/2024\/03\/PICTOS-GROTTES-1024x512.png\" alt=\"\" class=\"wp-image-26174\" style=\"width:250px\" title=\"Les Grottes de Baume : Voyage au centre de la terre!\" srcset=\"https:\/\/matt.baume39.fr\/blm\/wp-content\/uploads\/sites\/12\/2024\/03\/PICTOS-GROTTES-1024x512.png 1024w, https:\/\/matt.baume39.fr\/blm\/wp-content\/uploads\/sites\/12\/2024\/03\/PICTOS-GROTTES-300x150.png 300w, https:\/\/matt.baume39.fr\/blm\/wp-content\/uploads\/sites\/12\/2024\/03\/PICTOS-GROTTES-768x384.png 768w, https:\/\/matt.baume39.fr\/blm\/wp-content\/uploads\/sites\/12\/2024\/03\/PICTOS-GROTTES-500x250.png 500w, https:\/\/matt.baume39.fr\/blm\/wp-content\/uploads\/sites\/12\/2024\/03\/PICTOS-GROTTES-800x400.png 800w, https:\/\/matt.baume39.fr\/blm\/wp-content\/uploads\/sites\/12\/2024\/03\/PICTOS-GROTTES.png 1200w\" sizes=\"auto, (max-width: 1024px) 100vw, 1024px\" \/><\/figure>\n<\/div>\n\n\n<h3 class=\"wp-block-heading\"><strong>NOUVEAUT\u00c9S 2024<\/strong><\/h3>\n\n\n\n<p>Apr\u00e8s 2 ans de travaux, le site des grottes se r\u00e9invente. <\/p>\n\n\n\n<p>Les travaux ont \u00e9t\u00e9 rendus possibles gr\u00e2ce \u00e0 la&nbsp;<strong>R\u00e9gion Bourgogne-Franche-Comt\u00e9.<\/strong><\/p>\n\n\n\n<figure class=\"wp-block-kadence-image kb-image26070_c1dd57-72 kb-image-is-ratio-size\"><div class=\"kb-is-ratio-image kb-image-ratio-land43\"><img decoding=\"async\" src=\"http:\/\/www.baumelesmessieurs.fr\/wp-content\/uploads\/Capture-decran-2023-04-04-120446-1-300x224.png\" alt=\"\" class=\"kb-img wp-image-25524\"\/><\/div><\/figure>\n\n\n\n<p>Nous sommes ravis de vous offrir une exp\u00e9rience de visite encore plus immersive! <\/p>\n\n\n\n<p>Cette nouvelle&nbsp;<strong>plateforme s\u00e9curis\u00e9e<\/strong>&nbsp;vous permettra de vous rapprocher au plus pr\u00e8s de la r\u00e9surgence des grottes et d\u2019attendre dans un cadre&nbsp;<strong>unique<\/strong>&nbsp;et&nbsp;<strong>paisible<\/strong>. <\/p>\n\n\n\n<p>La passerelle vous permettra \u00e9galement d\u2019avoir une vue imprenable sur le cirque !<\/p>\n\n\n<div class=\"wp-block-image\">\n<figure class=\"aligncenter is-resized\"><img decoding=\"async\" src=\"http:\/\/www.baumelesmessieurs.fr\/wp-content\/uploads\/RegBFC-Logo-Cartouche-edition-CMJN.jpg\" alt=\"\" class=\"wp-image-21757\" style=\"width:100px\"\/><\/figure>\n<\/div><\/div><\/div>\n\n\n\n","protected":false},"excerpt":{"rendered":"","protected":false},"author":3,"featured_media":0,"parent":0,"menu_order":0,"comment_status":"closed","ping_status":"closed","template":"","meta":{"_acf_changed":false,"_kad_post_transparent":"","_kad_post_title":"","_kad_post_layout":"","_kad_post_sidebar_id":"","_kad_post_content_style":"","_kad_post_vertical_padding":"","_kad_post_feature":"","_kad_post_feature_position":"","_kad_post_header":false,"_kad_post_footer":false,"footnotes":""},"class_list":["post-26070","page","type-page","status-publish","hentry"],"acf":[],"_links":{"self":[{"href":"https:\/\/matt.baume39.fr\/blm\/wp-json\/wp\/v2\/pages\/26070","targetHints":{"allow":["GET"]}}],"collection":[{"href":"https:\/\/matt.baume39.fr\/blm\/wp-json\/wp\/v2\/pages"}],"about":[{"href":"https:\/\/matt.baume39.fr\/blm\/wp-json\/wp\/v2\/types\/page"}],"author":[{"embeddable":true,"href":"https:\/\/matt.baume39.fr\/blm\/wp-json\/wp\/v2\/users\/3"}],"replies":[{"embeddable":true,"href":"https:\/\/matt.baume39.fr\/blm\/wp-json\/wp\/v2\/comments?post=26070"}],"version-history":[{"count":21,"href":"https:\/\/matt.baume39.fr\/blm\/wp-json\/wp\/v2\/pages\/26070\/revisions"}],"predecessor-version":[{"id":27411,"href":"https:\/\/matt.baume39.fr\/blm\/wp-json\/wp\/v2\/pages\/26070\/revisions\/27411"}],"wp:attachment":[{"href":"https:\/\/matt.baume39.fr\/blm\/wp-json\/wp\/v2\/media?parent=26070"}],"curies":[{"name":"wp","href":"https:\/\/api.w.org\/{rel}","templated":true}]}}