{"id":26065,"date":"2024-03-19T14:25:12","date_gmt":"2024-03-19T13:25:12","guid":{"rendered":"https:\/\/www.baumelesmessieurs.fr\/2024\/?page_id=26065"},"modified":"2024-08-27T07:47:44","modified_gmt":"2024-08-27T06:47:44","slug":"abbaye","status":"publish","type":"page","link":"https:\/\/matt.baume39.fr\/blm\/abbaye\/","title":{"rendered":"Abbaye"},"content":{"rendered":"\n\n<div class=\"wp-block-kadence-column kadence-column26065_0c4c98-2a\"><div class=\"kt-inside-inner-col\"><\/div><\/div>\n\n\n\n\n\n<div class=\"wp-block-kadence-column kadence-column26065_68171f-07\"><div class=\"kt-inside-inner-col\">\n<h2 class=\"kt-adv-heading26065_0fe16f-cb wp-block-kadence-advancedheading\" data-kb-block=\"kb-adv-heading26065_0fe16f-cb\">l\u2019Abbaye de Baume-les-Messieurs<\/h2>\n\n\n\n<p>L\u2019Abbaye Saint-Pierre de Baume-les-Messieurs est une ancienne abbaye b\u00e9n\u00e9dictine situ\u00e9e dans la r\u00e9gion de Franche-Comt\u00e9, sur le territoire de la commune de Baume-les-Messieurs, dans le d\u00e9partement du Jura.<\/p>\n\n\n\n\n<div class=\"wp-block-kadence-column kadence-column26065_ad1c11-c7\"><div class=\"kt-inside-inner-col\">\n<h2 class=\"kt-adv-heading26065_0901ad-81 wp-block-kadence-advancedheading\" data-kb-block=\"kb-adv-heading26065_0901ad-81\">BUREAU DE GUIDES<\/h2>\n\n\n\n<p>DANS LE CAS D\u2019UNE DEMANDE DE R\u00c9SERVATION DE GROUPE (+ de 15 personnes), ENVOYEZ NOUS UN MAIL \u00e0 abbaye@baumelesmessieurs.biz<\/p>\n\n\n\n<p>Pendant la basse saison, les horaires d\u2019ouverture du bureau des guides \u00e9voluent &amp; les visites guid\u00e9es sont interrompues. Pour rester inform\u00e9 des jours d\u2019ouverture, nous vous invitons \u00e0 suivre nos r\u00e9seaux sociaux (Facebook \u2013 Instagram).<\/p>\n\n\n\n<p><strong>L\u2019abbaye est quant \u00e0 elle ouverte toute l\u2019ann\u00e9e.<\/strong><\/p>\n<\/div><\/div>\n\n\n\n\n<figure class=\"wp-block-kadence-image kb-image26065_3f7da4-b3 size-full kb-image-is-ratio-size\"><div class=\"kb-is-ratio-image kb-image-ratio-land43\"><img loading=\"lazy\" decoding=\"async\" width=\"630\" height=\"420\" src=\"http:\/\/matt.baume39.fr\/blm\/wp-content\/uploads\/sites\/12\/2023\/09\/6.jpg\" alt=\"\" class=\"kb-img wp-image-26563\" srcset=\"https:\/\/matt.baume39.fr\/blm\/wp-content\/uploads\/sites\/12\/2023\/09\/6.jpg 630w, https:\/\/matt.baume39.fr\/blm\/wp-content\/uploads\/sites\/12\/2023\/09\/6-300x200.jpg 300w, https:\/\/matt.baume39.fr\/blm\/wp-content\/uploads\/sites\/12\/2023\/09\/6-500x333.jpg 500w\" sizes=\"auto, (max-width: 630px) 100vw, 630px\" \/><\/div><\/figure>\n\n\n\n<h2 class=\"wp-block-heading\">Visites guid\u00e9es&nbsp; (+\/- 1h) du 1er avril au 30 septembre et pendant les vacances de la Toussaint<\/h2>\n\n\n\n<ul class=\"wp-block-list\">\n<li>Pour les groupes: visites sur r\u00e9servation uniquement<\/li>\n\n\n\n<li>D\u00e9part: bureau des guides \u00e0 l\u2019entr\u00e9e de l\u2019abbaye<\/li>\n<\/ul>\n\n\n\n\n<div class=\"wp-block-kadence-column kadence-column26065_54d389-8f\"><div class=\"kt-inside-inner-col\">\n<p><strong>T\u00e9l : 03 84 44 99 28<\/strong><\/p>\n\n\n\n<p><strong>mail: abbaye@baumelesmessieurs.biz<\/strong><\/p>\n<\/div><\/div>\n\n\n\n<div class=\"wp-block-kadence-column kadence-column26065_61d220-38\"><div class=\"kt-inside-inner-col\">\n<figure class=\"wp-block-image\"><a href=\"https:\/\/web.archive.org\/web\/20240129115935\/https:\/\/www.facebook.com\/profile.php?id=100089041741099\"><img decoding=\"async\" src=\"https:\/\/web.archive.org\/web\/20240129115935im_\/http:\/\/www.baumelesmessieurs.fr\/wp-content\/uploads\/fb.jpg\" alt=\"\" class=\"wp-image-25311\"\/><\/a><\/figure>\n<\/div><\/div>\n\n\n\n<div class=\"wp-block-kadence-column kadence-column26065_aad432-7d\"><div class=\"kt-inside-inner-col\">\n<figure class=\"wp-block-image is-resized\"><a href=\"https:\/\/web.archive.org\/web\/20240129115935\/https:\/\/www.instagram.com\/abbayebaume_officiel\/?hl=fr\"><img decoding=\"async\" src=\"https:\/\/web.archive.org\/web\/20240129115935im_\/http:\/\/www.baumelesmessieurs.fr\/wp-content\/uploads\/instagram-new-flat.png\" alt=\"\" class=\"wp-image-25473\" style=\"aspect-ratio:1;object-fit:cover;width:100px\"\/><\/a><\/figure>\n<\/div><\/div>\n\n<\/div><\/div>\n\n\n\n<div class=\"wp-block-kadence-column kadence-column26065_d8b846-db\"><div class=\"kt-inside-inner-col\">\n<h3 class=\"wp-block-heading\">Ouverture du bureau des guides&nbsp;<\/h3>\n\n\n\n<h3 class=\"wp-block-heading\">Du lundi au vendredi :<\/h3>\n\n\n\n<h4 class=\"wp-block-heading\">10h00 \u2013 12h30 \/ 13h45 \u2013 17h00<\/h4>\n\n\n\n<p><strong>Visites guid\u00e9es de l\u2019abbaye \u2013&nbsp;<\/strong><strong>45\/60 minutes&nbsp;<\/strong><\/p>\n\n\n\n<p><strong>D\u00e9couvrez un lieu unique charg\u00e9 d\u2019histoire.<\/strong><\/p>\n\n\n\n<p><strong>La visite comprend l\u2019acc\u00e8s :<\/strong><\/p>\n\n\n\n<ul class=\"wp-block-list\">\n<li>aux&nbsp;<a href=\"http:\/\/www.baumelesmessieurs.fr\/abbaye-plan-3-cours\/\"><u><strong>3 cours<\/strong><\/u><\/a>&nbsp;de l\u2019abbaye<\/li>\n\n\n\n<li>\u00e0&nbsp;<strong><u><a href=\"http:\/\/www.baumelesmessieurs.fr\/abbaye-plan\/\">l\u2019Eglise abbatiale<\/a><\/u><\/strong>&nbsp;<\/li>\n\n\n\n<li>au retable flamand&nbsp;<\/li>\n\n\n\n<li>\u00e0 la chapelle des tombeaux<\/li>\n<\/ul>\n\n\n\n<figure class=\"wp-block-image\"><img decoding=\"async\" src=\"http:\/\/www.baumelesmessieurs.fr\/wp-content\/uploads\/r16abb.jpg\" alt=\"\" class=\"wp-image-1624\"\/><\/figure>\n\n\n\n<h3 class=\"wp-block-heading\">Audio Guide disponible<\/h3>\n\n\n\n<ul class=\"wp-block-list\">\n<li>Fran\u00e7ais<\/li>\n\n\n\n<li>Anglais<\/li>\n\n\n\n<li>Allemand<\/li>\n\n\n\n<li>N\u00e9erlandais<\/li>\n<\/ul>\n\n\n\n<p><strong>Tarif<\/strong>&nbsp;: 6 euros<\/p>\n\n\n\n<h3 class=\"wp-block-heading\">Tarifs<\/h3>\n\n\n\n<ul class=\"wp-block-list\">\n<li>Adulte 8.00 \u20ac \/ pers.<\/li>\n\n\n\n<li>Enfant de 6 \u00e0 12 ans 4.00 \u20ac \/ pers.<\/li>\n\n\n\n<li>Groupe adultes 7.00 \u20ac \/ pers.<\/li>\n\n\n\n<li>Groupe enfants 6 \u00e0 12 ans (minimum de 15 personnes) 3.50 \u20ac \/ pers.<\/li>\n<\/ul>\n<\/div><\/div>\n\n","protected":false},"excerpt":{"rendered":"","protected":false},"author":3,"featured_media":0,"parent":0,"menu_order":0,"comment_status":"closed","ping_status":"closed","template":"","meta":{"_acf_changed":false,"_kad_post_transparent":"","_kad_post_title":"","_kad_post_layout":"","_kad_post_sidebar_id":"","_kad_post_content_style":"","_kad_post_vertical_padding":"","_kad_post_feature":"","_kad_post_feature_position":"","_kad_post_header":false,"_kad_post_footer":false,"footnotes":""},"class_list":["post-26065","page","type-page","status-publish","hentry"],"acf":[],"_links":{"self":[{"href":"https:\/\/matt.baume39.fr\/blm\/wp-json\/wp\/v2\/pages\/26065","targetHints":{"allow":["GET"]}}],"collection":[{"href":"https:\/\/matt.baume39.fr\/blm\/wp-json\/wp\/v2\/pages"}],"about":[{"href":"https:\/\/matt.baume39.fr\/blm\/wp-json\/wp\/v2\/types\/page"}],"author":[{"embeddable":true,"href":"https:\/\/matt.baume39.fr\/blm\/wp-json\/wp\/v2\/users\/3"}],"replies":[{"embeddable":true,"href":"https:\/\/matt.baume39.fr\/blm\/wp-json\/wp\/v2\/comments?post=26065"}],"version-history":[{"count":14,"href":"https:\/\/matt.baume39.fr\/blm\/wp-json\/wp\/v2\/pages\/26065\/revisions"}],"predecessor-version":[{"id":27589,"href":"https:\/\/matt.baume39.fr\/blm\/wp-json\/wp\/v2\/pages\/26065\/revisions\/27589"}],"wp:attachment":[{"href":"https:\/\/matt.baume39.fr\/blm\/wp-json\/wp\/v2\/media?parent=26065"}],"curies":[{"name":"wp","href":"https:\/\/api.w.org\/{rel}","templated":true}]}}