{"id":25861,"date":"2023-09-05T10:18:33","date_gmt":"2023-09-05T09:18:33","guid":{"rendered":"http:\/\/www.baumelesmessieurs.fr\/?page_id=25861"},"modified":"2024-08-25T07:52:16","modified_gmt":"2024-08-25T06:52:16","slug":"informations-municipales","status":"publish","type":"page","link":"https:\/\/matt.baume39.fr\/blm\/informations-municipales\/","title":{"rendered":"Informations municipales"},"content":{"rendered":"\n<h1 class=\"kt-adv-heading25861_8545b8-4c wp-block-kadence-advancedheading\" data-kb-block=\"kb-adv-heading25861_8545b8-4c\">Informations municipales<\/h1>\n\n\n\n\n<div class=\"wp-block-kadence-column kadence-column25861_f7bd09-27\"><div class=\"kt-inside-inner-col\"><\/div><\/div>\n\n\n\n\n<p><a href=\"http:\/\/www.baumelesmessieurs.fr\/wp-content\/uploads\/Affiche-Centre-de-contact-extension.pdf\" target=\"_blank\" rel=\"noopener\">DDFIP : Centre de contact des amendes \/ coordonn\u00e9es<\/a><\/p>\n\n\n\n<p><a href=\"http:\/\/www.baumelesmessieurs.fr\/wp-content\/uploads\/Vente-de-bois-de-chauffage-08-01-2024.pdf\" target=\"_blank\" rel=\"noopener\">Vente de bois de chauffage<\/a><\/p>\n\n\n\n<p><a href=\"http:\/\/www.baumelesmessieurs.fr\/wp-content\/uploads\/20240122164939.pdf\" target=\"_blank\" rel=\"noopener\">Avis d&rsquo;enqu\u00eate publique inter pr\u00e9fectoral : programme pluriannuel d&rsquo;entretien des cours d&rsquo;eau du bassin versant de la Seille<\/a><\/p>\n","protected":false},"excerpt":{"rendered":"<p>DDFIP : Centre de contact des amendes \/ coordonn\u00e9es Vente de bois de chauffage Avis d&rsquo;enqu\u00eate publique inter pr\u00e9fectoral : programme pluriannuel d&rsquo;entretien des cours d&rsquo;eau du bassin versant de la Seille<\/p>\n","protected":false},"author":3,"featured_media":0,"parent":0,"menu_order":0,"comment_status":"closed","ping_status":"closed","template":"","meta":{"_acf_changed":false,"_kad_post_transparent":"","_kad_post_title":"","_kad_post_layout":"right","_kad_post_sidebar_id":"","_kad_post_content_style":"","_kad_post_vertical_padding":"","_kad_post_feature":"","_kad_post_feature_position":"","_kad_post_header":false,"_kad_post_footer":false,"footnotes":""},"class_list":["post-25861","page","type-page","status-publish","hentry"],"acf":[],"_links":{"self":[{"href":"https:\/\/matt.baume39.fr\/blm\/wp-json\/wp\/v2\/pages\/25861","targetHints":{"allow":["GET"]}}],"collection":[{"href":"https:\/\/matt.baume39.fr\/blm\/wp-json\/wp\/v2\/pages"}],"about":[{"href":"https:\/\/matt.baume39.fr\/blm\/wp-json\/wp\/v2\/types\/page"}],"author":[{"embeddable":true,"href":"https:\/\/matt.baume39.fr\/blm\/wp-json\/wp\/v2\/users\/3"}],"replies":[{"embeddable":true,"href":"https:\/\/matt.baume39.fr\/blm\/wp-json\/wp\/v2\/comments?post=25861"}],"version-history":[{"count":6,"href":"https:\/\/matt.baume39.fr\/blm\/wp-json\/wp\/v2\/pages\/25861\/revisions"}],"predecessor-version":[{"id":27426,"href":"https:\/\/matt.baume39.fr\/blm\/wp-json\/wp\/v2\/pages\/25861\/revisions\/27426"}],"wp:attachment":[{"href":"https:\/\/matt.baume39.fr\/blm\/wp-json\/wp\/v2\/media?parent=25861"}],"curies":[{"name":"wp","href":"https:\/\/api.w.org\/{rel}","templated":true}]}}