{"id":22901,"date":"2022-06-27T06:43:50","date_gmt":"2022-06-27T05:43:50","guid":{"rendered":"http:\/\/www.baumelesmessieurs.fr\/bienvenue-a-baume-les-messieurs-jura-39-france-copy\/"},"modified":"2025-01-09T04:31:32","modified_gmt":"2025-01-09T04:31:32","slug":"bienvenue-a-baume-les-messieurs-jura","status":"publish","type":"page","link":"https:\/\/matt.baume39.fr\/blm\/","title":{"rendered":"Bienvenue \u00e0 Baume-les-Messieurs, Jura (39), France"},"content":{"rendered":"\n\n<div class=\"wp-block-kadence-column kadence-column22901_b9ee54-d6\"><div class=\"kt-inside-inner-col\">\n<div class=\"wp-block-nk-awb nk-awb alignfull\" style=\"border-radius:46px;padding-top:0;padding-right:0;padding-bottom:0;padding-left:0\"><div class=\"nk-awb-wrap\" data-awb-type=\"yt_vm_video\" data-awb-video=\"https:\/\/youtu.be\/22iYIOuShk0\" data-awb-video-start-time=\"20\" data-awb-video-end-time=\"120\" data-awb-video-mobile=\"true\" data-awb-image-background-size=\"cover\" data-awb-image-background-position=\"50% 50%\"><div class=\"nk-awb-inner\"><img loading=\"lazy\" decoding=\"async\" src=\"https:\/\/matt.baume39.fr\/blm\/wp-content\/uploads\/sites\/12\/2024\/03\/IMG_7968.jpg\" class=\"wp-image-26891 jarallax-img\" width=\"1600\" height=\"644\" srcset=\"https:\/\/matt.baume39.fr\/blm\/wp-content\/uploads\/sites\/12\/2024\/03\/IMG_7968.jpg 1600w, https:\/\/matt.baume39.fr\/blm\/wp-content\/uploads\/sites\/12\/2024\/03\/IMG_7968-300x121.jpg 300w, https:\/\/matt.baume39.fr\/blm\/wp-content\/uploads\/sites\/12\/2024\/03\/IMG_7968-1024x412.jpg 1024w, https:\/\/matt.baume39.fr\/blm\/wp-content\/uploads\/sites\/12\/2024\/03\/IMG_7968-768x309.jpg 768w, https:\/\/matt.baume39.fr\/blm\/wp-content\/uploads\/sites\/12\/2024\/03\/IMG_7968-1536x618.jpg 1536w, https:\/\/matt.baume39.fr\/blm\/wp-content\/uploads\/sites\/12\/2024\/03\/IMG_7968-500x201.jpg 500w, https:\/\/matt.baume39.fr\/blm\/wp-content\/uploads\/sites\/12\/2024\/03\/IMG_7968-800x322.jpg 800w, https:\/\/matt.baume39.fr\/blm\/wp-content\/uploads\/sites\/12\/2024\/03\/IMG_7968-1280x515.jpg 1280w\" sizes=\"auto, (max-width: 1600px) 100vw, 1600px\" \/><\/div><\/div><div class=\"nk-awb-wrap-content is-layout-constrained wp-container-nk-awb-is-layout-c6b4b7cd wp-block-nk-awb-is-layout-constrained\">\n\n<div class=\"wp-block-kadence-column kadence-column22901_ebd3c5-61\"><div class=\"kt-inside-inner-col\">\n<h2 class=\"kt-adv-heading22901_98d9b0-8c wp-block-kadence-advancedheading\" data-kb-block=\"kb-adv-heading22901_98d9b0-8c\"><a href=\"http:\/\/www.baumelesmessieurs.fr\/abbaye-de-baume-les-messieurs\/\">Abbaye<\/a><\/h2>\n\n\n\n<h2 class=\"kt-adv-heading22901_6ae66a-29 wp-block-kadence-advancedheading\" data-kb-block=\"kb-adv-heading22901_6ae66a-29\"><a href=\"http:\/\/www.baumelesmessieurs.fr\/les-grottes-de-baume\/\">Grottes<\/a><\/h2>\n\n\n\n<h2 class=\"kt-adv-heading22901_8d1990-e1 wp-block-kadence-advancedheading\" data-kb-block=\"kb-adv-heading22901_8d1990-e1\"><a href=\"http:\/\/www.baumelesmessieurs.fr\/camping-de-la-toupe\/\">Camping<\/a><\/h2>\n\n\n\n<h2 class=\"kt-adv-heading22901_955b1b-af wp-block-kadence-advancedheading\" data-kb-block=\"kb-adv-heading22901_955b1b-af\"><a href=\"http:\/\/www.baumelesmessieurs.fr\/le-cirque-de-baume-classe-3-et-natura-2000\/\">Recul\u00e9e<\/a><\/h2>\n\n\n\n<h2 class=\"kt-adv-heading22901_0cd123-9c wp-block-kadence-advancedheading\" data-kb-block=\"kb-adv-heading22901_0cd123-9c\"><a href=\"http:\/\/www.baumelesmessieurs.fr\/les-cascades\/\">Cascades<\/a><\/h2>\n<\/div><\/div>\n\n\n\n<div class=\"wp-block-kadence-column kadence-column22901_ffa171-d2\"><div class=\"kt-inside-inner-col\"><\/div><\/div>\n\n<\/div><\/div>\n<\/div><\/div>\n\n\n\n\n\n<div class=\"wp-block-kadence-column kadence-column22901_eb3e2f-99\"><div class=\"kt-inside-inner-col\"><\/div><\/div>\n\n\n\n<div class=\"wp-block-kadence-column kadence-column22901_803f82-21\"><div class=\"kt-inside-inner-col\">\n<div class=\"wp-block-kadence-column kadence-column22901_cd9c20-b9 inner-column-2\"><div class=\"kt-inside-inner-col\">\n\n<div class=\"wp-block-kadence-column kadence-column22901_83a28e-b8 inner-column-1\"><div class=\"kt-inside-inner-col\">\n<figure class=\"wp-block-kadence-image kb-image22901_df0b30-cc size-large kb-image-is-ratio-size\"><div class=\"kb-is-ratio-image kb-image-ratio-square\"><img loading=\"lazy\" decoding=\"async\" width=\"1024\" height=\"409\" src=\"http:\/\/matt.baume39.fr\/blm\/wp-content\/uploads\/sites\/12\/2024\/12\/IMG_8235-1024x409.jpg\" alt=\"\" class=\"kb-img wp-image-27900\" srcset=\"https:\/\/matt.baume39.fr\/blm\/wp-content\/uploads\/sites\/12\/2024\/12\/IMG_8235-1024x409.jpg 1024w, https:\/\/matt.baume39.fr\/blm\/wp-content\/uploads\/sites\/12\/2024\/12\/IMG_8235-300x120.jpg 300w, https:\/\/matt.baume39.fr\/blm\/wp-content\/uploads\/sites\/12\/2024\/12\/IMG_8235-768x307.jpg 768w, https:\/\/matt.baume39.fr\/blm\/wp-content\/uploads\/sites\/12\/2024\/12\/IMG_8235-1536x613.jpg 1536w, https:\/\/matt.baume39.fr\/blm\/wp-content\/uploads\/sites\/12\/2024\/12\/IMG_8235-500x200.jpg 500w, https:\/\/matt.baume39.fr\/blm\/wp-content\/uploads\/sites\/12\/2024\/12\/IMG_8235-800x320.jpg 800w, https:\/\/matt.baume39.fr\/blm\/wp-content\/uploads\/sites\/12\/2024\/12\/IMG_8235-1280x511.jpg 1280w, https:\/\/matt.baume39.fr\/blm\/wp-content\/uploads\/sites\/12\/2024\/12\/IMG_8235.jpg 1600w\" sizes=\"auto, (max-width: 1024px) 100vw, 1024px\" \/><\/div><\/figure>\n<\/div><\/div>\n\n\n\n<div class=\"wp-block-kadence-column kadence-column22901_d80469-b6 inner-column-2\"><div class=\"kt-inside-inner-col\">\n<ul class=\"wp-block-list has-medium-font-size\">\n<li>Site class\u00e9 ***<\/li>\n\n\n\n<li>Plus Beau Village de France<\/li>\n\n\n\n<li>Village pr\u00e9f\u00e9r\u00e9 des&nbsp;Fran\u00e7ais<\/li>\n\n\n\n<li>Site clunisien<\/li>\n\n\n\n<li>Natura 2000<\/li>\n<\/ul>\n<\/div><\/div>\n\n<\/div><\/div>\n<\/div><\/div>\n\n\n\n\n<h2 class=\"kt-adv-heading22901_aa934e-8c wp-block-kadence-advancedheading\" data-kb-block=\"kb-adv-heading22901_aa934e-8c\">Baume-les-Messieurs Jura\u00a0(39), France<\/h2>\n\n\n\n\n<div class=\"wp-block-kadence-column kadence-column22901_1bd59f-0e\"><div class=\"kt-inside-inner-col\">\n<figure class=\"wp-block-kadence-image kb-image22901_b70382-b6 size-1536x1536 kb-image-is-ratio-size\"><div class=\"kb-is-ratio-image kb-image-ratio-land43\"><img loading=\"lazy\" decoding=\"async\" width=\"1536\" height=\"618\" src=\"https:\/\/matt.baume39.fr\/blm\/wp-content\/uploads\/sites\/12\/2024\/03\/IMG_7968-1536x618.jpg\" alt=\"\" class=\"kb-img wp-image-26891\" srcset=\"https:\/\/matt.baume39.fr\/blm\/wp-content\/uploads\/sites\/12\/2024\/03\/IMG_7968-1536x618.jpg 1536w, https:\/\/matt.baume39.fr\/blm\/wp-content\/uploads\/sites\/12\/2024\/03\/IMG_7968-300x121.jpg 300w, https:\/\/matt.baume39.fr\/blm\/wp-content\/uploads\/sites\/12\/2024\/03\/IMG_7968-1024x412.jpg 1024w, https:\/\/matt.baume39.fr\/blm\/wp-content\/uploads\/sites\/12\/2024\/03\/IMG_7968-768x309.jpg 768w, https:\/\/matt.baume39.fr\/blm\/wp-content\/uploads\/sites\/12\/2024\/03\/IMG_7968-500x201.jpg 500w, https:\/\/matt.baume39.fr\/blm\/wp-content\/uploads\/sites\/12\/2024\/03\/IMG_7968-800x322.jpg 800w, https:\/\/matt.baume39.fr\/blm\/wp-content\/uploads\/sites\/12\/2024\/03\/IMG_7968-1280x515.jpg 1280w, https:\/\/matt.baume39.fr\/blm\/wp-content\/uploads\/sites\/12\/2024\/03\/IMG_7968.jpg 1600w\" sizes=\"auto, (max-width: 1536px) 100vw, 1536px\" \/><\/div><\/figure>\n<\/div><\/div>\n\n\n\n<div class=\"wp-block-kadence-column kadence-column22901_011f75-71\"><div class=\"kt-inside-inner-col\">\n<h2 class=\"kt-adv-heading22901_ffa976-c9 wp-block-kadence-advancedheading\" data-kb-block=\"kb-adv-heading22901_ffa976-c9\"><strong>Abbaye et grottes au c\u0153ur d\u2019une des plus belles recul\u00e9es du Jura<\/strong><\/h2>\n\n\n\n<p><strong>Baume-les-Messieurs se trouve dans le d\u00e9partement du Jura (39), entre Dijon, Lyon et Gen\u00e8ve, 20 mn de l\u2019A39, sortie Lons-le-Saunier.&nbsp;<\/strong><\/p>\n\n\n\n<p>Domin\u00e9 par de vertigineuses falaises, le village de Baume-les-Messieurs fait partie des plus beaux villages de France. <\/p>\n\n\n\n<p>Ce site naturel pr\u00e9serv\u00e9 invite \u00e0 la d\u00e9couverte, \u00e0 la relaxation et \u00e0 la m\u00e9ditation. Activit\u00e9s, h\u00e9bergements et restauration toute l&rsquo;ann\u00e9e.&nbsp;<\/p>\n<\/div><\/div>\n\n\n\n\n\n<div class=\"wp-block-kadence-column kadence-column22901_177c8a-0c\"><div class=\"kt-inside-inner-col\">\n<figure class=\"wp-block-kadence-image kb-image22901_1f255d-8e size-large kb-image-is-ratio-size\"><a href=\"https:\/\/matt.baume39.fr\/blm\/abbaye\/\" class=\"kb-advanced-image-link\"><div class=\"kb-is-ratio-image kb-image-ratio-square\"><img loading=\"lazy\" decoding=\"async\" width=\"1024\" height=\"396\" src=\"http:\/\/matt.baume39.fr\/blm\/wp-content\/uploads\/sites\/12\/2024\/03\/n9abbaye-1024x396.jpg\" alt=\"\" class=\"kb-img wp-image-26233\" srcset=\"https:\/\/matt.baume39.fr\/blm\/wp-content\/uploads\/sites\/12\/2024\/03\/n9abbaye-1024x396.jpg 1024w, https:\/\/matt.baume39.fr\/blm\/wp-content\/uploads\/sites\/12\/2024\/03\/n9abbaye-300x116.jpg 300w, https:\/\/matt.baume39.fr\/blm\/wp-content\/uploads\/sites\/12\/2024\/03\/n9abbaye-768x297.jpg 768w, https:\/\/matt.baume39.fr\/blm\/wp-content\/uploads\/sites\/12\/2024\/03\/n9abbaye-500x193.jpg 500w, https:\/\/matt.baume39.fr\/blm\/wp-content\/uploads\/sites\/12\/2024\/03\/n9abbaye-800x309.jpg 800w, https:\/\/matt.baume39.fr\/blm\/wp-content\/uploads\/sites\/12\/2024\/03\/n9abbaye.jpg 1200w\" sizes=\"auto, (max-width: 1024px) 100vw, 1024px\" \/><\/div><\/a><\/figure>\n\n\n\n<div class=\"wp-block-kadence-advancedbtn kb-buttons-wrap kb-btns22901_d63ba2-8a\"><\/div>\n\n\n\n<p class=\"has-text-align-center\"><strong>Visites guid\u00e9es<\/strong> du 1er avril au 30 septembre et durant les vacances scolaires<\/p>\n<\/div><\/div>\n\n\n\n<div class=\"wp-block-kadence-column kadence-column22901_74d43c-42\"><div class=\"kt-inside-inner-col\">\n<figure class=\"wp-block-kadence-image kb-image22901_c49360-3d size-full kb-image-is-ratio-size\"><a href=\"https:\/\/matt.baume39.fr\/blm\/les-grottes-de-baume\/\" class=\"kb-advanced-image-link\"><div class=\"kb-is-ratio-image kb-image-ratio-square\"><img loading=\"lazy\" decoding=\"async\" width=\"1133\" height=\"720\" src=\"http:\/\/matt.baume39.fr\/blm\/wp-content\/uploads\/sites\/12\/2024\/08\/g6.jpg\" alt=\"\" class=\"kb-img wp-image-27677\"\/><\/div><\/a><\/figure>\n\n\n\n<div class=\"wp-block-kadence-advancedbtn kb-buttons-wrap kb-btns22901_2285e2-2e\"><\/div>\n\n\n\n<p class=\"has-text-align-center\">Parmi les plus spectaculaires en Europe. <br><strong>Visites guid\u00e9es<\/strong><\/p>\n<\/div><\/div>\n\n\n\n<div class=\"wp-block-kadence-column kadence-column22901_db0419-81\"><div class=\"kt-inside-inner-col\">\n<figure class=\"wp-block-kadence-image kb-image22901_8bd174-d2 size-full kb-image-is-ratio-size\"><a href=\"https:\/\/matt.baume39.fr\/blm\/camping-de-la-toupe\/\" class=\"kb-advanced-image-link\"><div class=\"kb-is-ratio-image kb-image-ratio-square\"><img loading=\"lazy\" decoding=\"async\" width=\"400\" height=\"400\" src=\"https:\/\/matt.baume39.fr\/blm\/wp-content\/uploads\/sites\/12\/2024\/12\/camping2.jpg\" alt=\"\" class=\"kb-img wp-image-27891\" srcset=\"https:\/\/matt.baume39.fr\/blm\/wp-content\/uploads\/sites\/12\/2024\/12\/camping2.jpg 400w, https:\/\/matt.baume39.fr\/blm\/wp-content\/uploads\/sites\/12\/2024\/12\/camping2-300x300.jpg 300w, https:\/\/matt.baume39.fr\/blm\/wp-content\/uploads\/sites\/12\/2024\/12\/camping2-150x150.jpg 150w\" sizes=\"auto, (max-width: 400px) 100vw, 400px\" \/><\/div><\/a><\/figure>\n\n\n\n<div class=\"wp-block-kadence-advancedbtn kb-buttons-wrap kb-btns22901_7f3e80-49\"><\/div>\n\n\n\n<p class=\"has-text-align-center\">Charme et calme en bordure d\u2019une petite rivi\u00e8re. Ouvert d&rsquo;avril \u00e0 octobre<\/p>\n<\/div><\/div>\n\n\n\n<div class=\"wp-block-kadence-column kadence-column22901_a16068-86\"><div class=\"kt-inside-inner-col\">\n<div class=\"wp-block-kadence-column kadence-column22901_7f7112-d3\"><div class=\"kt-inside-inner-col\">\n<figure class=\"wp-block-kadence-image kb-image22901_0515bc-40 size-full kb-image-is-ratio-size\"><a href=\"https:\/\/matt.baume39.fr\/blm\/evasuon\/\" class=\"kb-advanced-image-link\"><div class=\"kb-is-ratio-image kb-image-ratio-square\"><img loading=\"lazy\" decoding=\"async\" width=\"624\" height=\"624\" src=\"http:\/\/matt.baume39.fr\/blm\/wp-content\/uploads\/sites\/12\/2024\/08\/cas1.jpg\" alt=\"\" class=\"kb-img wp-image-27501\" srcset=\"https:\/\/matt.baume39.fr\/blm\/wp-content\/uploads\/sites\/12\/2024\/08\/cas1.jpg 624w, https:\/\/matt.baume39.fr\/blm\/wp-content\/uploads\/sites\/12\/2024\/08\/cas1-300x300.jpg 300w, https:\/\/matt.baume39.fr\/blm\/wp-content\/uploads\/sites\/12\/2024\/08\/cas1-150x150.jpg 150w, https:\/\/matt.baume39.fr\/blm\/wp-content\/uploads\/sites\/12\/2024\/08\/cas1-500x500.jpg 500w\" sizes=\"auto, (max-width: 624px) 100vw, 624px\" \/><\/div><\/a><\/figure>\n\n\n\n<div class=\"wp-block-kadence-advancedbtn kb-buttons-wrap kb-btns22901_04d860-80\"><\/div>\n\n\n\n<p class=\"has-text-align-center\">Decouvrir et appr\u00e9cier <br>un paysage<br>spectaculaire<\/p>\n<\/div><\/div>\n<\/div><\/div>\n\n\n\n\n\n<div class=\"wp-block-kadence-column kadence-column22901_60a902-eb\"><div class=\"kt-inside-inner-col\">\n<h2 class=\"kt-adv-heading22901_c2e948-28 wp-block-kadence-advancedheading\" data-kb-block=\"kb-adv-heading22901_c2e948-28\"><strong>\u00c0 ne pas manquer<\/strong><\/h2>\n\n\n\n<h2 class=\"kt-adv-heading22901_809c24-4e wp-block-kadence-advancedheading\" data-kb-block=\"kb-adv-heading22901_809c24-4e\">Le Retable flamand &#8211; Une&nbsp;<strong>visite guid\u00e9e<\/strong>&nbsp;captivante<\/h2>\n\n\n\n<p class=\"has-medium-font-size\">R\u00e9cemment restaur\u00e9 par le Centre R\u00e9gional de Restauration et de Conservation des \u0152uvres d&rsquo;Art (CRRCOA) de Vesoul, <strong>le retable de l&rsquo;abbaye de Baume<\/strong> rayonne \u00e0 pr\u00e9sent dans sa splendeur originelle.<\/p>\n\n\n\n\n<div class=\"wp-block-kadence-column kadence-column22901_5b0302-81\"><div class=\"kt-inside-inner-col\">\n<p><strong>Visites guid\u00e9es du 1er avril au 30 septembre<br><\/strong>Les visiteurs ont la libert\u00e9 d&rsquo;explorer l&rsquo;abbaye \u00e0 leur rythme, avec la possibilit\u00e9 de contempler le retable \u00e0 distance ou de plonger dans une <strong>visite guid\u00e9e<\/strong> captivante qui offre un acc\u00e8s rapproch\u00e9 \u00e0 cette \u0153uvre remarquable.<\/p>\n<\/div><\/div>\n\n<\/div><\/div>\n\n\n\n<div class=\"wp-block-kadence-column kadence-column22901_83f75e-b8\"><div class=\"kt-inside-inner-col\">\n<figure class=\"wp-block-kadence-image kb-image22901_6f5822-c1 size-1536x1536 kb-image-is-ratio-size\"><div class=\"kb-is-ratio-image kb-image-ratio-land32\"><img decoding=\"async\" src=\"http:\/\/www.baumelesmessieurs.fr\/wp-content\/uploads\/retable-1.jpg\" alt=\"\" class=\"kb-img\"\/><\/div><\/figure>\n<\/div><\/div>\n\n\n\n\n\n<div class=\"wp-block-kadence-column kadence-column22901_6111a8-04\"><div class=\"kt-inside-inner-col\">\n<div class=\"wp-block-kadence-column kadence-column22901_f0079a-80\"><div class=\"kt-inside-inner-col\"><\/div><\/div>\n<\/div><\/div>\n\n\n\n\n\n<div class=\"wp-block-kadence-column kadence-column22901_f790f0-bf\"><div class=\"kt-inside-inner-col\">\n<p class=\"has-text-align-center\"><strong>Passeport grottes et abbaye <\/strong><\/p>\n\n\n\n<div class=\"wp-block-kadence-image kb-image22901_e1bb79-72\"><figure class=\"aligncenter size-full kb-image-is-ratio-size\"><a href=\"https:\/\/matt.baume39.fr\/blm\/passeport\/\" class=\"kb-advanced-image-link\"><div class=\"kb-is-ratio-image kb-image-ratio-square\"><img loading=\"lazy\" decoding=\"async\" width=\"400\" height=\"400\" src=\"http:\/\/matt.baume39.fr\/blm\/wp-content\/uploads\/sites\/12\/2024\/03\/circles-copy-1.png\" alt=\"\" class=\"kb-img wp-image-26598\" srcset=\"https:\/\/matt.baume39.fr\/blm\/wp-content\/uploads\/sites\/12\/2024\/03\/circles-copy-1.png 400w, https:\/\/matt.baume39.fr\/blm\/wp-content\/uploads\/sites\/12\/2024\/03\/circles-copy-1-300x300.png 300w, https:\/\/matt.baume39.fr\/blm\/wp-content\/uploads\/sites\/12\/2024\/03\/circles-copy-1-150x150.png 150w\" sizes=\"auto, (max-width: 400px) 100vw, 400px\" \/><\/div><\/a><\/figure><\/div>\n\n\n\n<p class=\"has-text-align-center\">B\u00e9n\u00e9ficiez d\u2019un tarif r\u00e9duit pour les visites grottes plus abbaye.<br>Pr\u00e8s de 20% de r\u00e9duction quand vous visitez les deux.<\/p>\n<\/div><\/div>\n\n\n\n<div class=\"wp-block-kadence-column kadence-column22901_86faef-17\"><div class=\"kt-inside-inner-col\">\n<p class=\"has-text-align-center\"><strong>Camping Municipal<\/strong><\/p>\n\n\n\n<figure class=\"wp-block-kadence-image kb-image22901_f9992c-a0 size-full\"><img loading=\"lazy\" decoding=\"async\" width=\"969\" height=\"311\" src=\"http:\/\/matt.baume39.fr\/blm\/wp-content\/uploads\/sites\/12\/2024\/08\/camping15.jpg\" alt=\"\" class=\"kb-img wp-image-27716\" srcset=\"https:\/\/matt.baume39.fr\/blm\/wp-content\/uploads\/sites\/12\/2024\/08\/camping15.jpg 969w, https:\/\/matt.baume39.fr\/blm\/wp-content\/uploads\/sites\/12\/2024\/08\/camping15-300x96.jpg 300w, https:\/\/matt.baume39.fr\/blm\/wp-content\/uploads\/sites\/12\/2024\/08\/camping15-768x246.jpg 768w, https:\/\/matt.baume39.fr\/blm\/wp-content\/uploads\/sites\/12\/2024\/08\/camping15-500x160.jpg 500w, https:\/\/matt.baume39.fr\/blm\/wp-content\/uploads\/sites\/12\/2024\/08\/camping15-800x257.jpg 800w\" sizes=\"auto, (max-width: 969px) 100vw, 969px\" \/><\/figure>\n\n\n\n<p class=\"has-text-align-center\">Pour toutes les questions relatives au Camping Municipal et les demandes de r\u00e9servations merci d\u2019utiliser uniquement l\u2019adresse suivante: <br><a href=\"mailto:camping@baumelesmessieurs.biz\">camping@baumelesmessieurs.biz<\/a><\/p>\n<\/div><\/div>\n\n\n\n<div class=\"wp-block-kadence-column kadence-column22901_1b7179-d7\"><div class=\"kt-inside-inner-col\">\n<p class=\"has-text-align-center\"><strong>Pour + d\u2019infos<\/strong><br>Toutes nos \u00e9quipes sont \u00e0 votre disposition. Afin de g\u00e9rer au mieux votre demande, rendez-vous sur\u00a0<a href=\"https:\/\/abbayebaumelesmessieurs.fr\/blm\/contact\/\">cette page<\/a><\/p>\n\n\n\n<p class=\"has-text-align-center\"><strong>For more information<\/strong><br>All our teams are at your disposal. In order to best manage your request, visit\u00a0<a href=\"https:\/\/abbayebaumelesmessieurs.fr\/blm\/contact\/\">this page<\/a><\/p>\n<\/div><\/div>\n\n\n\n\n\n<div class=\"wp-block-kadence-column kadence-column22901_b3c0ff-c3\"><div class=\"kt-inside-inner-col\">\n\n<div class=\"wp-block-kadence-column kadence-column22901_4f45aa-3f\"><div class=\"kt-inside-inner-col\">\n<h2 class=\"kt-adv-heading22901_17802c-d3 wp-block-kadence-advancedheading\" data-kb-block=\"kb-adv-heading22901_17802c-d3\">Gestionnaire de contenu<\/h2>\n<\/div><\/div>\n\n\n\n\n\n<div class=\"wp-block-kadence-column kadence-column22901_8a3832-d2\"><div class=\"kt-inside-inner-col\">\n<\/div><\/div>\n\n\n\n<div class=\"wp-block-kadence-column kadence-column22901_0ec16c-93\"><div class=\"kt-inside-inner-col\">\n<\/div><\/div>\n\n\n\n<div class=\"wp-block-kadence-column kadence-column22901_ff9fa3-e8\"><div class=\"kt-inside-inner-col\">\n<\/div><\/div>\n\n<\/div><\/div>\n\n\n\n\n\n<div class=\"wp-block-kadence-column kadence-column22901_a4bacc-f5\"><div class=\"kt-inside-inner-col\"><\/div><\/div>\n\n\n\n<div class=\"wp-block-kadence-column kadence-column22901_ac64e9-91\"><div class=\"kt-inside-inner-col\"><\/div><\/div>\n\n","protected":false},"excerpt":{"rendered":"","protected":false},"author":3,"featured_media":0,"parent":0,"menu_order":0,"comment_status":"closed","ping_status":"closed","template":"","meta":{"_acf_changed":false,"_kad_post_transparent":"","_kad_post_title":"","_kad_post_layout":"","_kad_post_sidebar_id":"","_kad_post_content_style":"","_kad_post_vertical_padding":"","_kad_post_feature":"","_kad_post_feature_position":"","_kad_post_header":false,"_kad_post_footer":false,"footnotes":""},"class_list":["post-22901","page","type-page","status-publish","hentry"],"acf":[],"_links":{"self":[{"href":"https:\/\/matt.baume39.fr\/blm\/wp-json\/wp\/v2\/pages\/22901","targetHints":{"allow":["GET"]}}],"collection":[{"href":"https:\/\/matt.baume39.fr\/blm\/wp-json\/wp\/v2\/pages"}],"about":[{"href":"https:\/\/matt.baume39.fr\/blm\/wp-json\/wp\/v2\/types\/page"}],"author":[{"embeddable":true,"href":"https:\/\/matt.baume39.fr\/blm\/wp-json\/wp\/v2\/users\/3"}],"replies":[{"embeddable":true,"href":"https:\/\/matt.baume39.fr\/blm\/wp-json\/wp\/v2\/comments?post=22901"}],"version-history":[{"count":245,"href":"https:\/\/matt.baume39.fr\/blm\/wp-json\/wp\/v2\/pages\/22901\/revisions"}],"predecessor-version":[{"id":28040,"href":"https:\/\/matt.baume39.fr\/blm\/wp-json\/wp\/v2\/pages\/22901\/revisions\/28040"}],"wp:attachment":[{"href":"https:\/\/matt.baume39.fr\/blm\/wp-json\/wp\/v2\/media?parent=22901"}],"curies":[{"name":"wp","href":"https:\/\/api.w.org\/{rel}","templated":true}]}}