{"id":1123,"date":"2017-05-12T10:05:26","date_gmt":"2017-05-12T10:05:26","guid":{"rendered":"http:\/\/www.baumelesmessieurs.fr\/?page_id=1123"},"modified":"2017-05-12T10:05:26","modified_gmt":"2017-05-12T10:05:26","slug":"location-salle-de-labbaye","status":"publish","type":"page","link":"https:\/\/matt.baume39.fr\/blm\/location-salle-de-labbaye\/","title":{"rendered":"Location de la salle des Chanoines"},"content":{"rendered":"\n<h1 class=\"kt-adv-heading1123_f06455-6b wp-block-kadence-advancedheading\" data-kb-block=\"kb-adv-heading1123_f06455-6b\">Location de la salle des Chanoines<\/h1>\n\n\n\n\n<div class=\"wp-block-kadence-column kadence-column1123_d2ec7f-f4\"><div class=\"kt-inside-inner-col\">\n<h2 class=\"kt-adv-heading1123_7afa58-d8 wp-block-kadence-advancedheading\" data-kb-block=\"kb-adv-heading1123_7afa58-d8\"><strong>Mise a disposition de la \u201cSalle de l\u2019Abbaye\u201d<\/strong><\/h2>\n\n\n\n<h2 class=\"kt-adv-heading1123_01f6dc-a8 wp-block-kadence-advancedheading\" data-kb-block=\"kb-adv-heading1123_01f6dc-a8\">Pour tous renseignements concernant la mise \u00e0 disposition de la salle et votre demande de devis, contactez-nous :<\/h2>\n\n\n\n<p>communication@baumelesmessieurs.biz<br>Ou<br>abbaye@baumelesmessieurs.biz<\/p>\n\n\n\n<h2 class=\"kt-adv-heading1123_673a98-fd wp-block-kadence-advancedheading\" data-kb-block=\"kb-adv-heading1123_673a98-fd\">03 84 44 99 28<\/h2>\n\n\n\n<p>Retrouvez toutes les prises de vues de la salle :&nbsp;<a href=\"https:\/\/www.abcsalles.com\/lieu\/salle-de-abbaye\" target=\"_blank\" rel=\"noreferrer noopener\">www.abcsalles.com<\/a><\/p>\n<\/div><\/div>\n\n\n\n<div class=\"wp-block-kadence-column kadence-column1123_6e6d92-05\"><div class=\"kt-inside-inner-col\">\n<h2 class=\"kt-adv-heading1123_518e9f-72 wp-block-kadence-advancedheading\" data-kb-block=\"kb-adv-heading1123_518e9f-72\"><strong>Pour les f\u00eates, les conf\u00e9rences, les r\u00e9unions<\/strong><\/h2>\n\n\n\n<h2 class=\"kt-adv-heading1123_11d54e-36 wp-block-kadence-advancedheading\" data-kb-block=\"kb-adv-heading1123_11d54e-36\">3\u00e8me cour du complexe monastique <\/h2>\n\n\n\n<h2 class=\"kt-adv-heading1123_1afb91-5e wp-block-kadence-advancedheading\" data-kb-block=\"kb-adv-heading1123_1afb91-5e\">La salle comprend<\/h2>\n\n\n\n<ul class=\"wp-block-list\">\n<li class=\"has-medium-font-size\">une grande salle<\/li>\n\n\n\n<li class=\"has-medium-font-size\">une cuisine et son annexe<\/li>\n\n\n\n<li class=\"has-medium-font-size\">un vestiaire et des sanitaires<\/li>\n\n\n\n<li class=\"has-medium-font-size\">un caveau-bar<\/li>\n<\/ul>\n\n\n\n<h2 class=\"kt-adv-heading1123_5a3a9b-53 wp-block-kadence-advancedheading\" data-kb-block=\"kb-adv-heading1123_5a3a9b-53\"><strong>La salle est agr\u00e9e pour accueillir 80 personnes au maximum<\/strong><\/h2>\n<\/div><\/div>\n\n\n\n\n\n<div class=\"wp-block-kadence-column kadence-column1123_01918c-12\"><div class=\"kt-inside-inner-col\">\n<figure class=\"wp-block-kadence-image kb-image1123_2f1551-be size-full kb-image-is-ratio-size\"><div class=\"kb-is-ratio-image kb-image-ratio-land43\"><img loading=\"lazy\" decoding=\"async\" width=\"1000\" height=\"668\" src=\"http:\/\/matt.baume39.fr\/blm\/wp-content\/uploads\/sites\/12\/2024\/03\/salle-de-abbaye-12.jpg\" alt=\"\" class=\"kb-img wp-image-26531\" srcset=\"https:\/\/matt.baume39.fr\/blm\/wp-content\/uploads\/sites\/12\/2024\/03\/salle-de-abbaye-12.jpg 1000w, https:\/\/matt.baume39.fr\/blm\/wp-content\/uploads\/sites\/12\/2024\/03\/salle-de-abbaye-12-300x200.jpg 300w, https:\/\/matt.baume39.fr\/blm\/wp-content\/uploads\/sites\/12\/2024\/03\/salle-de-abbaye-12-768x513.jpg 768w, https:\/\/matt.baume39.fr\/blm\/wp-content\/uploads\/sites\/12\/2024\/03\/salle-de-abbaye-12-500x334.jpg 500w, https:\/\/matt.baume39.fr\/blm\/wp-content\/uploads\/sites\/12\/2024\/03\/salle-de-abbaye-12-800x534.jpg 800w\" sizes=\"auto, (max-width: 1000px) 100vw, 1000px\" \/><\/div><\/figure>\n<\/div><\/div>\n\n\n\n<div class=\"wp-block-kadence-column kadence-column1123_919534-a4\"><div class=\"kt-inside-inner-col\">\n<figure class=\"wp-block-kadence-image kb-image1123_f62811-d4 size-full kb-image-is-ratio-size\"><div class=\"kb-is-ratio-image kb-image-ratio-land43\"><img loading=\"lazy\" decoding=\"async\" width=\"600\" height=\"450\" src=\"http:\/\/matt.baume39.fr\/blm\/wp-content\/uploads\/sites\/12\/2024\/03\/salle-de-abbaye-29.jpg\" alt=\"\" class=\"kb-img wp-image-26532\" srcset=\"https:\/\/matt.baume39.fr\/blm\/wp-content\/uploads\/sites\/12\/2024\/03\/salle-de-abbaye-29.jpg 600w, https:\/\/matt.baume39.fr\/blm\/wp-content\/uploads\/sites\/12\/2024\/03\/salle-de-abbaye-29-300x225.jpg 300w, https:\/\/matt.baume39.fr\/blm\/wp-content\/uploads\/sites\/12\/2024\/03\/salle-de-abbaye-29-500x375.jpg 500w\" sizes=\"auto, (max-width: 600px) 100vw, 600px\" \/><\/div><\/figure>\n<\/div><\/div>\n\n\n\n\n\n<div class=\"wp-block-kadence-column kadence-column1123_3d7d81-f5\"><div class=\"kt-inside-inner-col\">\n<figure class=\"wp-block-kadence-image kb-image1123_39bf25-6f size-full kb-image-is-ratio-size\"><div class=\"kb-is-ratio-image kb-image-ratio-land43\"><img loading=\"lazy\" decoding=\"async\" width=\"1024\" height=\"768\" src=\"http:\/\/matt.baume39.fr\/blm\/wp-content\/uploads\/sites\/12\/2024\/03\/IMG_4555-1024x768-1.jpg\" alt=\"\" class=\"kb-img wp-image-26514\" srcset=\"https:\/\/matt.baume39.fr\/blm\/wp-content\/uploads\/sites\/12\/2024\/03\/IMG_4555-1024x768-1.jpg 1024w, https:\/\/matt.baume39.fr\/blm\/wp-content\/uploads\/sites\/12\/2024\/03\/IMG_4555-1024x768-1-300x225.jpg 300w, https:\/\/matt.baume39.fr\/blm\/wp-content\/uploads\/sites\/12\/2024\/03\/IMG_4555-1024x768-1-768x576.jpg 768w, https:\/\/matt.baume39.fr\/blm\/wp-content\/uploads\/sites\/12\/2024\/03\/IMG_4555-1024x768-1-500x375.jpg 500w, https:\/\/matt.baume39.fr\/blm\/wp-content\/uploads\/sites\/12\/2024\/03\/IMG_4555-1024x768-1-800x600.jpg 800w\" sizes=\"auto, (max-width: 1024px) 100vw, 1024px\" \/><\/div><\/figure>\n<\/div><\/div>\n\n\n\n","protected":false},"excerpt":{"rendered":"","protected":false},"author":3,"featured_media":0,"parent":0,"menu_order":0,"comment_status":"closed","ping_status":"closed","template":"","meta":{"_acf_changed":false,"_kad_post_transparent":"","_kad_post_title":"","_kad_post_layout":"right","_kad_post_sidebar_id":"","_kad_post_content_style":"","_kad_post_vertical_padding":"","_kad_post_feature":"","_kad_post_feature_position":"","_kad_post_header":false,"_kad_post_footer":false,"footnotes":""},"class_list":["post-1123","page","type-page","status-publish","hentry"],"acf":[],"_links":{"self":[{"href":"https:\/\/matt.baume39.fr\/blm\/wp-json\/wp\/v2\/pages\/1123","targetHints":{"allow":["GET"]}}],"collection":[{"href":"https:\/\/matt.baume39.fr\/blm\/wp-json\/wp\/v2\/pages"}],"about":[{"href":"https:\/\/matt.baume39.fr\/blm\/wp-json\/wp\/v2\/types\/page"}],"author":[{"embeddable":true,"href":"https:\/\/matt.baume39.fr\/blm\/wp-json\/wp\/v2\/users\/3"}],"replies":[{"embeddable":true,"href":"https:\/\/matt.baume39.fr\/blm\/wp-json\/wp\/v2\/comments?post=1123"}],"version-history":[{"count":0,"href":"https:\/\/matt.baume39.fr\/blm\/wp-json\/wp\/v2\/pages\/1123\/revisions"}],"wp:attachment":[{"href":"https:\/\/matt.baume39.fr\/blm\/wp-json\/wp\/v2\/media?parent=1123"}],"curies":[{"name":"wp","href":"https:\/\/api.w.org\/{rel}","templated":true}]}}