{"id":50,"date":"2024-12-27T16:24:50","date_gmt":"2024-12-27T16:24:50","guid":{"rendered":"https:\/\/matt.baume39.fr\/fun\/?page_id=50"},"modified":"2025-02-22T07:26:22","modified_gmt":"2025-02-22T07:26:22","slug":"baume-les-messieurs","status":"publish","type":"page","link":"https:\/\/matt.baume39.fr\/baumevacances\/baume-les-messieurs\/","title":{"rendered":"Baume-les-Messieurs"},"content":{"rendered":"<style>.kb-row-layout-wrap.wp-block-kadence-rowlayout.kb-row-layout-id50_edf712-7f{margin-top:-35px;}.kb-row-layout-id50_edf712-7f > .kt-row-column-wrap{align-content:start;}:where(.kb-row-layout-id50_edf712-7f > .kt-row-column-wrap) > .wp-block-kadence-column{justify-content:start;}.kb-row-layout-id50_edf712-7f > .kt-row-column-wrap{column-gap:var(--global-kb-gap-md, 2rem);row-gap:var(--global-kb-gap-md, 2rem);padding-top:var(--global-kb-spacing-xxl, 5rem);padding-bottom:var(--global-kb-spacing-sm, 1.5rem);grid-template-columns:minmax(0, 1fr);}.kb-row-layout-id50_edf712-7f{background-image:url('http:\/\/matt.baume39.fr\/baumevacances\/wp-content\/uploads\/sites\/19\/2024\/12\/n-reculee11-1024x396-1.jpg');background-size:cover;background-position:center center;background-attachment:scroll;background-repeat:no-repeat;}.kb-row-layout-id50_edf712-7f > .kt-row-layout-overlay{opacity:0.30;}@media all and (max-width: 1024px){.kb-row-layout-id50_edf712-7f > .kt-row-column-wrap{grid-template-columns:minmax(0, 1fr);}}@media all and (max-width: 767px){.kb-row-layout-id50_edf712-7f > .kt-row-column-wrap{grid-template-columns:minmax(0, 1fr);}}<\/style><div class=\"kb-row-layout-wrap kb-row-layout-id50_edf712-7f alignfull kt-row-has-bg wp-block-kadence-rowlayout\"><div class=\"kt-row-column-wrap kt-has-1-columns kt-row-layout-equal kt-tab-layout-inherit kt-mobile-layout-row kt-row-valign-top\">\n<style>.kadence-column50_aad655-b3 > .kt-inside-inner-col{padding-top:var(--global-kb-spacing-md, 2rem);}.kadence-column50_aad655-b3 > .kt-inside-inner-col,.kadence-column50_aad655-b3 > .kt-inside-inner-col:before{border-top-left-radius:0px;border-top-right-radius:0px;border-bottom-right-radius:0px;border-bottom-left-radius:0px;}.kadence-column50_aad655-b3 > .kt-inside-inner-col{column-gap:var(--global-kb-gap-sm, 1rem);}.kadence-column50_aad655-b3 > .kt-inside-inner-col{flex-direction:column;}.kadence-column50_aad655-b3 > .kt-inside-inner-col > .aligncenter{width:100%;}.kadence-column50_aad655-b3 > .kt-inside-inner-col:before{opacity:0.3;}.kadence-column50_aad655-b3{position:relative;}@media all and (max-width: 1024px){.kadence-column50_aad655-b3 > .kt-inside-inner-col{flex-direction:column;justify-content:center;}}@media all and (max-width: 767px){.kadence-column50_aad655-b3 > .kt-inside-inner-col{flex-direction:column;justify-content:center;}}<\/style>\n<div class=\"wp-block-kadence-column kadence-column50_aad655-b3\"><div class=\"kt-inside-inner-col\"><style>.wp-block-kadence-advancedheading.kt-adv-heading50_92e9aa-70, .wp-block-kadence-advancedheading.kt-adv-heading50_92e9aa-70[data-kb-block=\"kb-adv-heading50_92e9aa-70\"]{padding-top:var(--global-kb-spacing-xl, 4rem);padding-bottom:0px;padding-left:var(--global-kb-spacing-sm, 1.5rem);margin-top:var(--global-kb-spacing-xxl, 5rem);margin-bottom:0px;font-size:var(--global-kb-font-size-xl, 3rem);font-style:normal;font-family:var( --global-heading-font-family, inherit );color:rgba(255,255,255,0.73);text-shadow:5px 1px 10px rgba(0,0,0,0.52);}.wp-block-kadence-advancedheading.kt-adv-heading50_92e9aa-70 mark.kt-highlight, .wp-block-kadence-advancedheading.kt-adv-heading50_92e9aa-70[data-kb-block=\"kb-adv-heading50_92e9aa-70\"] mark.kt-highlight{font-style:normal;color:#f76a0c;-webkit-box-decoration-break:clone;box-decoration-break:clone;padding-top:0px;padding-right:0px;padding-bottom:0px;padding-left:0px;}.wp-block-kadence-advancedheading.kt-adv-heading50_92e9aa-70 img.kb-inline-image, .wp-block-kadence-advancedheading.kt-adv-heading50_92e9aa-70[data-kb-block=\"kb-adv-heading50_92e9aa-70\"] img.kb-inline-image{width:150px;vertical-align:baseline;}@media all and (max-width: 1024px){.wp-block-kadence-advancedheading.kt-adv-heading50_92e9aa-70, .wp-block-kadence-advancedheading.kt-adv-heading50_92e9aa-70[data-kb-block=\"kb-adv-heading50_92e9aa-70\"]{text-shadow:5px 1px 10px rgba(0,0,0,0.52);}}@media all and (max-width: 767px){.wp-block-kadence-advancedheading.kt-adv-heading50_92e9aa-70, .wp-block-kadence-advancedheading.kt-adv-heading50_92e9aa-70[data-kb-block=\"kb-adv-heading50_92e9aa-70\"]{text-shadow:5px 1px 10px rgba(0,0,0,0.52);}}<\/style>\n<h1 class=\"kt-adv-heading50_92e9aa-70 wp-block-kadence-advancedheading\" data-kb-block=\"kb-adv-heading50_92e9aa-70\">Baume-les-Messieurs<\/h1>\n<\/div><\/div>\n\n<\/div><\/div>\n\n<style>.kb-row-layout-id50_bfd621-0a > .kt-row-column-wrap{align-content:start;}:where(.kb-row-layout-id50_bfd621-0a > .kt-row-column-wrap) > .wp-block-kadence-column{justify-content:start;}.kb-row-layout-id50_bfd621-0a > .kt-row-column-wrap{column-gap:var(--global-kb-gap-md, 2rem);row-gap:var(--global-kb-gap-md, 2rem);padding-top:var(--global-kb-spacing-sm, 1.5rem);padding-bottom:var(--global-kb-spacing-sm, 1.5rem);grid-template-columns:minmax(0, 1fr);}.kb-row-layout-id50_bfd621-0a > .kt-row-layout-overlay{opacity:0.30;}.kb-row-layout-id50_bfd621-0a .kt-row-layout-top-sep{height:465px;}.kb-row-layout-id50_bfd621-0a .kt-row-layout-top-sep svg{width:161%;}.kb-row-layout-id50_bfd621-0a .kt-row-layout-top-sep svg{fill:var(--global-palette8, #F7FAFC)!important;}@media all and (max-width: 1024px){.kb-row-layout-id50_bfd621-0a > .kt-row-column-wrap{grid-template-columns:minmax(0, 1fr);}}@media all and (max-width: 767px){.kb-row-layout-id50_bfd621-0a > .kt-row-column-wrap{grid-template-columns:minmax(0, 1fr);}}<\/style><div class=\"kb-row-layout-wrap kb-row-layout-id50_bfd621-0a alignfull has-theme-palette9-background-color kt-row-has-bg wp-block-kadence-rowlayout\"><div class=\"kt-row-layout-top-sep kt-row-sep-type-crvli\"><svg viewBox=\"0 0 1000 100\" preserveAspectRatio=\"none\"><path d=\"M1000,0c0,0 -420.987,98 -650,98c-229.013,0 -350,-98 -350,-98l0,100l1000,0l0,-100Z\" \/><\/svg><\/div><div class=\"kt-row-column-wrap kt-has-1-columns kt-row-layout-equal kt-tab-layout-inherit kt-mobile-layout-row kt-row-valign-top\">\n<style>.kadence-column50_42308e-f1 > .kt-inside-inner-col,.kadence-column50_42308e-f1 > .kt-inside-inner-col:before{border-top-left-radius:0px;border-top-right-radius:0px;border-bottom-right-radius:0px;border-bottom-left-radius:0px;}.kadence-column50_42308e-f1 > .kt-inside-inner-col{column-gap:var(--global-kb-gap-sm, 1rem);}.kadence-column50_42308e-f1 > .kt-inside-inner-col{flex-direction:column;}.kadence-column50_42308e-f1 > .kt-inside-inner-col > .aligncenter{width:100%;}.kadence-column50_42308e-f1 > .kt-inside-inner-col:before{opacity:0.3;}.kadence-column50_42308e-f1{position:relative;}@media all and (max-width: 1024px){.kadence-column50_42308e-f1 > .kt-inside-inner-col{flex-direction:column;justify-content:center;}}@media all and (max-width: 767px){.kadence-column50_42308e-f1 > .kt-inside-inner-col{flex-direction:column;justify-content:center;}}<\/style>\n<div class=\"wp-block-kadence-column kadence-column50_42308e-f1\"><div class=\"kt-inside-inner-col\"><style>.kb-row-layout-id50_7273ef-56 > .kt-row-column-wrap{align-content:start;}:where(.kb-row-layout-id50_7273ef-56 > .kt-row-column-wrap) > .wp-block-kadence-column{justify-content:start;}.kb-row-layout-id50_7273ef-56 > .kt-row-column-wrap{column-gap:var(--global-kb-gap-md, 2rem);row-gap:var(--global-kb-gap-md, 2rem);max-width:var( --global-content-width, 1290px );padding-left:var(--global-content-edge-padding);padding-right:var(--global-content-edge-padding);padding-top:var(--global-kb-spacing-sm, 1.5rem);padding-bottom:var(--global-kb-spacing-sm, 1.5rem);grid-template-columns:minmax(0, 2fr) minmax(0, 1fr);}.kb-row-layout-id50_7273ef-56 > .kt-row-layout-overlay{opacity:0.30;}@media all and (max-width: 1024px){.kb-row-layout-id50_7273ef-56 > .kt-row-column-wrap{grid-template-columns:minmax(0, 2fr) minmax(0, 1fr);}}@media all and (max-width: 767px){.kb-row-layout-id50_7273ef-56 > .kt-row-column-wrap{grid-template-columns:minmax(0, 1fr);}}<\/style><div class=\"kb-row-layout-wrap kb-row-layout-id50_7273ef-56 alignnone wp-block-kadence-rowlayout\"><div class=\"kt-row-column-wrap kt-has-2-columns kt-row-layout-left-golden kt-tab-layout-inherit kt-mobile-layout-row kt-row-valign-top kb-theme-content-width\">\n<style>.kadence-column50_3851ed-55 > .kt-inside-inner-col,.kadence-column50_3851ed-55 > .kt-inside-inner-col:before{border-top-left-radius:0px;border-top-right-radius:0px;border-bottom-right-radius:0px;border-bottom-left-radius:0px;}.kadence-column50_3851ed-55 > .kt-inside-inner-col{column-gap:var(--global-kb-gap-sm, 1rem);}.kadence-column50_3851ed-55 > .kt-inside-inner-col{flex-direction:column;}.kadence-column50_3851ed-55 > .kt-inside-inner-col > .aligncenter{width:100%;}.kadence-column50_3851ed-55 > .kt-inside-inner-col:before{opacity:0.3;}.kadence-column50_3851ed-55{position:relative;}@media all and (max-width: 1024px){.kadence-column50_3851ed-55 > .kt-inside-inner-col{flex-direction:column;justify-content:center;}}@media all and (max-width: 767px){.kadence-column50_3851ed-55 > .kt-inside-inner-col{flex-direction:column;justify-content:center;}}<\/style>\n<div class=\"wp-block-kadence-column kadence-column50_3851ed-55\"><div class=\"kt-inside-inner-col\">\n<h3 class=\"wp-block-heading has-large-font-size\">D\u00e9couvrir Baume-les-Messieurs<\/h3>\n\n\n\n<p>Situ\u00e9 au c\u0153ur du Jura, Baume-les-Messieurs est connu pour ses paysages \u00e9poustouflants, ses grottes impressionnantes et son abbaye imp\u00e9riale.<\/p>\n\n\n\n<p>Baume-les-Messieurs est un v\u00e9ritable tr\u00e9sor cach\u00e9 dans le Jura, offrant une gamme vari\u00e9e d\u2019activit\u00e9s pour tous les go\u00fbts.<\/p>\n\n\n\n<p>Que vous soyez amateur de nature, d\u2019histoire, de gastronomie ou de vin, vous trouverez de quoi vous \u00e9merveiller dans ce village pittoresque.<\/p>\n\n\n\n<h3 class=\"wp-block-heading\">Dans le village<\/h3>\n\n\n\n<ul class=\"wp-block-list\">\n<li>Visites guid\u00e9es des&nbsp;<strong>Grottes de Baume<\/strong><\/li>\n\n\n\n<li>Les&nbsp;<strong>Cascades des Tufs<\/strong>&nbsp;\u00e0 Baume-les-Messieurs&nbsp;sont parmi les plus belles de France.<\/li>\n\n\n\n<li>Visites guid\u00e9es de&nbsp;<strong>l\u2019abbaye imp\u00e9riale<\/strong><\/li>\n\n\n\n<li>Restaurants, caf\u00e9s\/terrasse<\/li>\n\n\n\n<li>Librairie, boutiques, bureaux de tourisme<\/li>\n\n\n\n<li>Des jolies ballades, cascades et belv\u00e9d\u00e8res<\/li>\n<\/ul>\n\n\n\n<h3 class=\"wp-block-heading\">Des conseils avis\u00e9s pour explorer la r\u00e9gion<\/h3>\n\n\n\n<p>\u00c9tant passionn\u00e9s par la r\u00e9gion, nous sommes heureux d\u2019aider nos visiteurs \u00e0 d\u00e9couvrir les tr\u00e9sors cach\u00e9s de Baume-les-Messieurs et de ses environs.  Nous pouvons recommander des randonn\u00e9es pittoresques, des sites historiques \u00e0 visiter, ainsi que les meilleurs restaurants et vignobles de la r\u00e9gion.<\/p>\n\n\n\n<h3 class=\"wp-block-heading\">Des randonn\u00e9es pittoresques et des sites historiques<\/h3>\n\n\n\n<p>Les Chambres d\u2019h\u00f4tes et g\u00eete \u00e0 Villeneuve sont id\u00e9alement situ\u00e9s pour explorer les tr\u00e9sors de Baume-Les-Messieurs et de la r\u00e9gion environnante.<\/p>\n\n\n\n<p>Que vous souhaitiez partir en randonn\u00e9e dans les vignobles voisins, d\u00e9couvrir les grottes spectaculaires ou d\u00e9guster les d\u00e9lices de la gastronomie jurassienne, il y a tant \u00e0 voir et \u00e0 faire \u00e0 proximit\u00e9.<\/p>\n\n\n\n<h3 class=\"wp-block-heading\">Un village o\u00f9 l\u2019histoire et la culture se rencontrent<\/h3>\n\n\n\n<p>Baume-les-Messieurs est un village o\u00f9 l\u2019histoire et la culture se rencontrent et se compl\u00e8tent harmonieusement. Ses racines historiques profondes et ses traditions culturelles vivantes en font un lieu unique et enchanteur.<\/p>\n\n\n\n<p>En visitant Baume-les-Messieurs, on ne d\u00e9couvre pas seulement un village, mais une v\u00e9ritable histoire vivante, un h\u00e9ritage pr\u00e9serv\u00e9 et une culture authentique.<\/p>\n<\/div><\/div>\n\n\n<style>.kadence-column50_1be175-55 > .kt-inside-inner-col,.kadence-column50_1be175-55 > .kt-inside-inner-col:before{border-top-left-radius:0px;border-top-right-radius:0px;border-bottom-right-radius:0px;border-bottom-left-radius:0px;}.kadence-column50_1be175-55 > .kt-inside-inner-col{column-gap:var(--global-kb-gap-sm, 1rem);}.kadence-column50_1be175-55 > .kt-inside-inner-col{flex-direction:column;}.kadence-column50_1be175-55 > .kt-inside-inner-col > .aligncenter{width:100%;}.kadence-column50_1be175-55 > .kt-inside-inner-col:before{opacity:0.3;}.kadence-column50_1be175-55{position:relative;}@media all and (max-width: 1024px){.kadence-column50_1be175-55 > .kt-inside-inner-col{flex-direction:column;justify-content:center;}}@media all and (max-width: 767px){.kadence-column50_1be175-55 > .kt-inside-inner-col{flex-direction:column;justify-content:center;}}<\/style>\n<div class=\"wp-block-kadence-column kadence-column50_1be175-55\"><div class=\"kt-inside-inner-col\"><style>.kb-image50_83fc89-f6 .kb-image-has-overlay:after{opacity:0.3;}<\/style>\n<div class=\"wp-block-kadence-image kb-image50_83fc89-f6\"><figure class=\"aligncenter size-full kb-image-is-ratio-size\"><div class=\"kb-is-ratio-image kb-image-ratio-square\"><img loading=\"lazy\" decoding=\"async\" width=\"600\" height=\"600\" src=\"http:\/\/matt.baume39.fr\/fun\/wp-content\/uploads\/sites\/19\/2024\/12\/600-grottes.jpg\" alt=\"\" class=\"kb-img wp-image-207\" srcset=\"https:\/\/matt.baume39.fr\/baumevacances\/wp-content\/uploads\/sites\/19\/2024\/12\/600-grottes.jpg 600w, https:\/\/matt.baume39.fr\/baumevacances\/wp-content\/uploads\/sites\/19\/2024\/12\/600-grottes-300x300.jpg 300w, https:\/\/matt.baume39.fr\/baumevacances\/wp-content\/uploads\/sites\/19\/2024\/12\/600-grottes-150x150.jpg 150w, https:\/\/matt.baume39.fr\/baumevacances\/wp-content\/uploads\/sites\/19\/2024\/12\/600-grottes-500x500.jpg 500w\" sizes=\"auto, (max-width: 600px) 100vw, 600px\" \/><\/div><figcaption>Grottes de Baume<\/figcaption><\/figure><\/div>\n\n\n<style>.kb-image50_9029bf-60 .kb-image-has-overlay:after{opacity:0.3;}<\/style>\n<div class=\"wp-block-kadence-image kb-image50_9029bf-60\"><figure class=\"aligncenter kb-image-is-ratio-size\"><div class=\"kb-is-ratio-image kb-image-ratio-square\"><img decoding=\"async\" src=\"http:\/\/matt.baume39.fr\/jardins-de-labbaye\/wp-content\/uploads\/sites\/16\/2024\/05\/r8.jpg\" alt=\"\" class=\"kb-img wp-image-75\"\/><\/div><figcaption>Les&nbsp;Cascades des Tufs<\/figcaption><\/figure><\/div>\n\n\n<style>.kb-image50_1a0aea-8d .kb-image-has-overlay:after{opacity:0.3;}<\/style>\n<div class=\"wp-block-kadence-image kb-image50_1a0aea-8d\"><figure class=\"aligncenter size-full kb-image-is-ratio-size\"><div class=\"kb-is-ratio-image kb-image-ratio-square\"><img loading=\"lazy\" decoding=\"async\" width=\"1024\" height=\"639\" src=\"http:\/\/matt.baume39.fr\/fun\/wp-content\/uploads\/sites\/19\/2024\/12\/IMG_9032-1024x639-1.jpg\" alt=\"\" class=\"kb-img wp-image-13\" srcset=\"https:\/\/matt.baume39.fr\/baumevacances\/wp-content\/uploads\/sites\/19\/2024\/12\/IMG_9032-1024x639-1.jpg 1024w, https:\/\/matt.baume39.fr\/baumevacances\/wp-content\/uploads\/sites\/19\/2024\/12\/IMG_9032-1024x639-1-300x187.jpg 300w, https:\/\/matt.baume39.fr\/baumevacances\/wp-content\/uploads\/sites\/19\/2024\/12\/IMG_9032-1024x639-1-768x479.jpg 768w, https:\/\/matt.baume39.fr\/baumevacances\/wp-content\/uploads\/sites\/19\/2024\/12\/IMG_9032-1024x639-1-500x312.jpg 500w, https:\/\/matt.baume39.fr\/baumevacances\/wp-content\/uploads\/sites\/19\/2024\/12\/IMG_9032-1024x639-1-800x499.jpg 800w\" sizes=\"auto, (max-width: 1024px) 100vw, 1024px\" \/><\/div><figcaption>&nbsp;l\u2019abbaye imp\u00e9riale<\/figcaption><\/figure><\/div>\n<\/div><\/div>\n\n<\/div><\/div><\/div><\/div>\n\n<\/div><\/div>","protected":false},"excerpt":{"rendered":"<p>Baume-les-Messieurs D\u00e9couvrir Baume-les-Messieurs Situ\u00e9 au c\u0153ur du Jura, Baume-les-Messieurs est connu pour ses paysages \u00e9poustouflants, ses grottes impressionnantes et son abbaye imp\u00e9riale. Baume-les-Messieurs est un v\u00e9ritable tr\u00e9sor cach\u00e9 dans le Jura, offrant une gamme vari\u00e9e d\u2019activit\u00e9s pour tous les go\u00fbts. Que vous soyez amateur de nature, d\u2019histoire, de gastronomie ou de vin, vous trouverez de&#8230;<\/p>\n","protected":false},"author":1,"featured_media":0,"parent":0,"menu_order":0,"comment_status":"closed","ping_status":"closed","template":"","meta":{"_acf_changed":false,"_kadence_starter_templates_imported_post":false,"_kad_post_transparent":"","_kad_post_title":"hide","_kad_post_layout":"","_kad_post_sidebar_id":"","_kad_post_content_style":"","_kad_post_vertical_padding":"","_kad_post_feature":"","_kad_post_feature_position":"","_kad_post_header":false,"_kad_post_footer":false,"footnotes":""},"class_list":["post-50","page","type-page","status-publish","hentry"],"acf":[],"_links":{"self":[{"href":"https:\/\/matt.baume39.fr\/baumevacances\/wp-json\/wp\/v2\/pages\/50","targetHints":{"allow":["GET"]}}],"collection":[{"href":"https:\/\/matt.baume39.fr\/baumevacances\/wp-json\/wp\/v2\/pages"}],"about":[{"href":"https:\/\/matt.baume39.fr\/baumevacances\/wp-json\/wp\/v2\/types\/page"}],"author":[{"embeddable":true,"href":"https:\/\/matt.baume39.fr\/baumevacances\/wp-json\/wp\/v2\/users\/1"}],"replies":[{"embeddable":true,"href":"https:\/\/matt.baume39.fr\/baumevacances\/wp-json\/wp\/v2\/comments?post=50"}],"version-history":[{"count":31,"href":"https:\/\/matt.baume39.fr\/baumevacances\/wp-json\/wp\/v2\/pages\/50\/revisions"}],"predecessor-version":[{"id":1041,"href":"https:\/\/matt.baume39.fr\/baumevacances\/wp-json\/wp\/v2\/pages\/50\/revisions\/1041"}],"wp:attachment":[{"href":"https:\/\/matt.baume39.fr\/baumevacances\/wp-json\/wp\/v2\/media?parent=50"}],"curies":[{"name":"wp","href":"https:\/\/api.w.org\/{rel}","templated":true}]}}