{"id":667,"date":"2024-08-14T06:44:23","date_gmt":"2024-08-14T05:44:23","guid":{"rendered":"https:\/\/matt.baume39.fr\/baume-tourism\/?page_id=667"},"modified":"2024-08-14T07:37:24","modified_gmt":"2024-08-14T06:37:24","slug":"qui-est-responsable-de-la-gestion-et-de-la-promotion-du-tourisme-durable-a-baume","status":"publish","type":"page","link":"https:\/\/matt.baume39.fr\/baume-tourism\/qui-est-responsable-de-la-gestion-et-de-la-promotion-du-tourisme-durable-a-baume\/","title":{"rendered":"Qui est responsable de la gestion et de la promotion du tourisme durable \u00e0 Baume ?"},"content":{"rendered":"<style>.kb-row-layout-id667_73d21c-f8 > .kt-row-column-wrap{align-content:start;}:where(.kb-row-layout-id667_73d21c-f8 > .kt-row-column-wrap) > .wp-block-kadence-column{justify-content:start;}.kb-row-layout-id667_73d21c-f8 > .kt-row-column-wrap{column-gap:var(--global-kb-gap-md, 2rem);row-gap:var(--global-kb-gap-md, 2rem);padding-top:var(--global-kb-spacing-sm, 1.5rem);padding-bottom:var(--global-kb-spacing-sm, 1.5rem);grid-template-columns:minmax(0, 2fr) minmax(0, 1fr);}.kb-row-layout-id667_73d21c-f8 > .kt-row-layout-overlay{opacity:0.30;}@media all and (max-width: 1024px){.kb-row-layout-id667_73d21c-f8 > .kt-row-column-wrap{grid-template-columns:minmax(0, 2fr) minmax(0, 1fr);}}@media all and (max-width: 767px){.kb-row-layout-id667_73d21c-f8 > .kt-row-column-wrap{grid-template-columns:minmax(0, 1fr);}}<\/style><div class=\"kb-row-layout-wrap kb-row-layout-id667_73d21c-f8 alignnone wp-block-kadence-rowlayout\"><div class=\"kt-row-column-wrap kt-has-2-columns kt-row-layout-left-golden kt-tab-layout-inherit kt-mobile-layout-row kt-row-valign-top\">\n<style>.kadence-column667_d51f45-a1 > .kt-inside-inner-col,.kadence-column667_d51f45-a1 > .kt-inside-inner-col:before{border-top-left-radius:0px;border-top-right-radius:0px;border-bottom-right-radius:0px;border-bottom-left-radius:0px;}.kadence-column667_d51f45-a1 > .kt-inside-inner-col{column-gap:var(--global-kb-gap-sm, 1rem);}.kadence-column667_d51f45-a1 > .kt-inside-inner-col{flex-direction:column;}.kadence-column667_d51f45-a1 > .kt-inside-inner-col > .aligncenter{width:100%;}.kadence-column667_d51f45-a1 > .kt-inside-inner-col:before{opacity:0.3;}.kadence-column667_d51f45-a1{position:relative;}@media all and (max-width: 1024px){.kadence-column667_d51f45-a1 > .kt-inside-inner-col{flex-direction:column;justify-content:center;}}@media all and (max-width: 767px){.kadence-column667_d51f45-a1 > .kt-inside-inner-col{flex-direction:column;justify-content:center;}}<\/style>\n<div class=\"wp-block-kadence-column kadence-column667_d51f45-a1\"><div class=\"kt-inside-inner-col\">\n<p>La gestion et la promotion d&#8217;un tourisme durable \u00e0 Baume-les-Messieurs reposent sur une collaboration \u00e9troite entre plusieurs acteurs locaux, chacun jouant un r\u00f4le sp\u00e9cifique et compl\u00e9mentaire pour assurer un d\u00e9veloppement touristique respectueux de l&#8217;environnement et b\u00e9n\u00e9fique pour la communaut\u00e9.<\/p>\n\n\n<style>.kb-image667_d3e0b4-f9 .kb-image-has-overlay:after{opacity:0.3;}<\/style>\n<figure class=\"wp-block-kadence-image kb-image667_d3e0b4-f9 size-full\"><img loading=\"lazy\" decoding=\"async\" width=\"1024\" height=\"408\" src=\"http:\/\/matt.baume39.fr\/baume-tourism\/wp-content\/uploads\/sites\/10\/2024\/08\/h3.jpg\" alt=\"\" class=\"kb-img wp-image-673\" srcset=\"https:\/\/matt.baume39.fr\/baume-tourism\/wp-content\/uploads\/sites\/10\/2024\/08\/h3.jpg 1024w, https:\/\/matt.baume39.fr\/baume-tourism\/wp-content\/uploads\/sites\/10\/2024\/08\/h3-300x120.jpg 300w, https:\/\/matt.baume39.fr\/baume-tourism\/wp-content\/uploads\/sites\/10\/2024\/08\/h3-768x306.jpg 768w, https:\/\/matt.baume39.fr\/baume-tourism\/wp-content\/uploads\/sites\/10\/2024\/08\/h3-500x199.jpg 500w, https:\/\/matt.baume39.fr\/baume-tourism\/wp-content\/uploads\/sites\/10\/2024\/08\/h3-800x319.jpg 800w\" sizes=\"auto, (max-width: 1024px) 100vw, 1024px\" \/><\/figure>\n\n\n<style>.wp-block-kadence-advancedheading.kt-adv-heading667_8a2bf5-fb, .wp-block-kadence-advancedheading.kt-adv-heading667_8a2bf5-fb[data-kb-block=\"kb-adv-heading667_8a2bf5-fb\"]{font-style:normal;}.wp-block-kadence-advancedheading.kt-adv-heading667_8a2bf5-fb mark.kt-highlight, .wp-block-kadence-advancedheading.kt-adv-heading667_8a2bf5-fb[data-kb-block=\"kb-adv-heading667_8a2bf5-fb\"] mark.kt-highlight{font-style:normal;color:#f76a0c;-webkit-box-decoration-break:clone;box-decoration-break:clone;padding-top:0px;padding-right:0px;padding-bottom:0px;padding-left:0px;}.wp-block-kadence-advancedheading.kt-adv-heading667_8a2bf5-fb img.kb-inline-image, .wp-block-kadence-advancedheading.kt-adv-heading667_8a2bf5-fb[data-kb-block=\"kb-adv-heading667_8a2bf5-fb\"] img.kb-inline-image{width:150px;vertical-align:baseline;}<\/style>\n<h3 class=\"kt-adv-heading667_8a2bf5-fb wp-block-kadence-advancedheading\" data-kb-block=\"kb-adv-heading667_8a2bf5-fb\">Le conseil municipal <\/h3>\n\n\n\n<p>Le conseil municipal de Baume-les-Messieurs est au c\u0153ur de la gestion du tourisme durable. En tant qu&#8217;autorit\u00e9 locale, le conseil est responsable de la mise en place des politiques qui encadrent le d\u00e9veloppement touristique dans le village. Cela inclut l&#8217;\u00e9laboration de r\u00e8glements pour prot\u00e9ger le patrimoine naturel et b\u00e2ti, la gestion des infrastructures, et l&#8217;int\u00e9gration des principes du d\u00e9veloppement durable dans les projets locaux. <\/p>\n\n\n\n<p>Le conseil municipal veille \u00e9galement \u00e0 ce que le tourisme ne perturbe pas la qualit\u00e9 de vie des r\u00e9sidents, en r\u00e9gulant par exemple la circulation des v\u00e9hicules ou en encadrant les activit\u00e9s commerciales.<\/p>\n\n\n<style>.wp-block-kadence-advancedheading.kt-adv-heading667_607506-f9, .wp-block-kadence-advancedheading.kt-adv-heading667_607506-f9[data-kb-block=\"kb-adv-heading667_607506-f9\"]{font-style:normal;}.wp-block-kadence-advancedheading.kt-adv-heading667_607506-f9 mark.kt-highlight, .wp-block-kadence-advancedheading.kt-adv-heading667_607506-f9[data-kb-block=\"kb-adv-heading667_607506-f9\"] mark.kt-highlight{font-style:normal;color:#f76a0c;-webkit-box-decoration-break:clone;box-decoration-break:clone;padding-top:0px;padding-right:0px;padding-bottom:0px;padding-left:0px;}.wp-block-kadence-advancedheading.kt-adv-heading667_607506-f9 img.kb-inline-image, .wp-block-kadence-advancedheading.kt-adv-heading667_607506-f9[data-kb-block=\"kb-adv-heading667_607506-f9\"] img.kb-inline-image{width:150px;vertical-align:baseline;}<\/style>\n<h3 class=\"kt-adv-heading667_607506-f9 wp-block-kadence-advancedheading\" data-kb-block=\"kb-adv-heading667_607506-f9\">Les offices de tourisme<\/h3>\n\n\n\n<p>Les offices de tourisme jouent un r\u00f4le cl\u00e9 dans la promotion de Baume-les-Messieurs en tant que destination touristique durable. Ils sont responsables de l&#8217;information des visiteurs, en leur fournissant des conseils sur les pratiques respectueuses de l&#8217;environnement, comme l&#8217;utilisation des transports en commun ou la participation \u00e0 des activit\u00e9s \u00e9coresponsables. <\/p>\n\n\n\n<p>Les offices de tourisme travaillent \u00e9galement \u00e0 la valorisation du patrimoine local en organisant des visites guid\u00e9es, des \u00e9v\u00e9nements culturels, et des activit\u00e9s en plein air qui mettent en avant la richesse naturelle du village tout en sensibilisant les visiteurs \u00e0 sa fragilit\u00e9. Ils collaborent \u00e9troitement avec les entreprises locales pour promouvoir des s\u00e9jours authentiques et durables, favorisant ainsi l&#8217;\u00e9conomie locale.<\/p>\n\n\n<style>.wp-block-kadence-advancedheading.kt-adv-heading667_c177dd-ef, .wp-block-kadence-advancedheading.kt-adv-heading667_c177dd-ef[data-kb-block=\"kb-adv-heading667_c177dd-ef\"]{font-style:normal;}.wp-block-kadence-advancedheading.kt-adv-heading667_c177dd-ef mark.kt-highlight, .wp-block-kadence-advancedheading.kt-adv-heading667_c177dd-ef[data-kb-block=\"kb-adv-heading667_c177dd-ef\"] mark.kt-highlight{font-style:normal;color:#f76a0c;-webkit-box-decoration-break:clone;box-decoration-break:clone;padding-top:0px;padding-right:0px;padding-bottom:0px;padding-left:0px;}.wp-block-kadence-advancedheading.kt-adv-heading667_c177dd-ef img.kb-inline-image, .wp-block-kadence-advancedheading.kt-adv-heading667_c177dd-ef[data-kb-block=\"kb-adv-heading667_c177dd-ef\"] img.kb-inline-image{width:150px;vertical-align:baseline;}<\/style>\n<h3 class=\"kt-adv-heading667_c177dd-ef wp-block-kadence-advancedheading\" data-kb-block=\"kb-adv-heading667_c177dd-ef\">Le d\u00e9partement du Jura et le gouvernement r\u00e9gional<\/h3>\n\n\n\n<p>Le d\u00e9partement du Jura et le gouvernement r\u00e9gional jouent un r\u00f4le de soutien strat\u00e9gique et financier. Ils fournissent des subventions pour des projets li\u00e9s au tourisme durable, comme la r\u00e9novation des infrastructures, la promotion de l\u2019\u00e9cotourisme, ou le d\u00e9veloppement de circuits touristiques respectueux de l&#8217;environnement. Ces instances aident \u00e9galement \u00e0 la coordination entre les diff\u00e9rentes communes et \u00e0 la mise en \u0153uvre de politiques r\u00e9gionales coh\u00e9rentes en mati\u00e8re de d\u00e9veloppement durable.<\/p>\n\n\n<style>.wp-block-kadence-advancedheading.kt-adv-heading667_394a94-58, .wp-block-kadence-advancedheading.kt-adv-heading667_394a94-58[data-kb-block=\"kb-adv-heading667_394a94-58\"]{font-style:normal;}.wp-block-kadence-advancedheading.kt-adv-heading667_394a94-58 mark.kt-highlight, .wp-block-kadence-advancedheading.kt-adv-heading667_394a94-58[data-kb-block=\"kb-adv-heading667_394a94-58\"] mark.kt-highlight{font-style:normal;color:#f76a0c;-webkit-box-decoration-break:clone;box-decoration-break:clone;padding-top:0px;padding-right:0px;padding-bottom:0px;padding-left:0px;}.wp-block-kadence-advancedheading.kt-adv-heading667_394a94-58 img.kb-inline-image, .wp-block-kadence-advancedheading.kt-adv-heading667_394a94-58[data-kb-block=\"kb-adv-heading667_394a94-58\"] img.kb-inline-image{width:150px;vertical-align:baseline;}<\/style>\n<h3 class=\"kt-adv-heading667_394a94-58 wp-block-kadence-advancedheading\" data-kb-block=\"kb-adv-heading667_394a94-58\">Les entreprises locales<\/h3>\n\n\n\n<p>Les entreprises locales, notamment les restaurateurs, h\u00f4teliers, artisans, et guides touristiques, sont directement impliqu\u00e9es dans la promotion du tourisme durable. En proposant des produits locaux, des h\u00e9bergements \u00e9coresponsables, et des activit\u00e9s respectueuses de l&#8217;environnement, elles jouent un r\u00f4le crucial dans l\u2019attraction de touristes soucieux de l\u2019impact de leur s\u00e9jour. <\/p>\n\n\n\n<p>Les entreprises locales sont encourag\u00e9es \u00e0 adopter des pratiques durables, comme la r\u00e9duction des d\u00e9chets, l\u2019utilisation d\u2019\u00e9nergies renouvelables, ou la promotion du patrimoine culinaire local, afin de contribuer \u00e0 un tourisme qui profite \u00e0 l\u2019ensemble de la communaut\u00e9.<\/p>\n\n\n\n<p><\/p>\n<\/div><\/div>\n\n\n<style>.kadence-column667_77f894-0a > .kt-inside-inner-col{padding-top:var(--global-kb-spacing-xs, 1rem);padding-right:var(--global-kb-spacing-xs, 1rem);padding-bottom:var(--global-kb-spacing-xs, 1rem);padding-left:var(--global-kb-spacing-xs, 1rem);}.kadence-column667_77f894-0a > .kt-inside-inner-col,.kadence-column667_77f894-0a > .kt-inside-inner-col:before{border-top-left-radius:0px;border-top-right-radius:0px;border-bottom-right-radius:0px;border-bottom-left-radius:0px;}.kadence-column667_77f894-0a > .kt-inside-inner-col{column-gap:var(--global-kb-gap-sm, 1rem);}.kadence-column667_77f894-0a > .kt-inside-inner-col{flex-direction:column;}.kadence-column667_77f894-0a > .kt-inside-inner-col > .aligncenter{width:100%;}.kadence-column667_77f894-0a > .kt-inside-inner-col{background-color:var(--global-palette8, #F7FAFC);}.kadence-column667_77f894-0a > .kt-inside-inner-col:before{opacity:0.3;}.kadence-column667_77f894-0a{position:relative;}@media all and (max-width: 1024px){.kadence-column667_77f894-0a > .kt-inside-inner-col{flex-direction:column;justify-content:center;}}@media all and (max-width: 767px){.kadence-column667_77f894-0a > .kt-inside-inner-col{flex-direction:column;justify-content:center;}}<\/style>\n<div class=\"wp-block-kadence-column kadence-column667_77f894-0a\"><div class=\"kt-inside-inner-col\"><style>.wp-block-kadence-advancedheading.kt-adv-heading667_650e98-aa, .wp-block-kadence-advancedheading.kt-adv-heading667_650e98-aa[data-kb-block=\"kb-adv-heading667_650e98-aa\"]{font-style:normal;}.wp-block-kadence-advancedheading.kt-adv-heading667_650e98-aa mark.kt-highlight, .wp-block-kadence-advancedheading.kt-adv-heading667_650e98-aa[data-kb-block=\"kb-adv-heading667_650e98-aa\"] mark.kt-highlight{font-style:normal;color:#f76a0c;-webkit-box-decoration-break:clone;box-decoration-break:clone;padding-top:0px;padding-right:0px;padding-bottom:0px;padding-left:0px;}.wp-block-kadence-advancedheading.kt-adv-heading667_650e98-aa img.kb-inline-image, .wp-block-kadence-advancedheading.kt-adv-heading667_650e98-aa[data-kb-block=\"kb-adv-heading667_650e98-aa\"] img.kb-inline-image{width:150px;vertical-align:baseline;}<\/style>\n<h3 class=\"kt-adv-heading667_650e98-aa wp-block-kadence-advancedheading\" data-kb-block=\"kb-adv-heading667_650e98-aa\">Une collaboration \u00e9troite entre plusieurs acteurs locaux<\/h3>\n\n\n\n<p>La gestion et la promotion du tourisme durable \u00e0 Baume-les-Messieurs reposent sur un effort collectif, o\u00f9 chaque acteur \u2013 du conseil municipal aux entreprises locales, en passant par les offices de tourisme et les instances d\u00e9partementales \u2013 contribue \u00e0 pr\u00e9server le patrimoine exceptionnel du village tout en assurant son d\u00e9veloppement \u00e9conomique. <\/p>\n\n\n<style>.kb-image667_9c913c-52 .kb-image-has-overlay:after{opacity:0.3;}<\/style>\n<figure class=\"wp-block-kadence-image kb-image667_9c913c-52 size-full\"><img loading=\"lazy\" decoding=\"async\" width=\"609\" height=\"608\" src=\"http:\/\/matt.baume39.fr\/baume-tourism\/wp-content\/uploads\/sites\/10\/2024\/08\/mairie.jpg\" alt=\"\" class=\"kb-img wp-image-671\" srcset=\"https:\/\/matt.baume39.fr\/baume-tourism\/wp-content\/uploads\/sites\/10\/2024\/08\/mairie.jpg 609w, https:\/\/matt.baume39.fr\/baume-tourism\/wp-content\/uploads\/sites\/10\/2024\/08\/mairie-300x300.jpg 300w, https:\/\/matt.baume39.fr\/baume-tourism\/wp-content\/uploads\/sites\/10\/2024\/08\/mairie-150x150.jpg 150w, https:\/\/matt.baume39.fr\/baume-tourism\/wp-content\/uploads\/sites\/10\/2024\/08\/mairie-500x499.jpg 500w\" sizes=\"auto, (max-width: 609px) 100vw, 609px\" \/><\/figure>\n\n\n\n<p>Cette synergie entre les diff\u00e9rents niveaux de responsabilit\u00e9 permet de cr\u00e9er un mod\u00e8le de tourisme respectueux, qui valorise l\u2019identit\u00e9 locale et prot\u00e8ge l\u2019environnement pour les g\u00e9n\u00e9rations futures.<\/p>\n<\/div><\/div>\n\n<\/div><\/div>\n\n\n<p><\/p>\n","protected":false},"excerpt":{"rendered":"<p>La gestion et la promotion d&#8217;un tourisme durable \u00e0 Baume-les-Messieurs reposent sur une collaboration \u00e9troite entre plusieurs acteurs locaux, chacun jouant un r\u00f4le sp\u00e9cifique et compl\u00e9mentaire pour assurer un d\u00e9veloppement touristique respectueux de l&#8217;environnement et b\u00e9n\u00e9fique pour la communaut\u00e9. Le conseil municipal Le conseil municipal de Baume-les-Messieurs est au c\u0153ur de la gestion du tourisme&#8230;<\/p>\n","protected":false},"author":1,"featured_media":0,"parent":0,"menu_order":0,"comment_status":"closed","ping_status":"closed","template":"","meta":{"_acf_changed":false,"_kadence_starter_templates_imported_post":false,"_kad_post_transparent":"","_kad_post_title":"","_kad_post_layout":"","_kad_post_sidebar_id":"","_kad_post_content_style":"","_kad_post_vertical_padding":"","_kad_post_feature":"","_kad_post_feature_position":"","_kad_post_header":false,"_kad_post_footer":false,"footnotes":""},"class_list":["post-667","page","type-page","status-publish","hentry"],"acf":[],"_links":{"self":[{"href":"https:\/\/matt.baume39.fr\/baume-tourism\/wp-json\/wp\/v2\/pages\/667","targetHints":{"allow":["GET"]}}],"collection":[{"href":"https:\/\/matt.baume39.fr\/baume-tourism\/wp-json\/wp\/v2\/pages"}],"about":[{"href":"https:\/\/matt.baume39.fr\/baume-tourism\/wp-json\/wp\/v2\/types\/page"}],"author":[{"embeddable":true,"href":"https:\/\/matt.baume39.fr\/baume-tourism\/wp-json\/wp\/v2\/users\/1"}],"replies":[{"embeddable":true,"href":"https:\/\/matt.baume39.fr\/baume-tourism\/wp-json\/wp\/v2\/comments?post=667"}],"version-history":[{"count":6,"href":"https:\/\/matt.baume39.fr\/baume-tourism\/wp-json\/wp\/v2\/pages\/667\/revisions"}],"predecessor-version":[{"id":680,"href":"https:\/\/matt.baume39.fr\/baume-tourism\/wp-json\/wp\/v2\/pages\/667\/revisions\/680"}],"wp:attachment":[{"href":"https:\/\/matt.baume39.fr\/baume-tourism\/wp-json\/wp\/v2\/media?parent=667"}],"curies":[{"name":"wp","href":"https:\/\/api.w.org\/{rel}","templated":true}]}}