{"id":603,"date":"2024-08-13T10:59:33","date_gmt":"2024-08-13T09:59:33","guid":{"rendered":"https:\/\/matt.baume39.fr\/baume-tourism\/?page_id=603"},"modified":"2024-12-12T08:18:54","modified_gmt":"2024-12-12T08:18:54","slug":"la-variation-saisonniere","status":"publish","type":"page","link":"https:\/\/matt.baume39.fr\/baume-tourism\/la-variation-saisonniere\/","title":{"rendered":"La variation saisonni\u00e8re"},"content":{"rendered":"<style>.kb-row-layout-id603_4b9cc4-98 > .kt-row-column-wrap{align-content:start;}:where(.kb-row-layout-id603_4b9cc4-98 > .kt-row-column-wrap) > .wp-block-kadence-column{justify-content:start;}.kb-row-layout-id603_4b9cc4-98 > .kt-row-column-wrap{column-gap:var(--global-kb-gap-md, 2rem);row-gap:var(--global-kb-gap-md, 2rem);padding-top:var(--global-kb-spacing-sm, 1.5rem);padding-bottom:var(--global-kb-spacing-sm, 1.5rem);grid-template-columns:minmax(0, 2fr) minmax(0, 1fr);}.kb-row-layout-id603_4b9cc4-98 > .kt-row-layout-overlay{opacity:0.30;}@media all and (max-width: 1024px){.kb-row-layout-id603_4b9cc4-98 > .kt-row-column-wrap{grid-template-columns:minmax(0, 2fr) minmax(0, 1fr);}}@media all and (max-width: 767px){.kb-row-layout-id603_4b9cc4-98 > .kt-row-column-wrap{grid-template-columns:minmax(0, 1fr);}}<\/style><div class=\"kb-row-layout-wrap kb-row-layout-id603_4b9cc4-98 alignnone wp-block-kadence-rowlayout\"><div class=\"kt-row-column-wrap kt-has-2-columns kt-row-layout-left-golden kt-tab-layout-inherit kt-mobile-layout-row kt-row-valign-top\">\n<style>.kadence-column603_9e7bd9-3e > .kt-inside-inner-col,.kadence-column603_9e7bd9-3e > .kt-inside-inner-col:before{border-top-left-radius:0px;border-top-right-radius:0px;border-bottom-right-radius:0px;border-bottom-left-radius:0px;}.kadence-column603_9e7bd9-3e > .kt-inside-inner-col{column-gap:var(--global-kb-gap-sm, 1rem);}.kadence-column603_9e7bd9-3e > .kt-inside-inner-col{flex-direction:column;}.kadence-column603_9e7bd9-3e > .kt-inside-inner-col > .aligncenter{width:100%;}.kadence-column603_9e7bd9-3e > .kt-inside-inner-col:before{opacity:0.3;}.kadence-column603_9e7bd9-3e{position:relative;}@media all and (max-width: 1024px){.kadence-column603_9e7bd9-3e > .kt-inside-inner-col{flex-direction:column;justify-content:center;}}@media all and (max-width: 767px){.kadence-column603_9e7bd9-3e > .kt-inside-inner-col{flex-direction:column;justify-content:center;}}<\/style>\n<div class=\"wp-block-kadence-column kadence-column603_9e7bd9-3e\"><div class=\"kt-inside-inner-col\">\n<p><strong>Baume-les-Messieurs, un village au charme ind\u00e9niable, conna\u00eet une forte variation saisonni\u00e8re dans son affluence touristique.<\/strong><\/p>\n\n\n\n<p>Comme beaucoup de destinations pris\u00e9es, le village voit un afflux massif de visiteurs durant l&#8217;\u00e9t\u00e9, attir\u00e9s par ses paysages spectaculaires, son abbaye historique, et ses grottes majestueuses. En revanche, les mois d&#8217;hiver sont marqu\u00e9s par une fr\u00e9quentation bien plus faible, ce qui pose des d\u00e9fis sp\u00e9cifiques en termes de gestion touristique et de dynamisation de l&#8217;\u00e9conomie locale.<\/p>\n\n\n<style>.kb-image603_669829-c9 .kb-image-has-overlay:after{opacity:0.3;}<\/style>\n<figure class=\"wp-block-kadence-image kb-image603_669829-c9 size-large\"><img loading=\"lazy\" decoding=\"async\" width=\"1024\" height=\"408\" src=\"https:\/\/matt.baume39.fr\/baume-tourism\/wp-content\/uploads\/sites\/10\/2024\/08\/IMG_2297-1-1024x408.jpg\" alt=\"\" class=\"kb-img wp-image-965\" srcset=\"https:\/\/matt.baume39.fr\/baume-tourism\/wp-content\/uploads\/sites\/10\/2024\/08\/IMG_2297-1-1024x408.jpg 1024w, https:\/\/matt.baume39.fr\/baume-tourism\/wp-content\/uploads\/sites\/10\/2024\/08\/IMG_2297-1-300x120.jpg 300w, https:\/\/matt.baume39.fr\/baume-tourism\/wp-content\/uploads\/sites\/10\/2024\/08\/IMG_2297-1-768x306.jpg 768w, https:\/\/matt.baume39.fr\/baume-tourism\/wp-content\/uploads\/sites\/10\/2024\/08\/IMG_2297-1-1536x612.jpg 1536w, https:\/\/matt.baume39.fr\/baume-tourism\/wp-content\/uploads\/sites\/10\/2024\/08\/IMG_2297-1-500x199.jpg 500w, https:\/\/matt.baume39.fr\/baume-tourism\/wp-content\/uploads\/sites\/10\/2024\/08\/IMG_2297-1-800x319.jpg 800w, https:\/\/matt.baume39.fr\/baume-tourism\/wp-content\/uploads\/sites\/10\/2024\/08\/IMG_2297-1-1280x510.jpg 1280w, https:\/\/matt.baume39.fr\/baume-tourism\/wp-content\/uploads\/sites\/10\/2024\/08\/IMG_2297-1.jpg 1600w\" sizes=\"auto, (max-width: 1024px) 100vw, 1024px\" \/><\/figure>\n\n\n\n<p>Pour faire face \u00e0 ces variations saisonni\u00e8res, Baume-les-Messieurs a mis en place plusieurs strat\u00e9gies. En \u00e9t\u00e9, lorsque le village est envahi par les touristes, une gestion attentive des flux est essentielle pour pr\u00e9server la qualit\u00e9 de vie des r\u00e9sidents et assurer une exp\u00e9rience agr\u00e9able aux visiteurs. Des parkings en p\u00e9riph\u00e9rie du village permettent de limiter la circulation dans les rues \u00e9troites, tandis que des guides locaux proposent des visites organis\u00e9es pour r\u00e9partir les groupes de mani\u00e8re \u00e9quilibr\u00e9e sur les diff\u00e9rents sites touristiques. De plus, des activit\u00e9s culturelles et des \u00e9v\u00e9nements locaux, comme des concerts ou des march\u00e9s artisanaux, sont r\u00e9guli\u00e8rement organis\u00e9s pour offrir aux visiteurs une exp\u00e9rience riche et diversifi\u00e9e tout en favorisant l\u2019\u00e9conomie locale.<\/p>\n\n\n<style>.kb-image603_5ff774-96 .kb-image-has-overlay:after{opacity:0.3;}<\/style>\n<figure class=\"wp-block-kadence-image kb-image603_5ff774-96 size-large\"><img loading=\"lazy\" decoding=\"async\" width=\"1024\" height=\"472\" src=\"http:\/\/matt.baume39.fr\/baume-tourism\/wp-content\/uploads\/sites\/10\/2024\/08\/IMG_85501-1-1024x472.jpg\" alt=\"\" class=\"kb-img wp-image-914\" srcset=\"https:\/\/matt.baume39.fr\/baume-tourism\/wp-content\/uploads\/sites\/10\/2024\/08\/IMG_85501-1-1024x472.jpg 1024w, https:\/\/matt.baume39.fr\/baume-tourism\/wp-content\/uploads\/sites\/10\/2024\/08\/IMG_85501-1-300x138.jpg 300w, https:\/\/matt.baume39.fr\/baume-tourism\/wp-content\/uploads\/sites\/10\/2024\/08\/IMG_85501-1-768x354.jpg 768w, https:\/\/matt.baume39.fr\/baume-tourism\/wp-content\/uploads\/sites\/10\/2024\/08\/IMG_85501-1-1536x708.jpg 1536w, https:\/\/matt.baume39.fr\/baume-tourism\/wp-content\/uploads\/sites\/10\/2024\/08\/IMG_85501-1-500x231.jpg 500w, https:\/\/matt.baume39.fr\/baume-tourism\/wp-content\/uploads\/sites\/10\/2024\/08\/IMG_85501-1-800x369.jpg 800w, https:\/\/matt.baume39.fr\/baume-tourism\/wp-content\/uploads\/sites\/10\/2024\/08\/IMG_85501-1-1280x590.jpg 1280w, https:\/\/matt.baume39.fr\/baume-tourism\/wp-content\/uploads\/sites\/10\/2024\/08\/IMG_85501-1.jpg 1600w\" sizes=\"auto, (max-width: 1024px) 100vw, 1024px\" \/><\/figure>\n\n\n\n<p>Cependant, la gestion du tourisme ne s\u2019arr\u00eate pas \u00e0 la haute saison. En hiver, le d\u00e9fi est de maintenir une activit\u00e9 \u00e9conomique viable malgr\u00e9 la baisse de fr\u00e9quentation. Pour cela, Baume-les-Messieurs mise sur un tourisme plus confidentiel et sp\u00e9cialis\u00e9. Le village cherche \u00e0 attirer les amateurs de tranquillit\u00e9, de nature et de patrimoine, en leur offrant une exp\u00e9rience diff\u00e9rente, plus intime, loin de l&#8217;agitation estivale. Les h\u00e9bergements et les restaurants peuvent proposer des offres sp\u00e9ciales pour inciter les s\u00e9jours en basse saison, et des activit\u00e9s adapt\u00e9es \u00e0 l&#8217;hiver, comme des randonn\u00e9es dans les paysages enneig\u00e9s ou des visites guid\u00e9es de l&#8217;abbaye, sont mises en avant.<\/p>\n\n\n\n<p>Par ailleurs, la diversification de l&#8217;offre touristique est une strat\u00e9gie cl\u00e9 pour lisser les flux de visiteurs tout au long de l&#8217;ann\u00e9e. En d\u00e9veloppant des activit\u00e9s qui ne d\u00e9pendent pas uniquement des conditions m\u00e9t\u00e9orologiques, comme des expositions culturelles, des ateliers d&#8217;artisanat ou des circuits gastronomiques, Baume-les-Messieurs peut attirer un public vari\u00e9 en dehors des p\u00e9riodes de pointe. Ces initiatives contribuent \u00e0 maintenir une activit\u00e9 \u00e9conomique constante, r\u00e9duisant ainsi l&#8217;impact des variations saisonni\u00e8res.<\/p>\n\n\n\n<p>Le soutien aux acteurs locaux est \u00e9galement essentiel pour faire face \u00e0 ces fluctuations. Les commer\u00e7ants, restaurateurs, et h\u00e9bergeurs b\u00e9n\u00e9ficient de formations et de subventions pour s&#8217;adapter aux saisons, que ce soit pour am\u00e9liorer leur offre en hiver ou g\u00e9rer l&#8217;afflux en \u00e9t\u00e9. Une coop\u00e9ration \u00e9troite entre les diff\u00e9rents acteurs du tourisme et les autorit\u00e9s locales permet de coordonner les efforts et de r\u00e9pondre aux besoins sp\u00e9cifiques de chaque saison.<\/p>\n\n\n\n<p>En conclusion, Baume-les-Messieurs aborde les d\u00e9fis du tourisme saisonnier avec une strat\u00e9gie \u00e9quilibr\u00e9e qui combine gestion des flux en haute saison, diversification de l&#8217;offre touristique, et soutien aux acteurs locaux. Cette approche permet de maximiser les avantages \u00e9conomiques du tourisme tout en pr\u00e9servant l&#8217;authenticit\u00e9 et la qualit\u00e9 de vie du village, assurant ainsi une exp\u00e9rience enrichissante pour les visiteurs tout au long de l&#8217;ann\u00e9e.<\/p>\n<\/div><\/div>\n\n\n<style>.kadence-column603_71ce5e-03 > .kt-inside-inner-col{padding-top:var(--global-kb-spacing-xs, 1rem);padding-right:var(--global-kb-spacing-xs, 1rem);padding-bottom:var(--global-kb-spacing-xs, 1rem);padding-left:var(--global-kb-spacing-xs, 1rem);}.kadence-column603_71ce5e-03 > .kt-inside-inner-col,.kadence-column603_71ce5e-03 > .kt-inside-inner-col:before{border-top-left-radius:0px;border-top-right-radius:0px;border-bottom-right-radius:0px;border-bottom-left-radius:0px;}.kadence-column603_71ce5e-03 > .kt-inside-inner-col{column-gap:var(--global-kb-gap-sm, 1rem);}.kadence-column603_71ce5e-03 > .kt-inside-inner-col{flex-direction:column;}.kadence-column603_71ce5e-03 > .kt-inside-inner-col > .aligncenter{width:100%;}.kadence-column603_71ce5e-03 > .kt-inside-inner-col{background-color:var(--global-palette8, #F7FAFC);}.kadence-column603_71ce5e-03 > .kt-inside-inner-col:before{opacity:0.3;}.kadence-column603_71ce5e-03{position:relative;}@media all and (max-width: 1024px){.kadence-column603_71ce5e-03 > .kt-inside-inner-col{flex-direction:column;justify-content:center;}}@media all and (max-width: 767px){.kadence-column603_71ce5e-03 > .kt-inside-inner-col{flex-direction:column;justify-content:center;}}<\/style>\n<div class=\"wp-block-kadence-column kadence-column603_71ce5e-03\"><div class=\"kt-inside-inner-col\"><style>.wp-block-kadence-advancedheading.kt-adv-heading603_56564f-e4, .wp-block-kadence-advancedheading.kt-adv-heading603_56564f-e4[data-kb-block=\"kb-adv-heading603_56564f-e4\"]{font-style:normal;}.wp-block-kadence-advancedheading.kt-adv-heading603_56564f-e4 mark.kt-highlight, .wp-block-kadence-advancedheading.kt-adv-heading603_56564f-e4[data-kb-block=\"kb-adv-heading603_56564f-e4\"] mark.kt-highlight{font-style:normal;color:#f76a0c;-webkit-box-decoration-break:clone;box-decoration-break:clone;padding-top:0px;padding-right:0px;padding-bottom:0px;padding-left:0px;}.wp-block-kadence-advancedheading.kt-adv-heading603_56564f-e4 img.kb-inline-image, .wp-block-kadence-advancedheading.kt-adv-heading603_56564f-e4[data-kb-block=\"kb-adv-heading603_56564f-e4\"] img.kb-inline-image{width:150px;vertical-align:baseline;}<\/style>\n<h3 class=\"kt-adv-heading603_56564f-e4 wp-block-kadence-advancedheading\" data-kb-block=\"kb-adv-heading603_56564f-e4\">Une exp\u00e9rience enrichissante pour les visiteurs tout au long de l&#8217;ann\u00e9e<\/h3>\n\n\n\n<p>Baume-les-Messieurs aborde les d\u00e9fis du tourisme saisonnier avec une strat\u00e9gie \u00e9quilibr\u00e9e qui combine gestion des flux en haute saison, diversification de l&#8217;offre touristique, et soutien aux acteurs locaux. <\/p>\n\n\n\n<p>Cette approche permet de maximiser les avantages \u00e9conomiques du tourisme tout en pr\u00e9servant l&#8217;authenticit\u00e9 et la qualit\u00e9 de vie du village, assurant ainsi une exp\u00e9rience enrichissante pour les visiteurs tout au long de l&#8217;ann\u00e9e.<\/p>\n<\/div><\/div>\n\n<\/div><\/div>","protected":false},"excerpt":{"rendered":"<p>Baume-les-Messieurs, un village au charme ind\u00e9niable, conna\u00eet une forte variation saisonni\u00e8re dans son affluence touristique. Comme beaucoup de destinations pris\u00e9es, le village voit un afflux massif de visiteurs durant l&#8217;\u00e9t\u00e9, attir\u00e9s par ses paysages spectaculaires, son abbaye historique, et ses grottes majestueuses. En revanche, les mois d&#8217;hiver sont marqu\u00e9s par une fr\u00e9quentation bien plus faible,&#8230;<\/p>\n","protected":false},"author":1,"featured_media":0,"parent":0,"menu_order":0,"comment_status":"closed","ping_status":"closed","template":"","meta":{"_acf_changed":false,"_kadence_starter_templates_imported_post":false,"_kad_post_transparent":"","_kad_post_title":"","_kad_post_layout":"","_kad_post_sidebar_id":"","_kad_post_content_style":"","_kad_post_vertical_padding":"","_kad_post_feature":"","_kad_post_feature_position":"","_kad_post_header":false,"_kad_post_footer":false,"footnotes":""},"class_list":["post-603","page","type-page","status-publish","hentry"],"acf":[],"_links":{"self":[{"href":"https:\/\/matt.baume39.fr\/baume-tourism\/wp-json\/wp\/v2\/pages\/603","targetHints":{"allow":["GET"]}}],"collection":[{"href":"https:\/\/matt.baume39.fr\/baume-tourism\/wp-json\/wp\/v2\/pages"}],"about":[{"href":"https:\/\/matt.baume39.fr\/baume-tourism\/wp-json\/wp\/v2\/types\/page"}],"author":[{"embeddable":true,"href":"https:\/\/matt.baume39.fr\/baume-tourism\/wp-json\/wp\/v2\/users\/1"}],"replies":[{"embeddable":true,"href":"https:\/\/matt.baume39.fr\/baume-tourism\/wp-json\/wp\/v2\/comments?post=603"}],"version-history":[{"count":7,"href":"https:\/\/matt.baume39.fr\/baume-tourism\/wp-json\/wp\/v2\/pages\/603\/revisions"}],"predecessor-version":[{"id":1037,"href":"https:\/\/matt.baume39.fr\/baume-tourism\/wp-json\/wp\/v2\/pages\/603\/revisions\/1037"}],"wp:attachment":[{"href":"https:\/\/matt.baume39.fr\/baume-tourism\/wp-json\/wp\/v2\/media?parent=603"}],"curies":[{"name":"wp","href":"https:\/\/api.w.org\/{rel}","templated":true}]}}