{"id":585,"date":"2024-08-13T10:08:57","date_gmt":"2024-08-13T09:08:57","guid":{"rendered":"https:\/\/matt.baume39.fr\/baume-tourism\/?page_id=585"},"modified":"2024-08-14T13:52:22","modified_gmt":"2024-08-14T12:52:22","slug":"le-label-les-plus-beaux-villages-de-france","status":"publish","type":"page","link":"https:\/\/matt.baume39.fr\/baume-tourism\/le-label-les-plus-beaux-villages-de-france\/","title":{"rendered":"Le label &#8220;Les Plus Beaux Villages de France&#8221;"},"content":{"rendered":"<style>.kb-row-layout-id585_1f741c-16 > .kt-row-column-wrap{align-content:start;}:where(.kb-row-layout-id585_1f741c-16 > .kt-row-column-wrap) > .wp-block-kadence-column{justify-content:start;}.kb-row-layout-id585_1f741c-16 > .kt-row-column-wrap{column-gap:var(--global-kb-gap-md, 2rem);row-gap:var(--global-kb-gap-md, 2rem);padding-top:var(--global-kb-spacing-sm, 1.5rem);padding-bottom:var(--global-kb-spacing-sm, 1.5rem);grid-template-columns:minmax(0, 2fr) minmax(0, 1fr);}.kb-row-layout-id585_1f741c-16 > .kt-row-layout-overlay{opacity:0.30;}@media all and (max-width: 1024px){.kb-row-layout-id585_1f741c-16 > .kt-row-column-wrap{grid-template-columns:minmax(0, 2fr) minmax(0, 1fr);}}@media all and (max-width: 767px){.kb-row-layout-id585_1f741c-16 > .kt-row-column-wrap{grid-template-columns:minmax(0, 1fr);}}<\/style><div class=\"kb-row-layout-wrap kb-row-layout-id585_1f741c-16 alignnone wp-block-kadence-rowlayout\"><div class=\"kt-row-column-wrap kt-has-2-columns kt-row-layout-left-golden kt-tab-layout-inherit kt-mobile-layout-row kt-row-valign-top\">\n<style>.kadence-column585_dcf085-35 > .kt-inside-inner-col,.kadence-column585_dcf085-35 > .kt-inside-inner-col:before{border-top-left-radius:0px;border-top-right-radius:0px;border-bottom-right-radius:0px;border-bottom-left-radius:0px;}.kadence-column585_dcf085-35 > .kt-inside-inner-col{column-gap:var(--global-kb-gap-sm, 1rem);}.kadence-column585_dcf085-35 > .kt-inside-inner-col{flex-direction:column;}.kadence-column585_dcf085-35 > .kt-inside-inner-col > .aligncenter{width:100%;}.kadence-column585_dcf085-35 > .kt-inside-inner-col:before{opacity:0.3;}.kadence-column585_dcf085-35{position:relative;}@media all and (max-width: 1024px){.kadence-column585_dcf085-35 > .kt-inside-inner-col{flex-direction:column;justify-content:center;}}@media all and (max-width: 767px){.kadence-column585_dcf085-35 > .kt-inside-inner-col{flex-direction:column;justify-content:center;}}<\/style>\n<div class=\"wp-block-kadence-column kadence-column585_dcf085-35\"><div class=\"kt-inside-inner-col\">\n<p><strong>Le label &#8220;Les Plus Beaux Villages de France&#8221; est une distinction prestigieuse attribu\u00e9e \u00e0 des communes rurales qui se distinguent par leur patrimoine exceptionnel et leur charme authentique. <\/strong><\/p>\n\n\n\n<p>Cr\u00e9\u00e9 en 1982 par Charles Ceyrac, alors maire de Collonges-la-Rouge, ce label vise \u00e0 promouvoir et pr\u00e9server les petites communes au caract\u00e8re remarquable, tout en soutenant leur d\u00e9veloppement touristique.<\/p>\n\n\n\n<p>Pour obtenir ce label, les villages doivent r\u00e9pondre \u00e0 des crit\u00e8res stricts. Tout d&#8217;abord, la commune doit avoir une population de moins de 2 000 habitants et poss\u00e9der au moins deux sites ou monuments class\u00e9s ou inscrits au titre des monuments historiques. Ensuite, le village doit d\u00e9montrer un engagement fort dans la pr\u00e9servation de son patrimoine b\u00e2ti et naturel. Les crit\u00e8res d&#8217;\u00e9valuation portent \u00e9galement sur l&#8217;harmonie architecturale, la qualit\u00e9 des am\u00e9nagements urbains, la gestion des espaces publics et la pr\u00e9servation de l&#8217;environnement. Le village doit offrir une image coh\u00e9rente et attrayante, o\u00f9 chaque d\u00e9tail contribue \u00e0 la mise en valeur de son caract\u00e8re unique.<\/p>\n\n\n<style>.kb-image585_c916e6-83 .kb-image-has-overlay:after{opacity:0.3;}<\/style>\n<figure class=\"wp-block-kadence-image kb-image585_c916e6-83 size-large\"><img loading=\"lazy\" decoding=\"async\" width=\"1024\" height=\"410\" src=\"http:\/\/matt.baume39.fr\/baume-tourism\/wp-content\/uploads\/sites\/10\/2024\/08\/IMG_0972-1024x410.jpg\" alt=\"\" class=\"kb-img wp-image-701\" srcset=\"https:\/\/matt.baume39.fr\/baume-tourism\/wp-content\/uploads\/sites\/10\/2024\/08\/IMG_0972-1024x410.jpg 1024w, https:\/\/matt.baume39.fr\/baume-tourism\/wp-content\/uploads\/sites\/10\/2024\/08\/IMG_0972-300x120.jpg 300w, https:\/\/matt.baume39.fr\/baume-tourism\/wp-content\/uploads\/sites\/10\/2024\/08\/IMG_0972-768x307.jpg 768w, https:\/\/matt.baume39.fr\/baume-tourism\/wp-content\/uploads\/sites\/10\/2024\/08\/IMG_0972-1536x614.jpg 1536w, https:\/\/matt.baume39.fr\/baume-tourism\/wp-content\/uploads\/sites\/10\/2024\/08\/IMG_0972-500x200.jpg 500w, https:\/\/matt.baume39.fr\/baume-tourism\/wp-content\/uploads\/sites\/10\/2024\/08\/IMG_0972-800x320.jpg 800w, https:\/\/matt.baume39.fr\/baume-tourism\/wp-content\/uploads\/sites\/10\/2024\/08\/IMG_0972-1280x512.jpg 1280w, https:\/\/matt.baume39.fr\/baume-tourism\/wp-content\/uploads\/sites\/10\/2024\/08\/IMG_0972.jpg 1600w\" sizes=\"auto, (max-width: 1024px) 100vw, 1024px\" \/><\/figure>\n\n\n\n<p>Le label &#8220;Les Plus Beaux Villages de France&#8221; n&#8217;est pas seulement une reconnaissance, mais il a aussi un impact significatif sur les villages qui le re\u00e7oivent. Tout d&#8217;abord, il permet de renforcer l&#8217;attractivit\u00e9 touristique du village. Le label attire de nombreux visiteurs, fran\u00e7ais et \u00e9trangers, curieux de d\u00e9couvrir des lieux authentiques et pr\u00e9serv\u00e9s. Cet afflux touristique g\u00e9n\u00e8re des retomb\u00e9es \u00e9conomiques importantes pour les commerces locaux, les restaurants, les h\u00e9bergements et les artisans, contribuant ainsi \u00e0 dynamiser l&#8217;\u00e9conomie locale.<\/p>\n\n\n\n<p>De plus, ce label incite les communes \u00e0 poursuivre leurs efforts de pr\u00e9servation et d&#8217;embellissement. Les villages labellis\u00e9s b\u00e9n\u00e9ficient souvent de subventions et d&#8217;aides pour restaurer leur patrimoine, d\u00e9velopper des infrastructures touristiques de qualit\u00e9 et organiser des \u00e9v\u00e9nements culturels. Ces initiatives renforcent la coh\u00e9sion sociale et la fiert\u00e9 des habitants, qui voient leur village reconnu et valoris\u00e9 \u00e0 l&#8217;\u00e9chelle nationale et internationale.<\/p>\n\n\n\n<p>Enfin, le label &#8220;Les Plus Beaux Villages de France&#8221; a un impact symbolique fort. Il v\u00e9hicule une image de la France rurale et traditionnelle, o\u00f9 l&#8217;histoire, la culture et la nature s&#8217;entrelacent harmonieusement. Pour les visiteurs, c&#8217;est la promesse de vivre une exp\u00e9rience authentique, loin du tourisme de masse, dans des lieux empreints de charme et d&#8217;histoire.<\/p>\n\n\n\n<p><\/p>\n<\/div><\/div>\n\n\n<style>.kadence-column585_f2e7bd-45 > .kt-inside-inner-col{padding-top:var(--global-kb-spacing-xxs, 0.5rem);padding-right:var(--global-kb-spacing-xxs, 0.5rem);padding-bottom:var(--global-kb-spacing-xxs, 0.5rem);padding-left:var(--global-kb-spacing-xxs, 0.5rem);}.kadence-column585_f2e7bd-45 > .kt-inside-inner-col,.kadence-column585_f2e7bd-45 > .kt-inside-inner-col:before{border-top-left-radius:0px;border-top-right-radius:0px;border-bottom-right-radius:0px;border-bottom-left-radius:0px;}.kadence-column585_f2e7bd-45 > .kt-inside-inner-col{column-gap:var(--global-kb-gap-sm, 1rem);}.kadence-column585_f2e7bd-45 > .kt-inside-inner-col{flex-direction:column;}.kadence-column585_f2e7bd-45 > .kt-inside-inner-col > .aligncenter{width:100%;}.kadence-column585_f2e7bd-45 > .kt-inside-inner-col{background-color:var(--global-palette8, #F7FAFC);}.kadence-column585_f2e7bd-45 > .kt-inside-inner-col:before{opacity:0.3;}.kadence-column585_f2e7bd-45{position:relative;}@media all and (max-width: 1024px){.kadence-column585_f2e7bd-45 > .kt-inside-inner-col{flex-direction:column;justify-content:center;}}@media all and (max-width: 767px){.kadence-column585_f2e7bd-45 > .kt-inside-inner-col{flex-direction:column;justify-content:center;}}<\/style>\n<div class=\"wp-block-kadence-column kadence-column585_f2e7bd-45\"><div class=\"kt-inside-inner-col\"><style>.kb-image585_5f93ea-db .kb-image-has-overlay:after{opacity:0.3;}<\/style>\n<figure class=\"wp-block-kadence-image kb-image585_5f93ea-db size-large\"><img loading=\"lazy\" decoding=\"async\" width=\"796\" height=\"1024\" src=\"http:\/\/matt.baume39.fr\/baume-tourism\/wp-content\/uploads\/sites\/10\/2024\/08\/Les_plus_beaux_villages_de_france.svg_-796x1024.png\" alt=\"\" class=\"kb-img wp-image-578\" srcset=\"https:\/\/matt.baume39.fr\/baume-tourism\/wp-content\/uploads\/sites\/10\/2024\/08\/Les_plus_beaux_villages_de_france.svg_-796x1024.png 796w, https:\/\/matt.baume39.fr\/baume-tourism\/wp-content\/uploads\/sites\/10\/2024\/08\/Les_plus_beaux_villages_de_france.svg_-233x300.png 233w, https:\/\/matt.baume39.fr\/baume-tourism\/wp-content\/uploads\/sites\/10\/2024\/08\/Les_plus_beaux_villages_de_france.svg_-768x988.png 768w, https:\/\/matt.baume39.fr\/baume-tourism\/wp-content\/uploads\/sites\/10\/2024\/08\/Les_plus_beaux_villages_de_france.svg_-1195x1536.png 1195w, https:\/\/matt.baume39.fr\/baume-tourism\/wp-content\/uploads\/sites\/10\/2024\/08\/Les_plus_beaux_villages_de_france.svg_-500x643.png 500w, https:\/\/matt.baume39.fr\/baume-tourism\/wp-content\/uploads\/sites\/10\/2024\/08\/Les_plus_beaux_villages_de_france.svg_-800x1029.png 800w, https:\/\/matt.baume39.fr\/baume-tourism\/wp-content\/uploads\/sites\/10\/2024\/08\/Les_plus_beaux_villages_de_france.svg_.png 1200w\" sizes=\"auto, (max-width: 796px) 100vw, 796px\" \/><\/figure>\n\n\n<style>.wp-block-kadence-advancedheading.kt-adv-heading585_703e26-df, .wp-block-kadence-advancedheading.kt-adv-heading585_703e26-df[data-kb-block=\"kb-adv-heading585_703e26-df\"]{font-style:normal;}.wp-block-kadence-advancedheading.kt-adv-heading585_703e26-df mark.kt-highlight, .wp-block-kadence-advancedheading.kt-adv-heading585_703e26-df[data-kb-block=\"kb-adv-heading585_703e26-df\"] mark.kt-highlight{font-style:normal;color:#f76a0c;-webkit-box-decoration-break:clone;box-decoration-break:clone;padding-top:0px;padding-right:0px;padding-bottom:0px;padding-left:0px;}.wp-block-kadence-advancedheading.kt-adv-heading585_703e26-df img.kb-inline-image, .wp-block-kadence-advancedheading.kt-adv-heading585_703e26-df[data-kb-block=\"kb-adv-heading585_703e26-df\"] img.kb-inline-image{width:150px;vertical-align:baseline;}<\/style>\n<h3 class=\"kt-adv-heading585_703e26-df wp-block-kadence-advancedheading\" data-kb-block=\"kb-adv-heading585_703e26-df\">Plus qu&#8217;un simple titre honorifique<\/h3>\n\n\n\n<p>Le label &#8220;Les Plus Beaux Villages de France&#8221; est bien plus qu&#8217;un simple titre honorifique. <\/p>\n\n\n\n<p>Il est un levier puissant pour la pr\u00e9servation du patrimoine, le d\u00e9veloppement touristique durable, et le rayonnement des petites communes fran\u00e7aises sur la sc\u00e8ne internationale. <\/p>\n\n\n\n<p>Il contribue \u00e0 maintenir en vie des villages qui, sans cette reconnaissance, pourraient voir leur patrimoine se d\u00e9grader et leur population d\u00e9cliner.<\/p>\n<\/div><\/div>\n\n<\/div><\/div>","protected":false},"excerpt":{"rendered":"<p>Le label &#8220;Les Plus Beaux Villages de France&#8221; est une distinction prestigieuse attribu\u00e9e \u00e0 des communes rurales qui se distinguent par leur patrimoine exceptionnel et leur charme authentique. Cr\u00e9\u00e9 en 1982 par Charles Ceyrac, alors maire de Collonges-la-Rouge, ce label vise \u00e0 promouvoir et pr\u00e9server les petites communes au caract\u00e8re remarquable, tout en soutenant leur&#8230;<\/p>\n","protected":false},"author":1,"featured_media":0,"parent":0,"menu_order":0,"comment_status":"closed","ping_status":"closed","template":"","meta":{"_acf_changed":false,"_kadence_starter_templates_imported_post":false,"_kad_post_transparent":"","_kad_post_title":"","_kad_post_layout":"","_kad_post_sidebar_id":"","_kad_post_content_style":"","_kad_post_vertical_padding":"","_kad_post_feature":"","_kad_post_feature_position":"","_kad_post_header":false,"_kad_post_footer":false,"footnotes":""},"class_list":["post-585","page","type-page","status-publish","hentry"],"acf":[],"_links":{"self":[{"href":"https:\/\/matt.baume39.fr\/baume-tourism\/wp-json\/wp\/v2\/pages\/585","targetHints":{"allow":["GET"]}}],"collection":[{"href":"https:\/\/matt.baume39.fr\/baume-tourism\/wp-json\/wp\/v2\/pages"}],"about":[{"href":"https:\/\/matt.baume39.fr\/baume-tourism\/wp-json\/wp\/v2\/types\/page"}],"author":[{"embeddable":true,"href":"https:\/\/matt.baume39.fr\/baume-tourism\/wp-json\/wp\/v2\/users\/1"}],"replies":[{"embeddable":true,"href":"https:\/\/matt.baume39.fr\/baume-tourism\/wp-json\/wp\/v2\/comments?post=585"}],"version-history":[{"count":3,"href":"https:\/\/matt.baume39.fr\/baume-tourism\/wp-json\/wp\/v2\/pages\/585\/revisions"}],"predecessor-version":[{"id":705,"href":"https:\/\/matt.baume39.fr\/baume-tourism\/wp-json\/wp\/v2\/pages\/585\/revisions\/705"}],"wp:attachment":[{"href":"https:\/\/matt.baume39.fr\/baume-tourism\/wp-json\/wp\/v2\/media?parent=585"}],"curies":[{"name":"wp","href":"https:\/\/api.w.org\/{rel}","templated":true}]}}