{"id":575,"date":"2024-08-13T06:35:29","date_gmt":"2024-08-13T05:35:29","guid":{"rendered":"https:\/\/matt.baume39.fr\/baume-tourism\/?page_id=575"},"modified":"2024-08-13T10:10:48","modified_gmt":"2024-08-13T09:10:48","slug":"histoire-de-tourisme","status":"publish","type":"page","link":"https:\/\/matt.baume39.fr\/baume-tourism\/histoire-de-tourisme\/","title":{"rendered":"Histoire de tourisme"},"content":{"rendered":"<style>.kb-row-layout-id575_2eb9ec-53 > .kt-row-column-wrap{align-content:start;}:where(.kb-row-layout-id575_2eb9ec-53 > .kt-row-column-wrap) > .wp-block-kadence-column{justify-content:start;}.kb-row-layout-id575_2eb9ec-53 > .kt-row-column-wrap{column-gap:var(--global-kb-gap-md, 2rem);row-gap:var(--global-kb-gap-md, 2rem);padding-top:var(--global-kb-spacing-sm, 1.5rem);padding-bottom:var(--global-kb-spacing-sm, 1.5rem);grid-template-columns:minmax(0, 2fr) minmax(0, 1fr);}.kb-row-layout-id575_2eb9ec-53 > .kt-row-layout-overlay{opacity:0.30;}@media all and (max-width: 1024px){.kb-row-layout-id575_2eb9ec-53 > .kt-row-column-wrap{grid-template-columns:minmax(0, 2fr) minmax(0, 1fr);}}@media all and (max-width: 767px){.kb-row-layout-id575_2eb9ec-53 > .kt-row-column-wrap{grid-template-columns:minmax(0, 1fr);}}<\/style><div class=\"kb-row-layout-wrap kb-row-layout-id575_2eb9ec-53 alignnone wp-block-kadence-rowlayout\"><div class=\"kt-row-column-wrap kt-has-2-columns kt-row-layout-left-golden kt-tab-layout-inherit kt-mobile-layout-row kt-row-valign-top\">\n<style>.kadence-column575_74645d-83 > .kt-inside-inner-col,.kadence-column575_74645d-83 > .kt-inside-inner-col:before{border-top-left-radius:0px;border-top-right-radius:0px;border-bottom-right-radius:0px;border-bottom-left-radius:0px;}.kadence-column575_74645d-83 > .kt-inside-inner-col{column-gap:var(--global-kb-gap-sm, 1rem);}.kadence-column575_74645d-83 > .kt-inside-inner-col{flex-direction:column;}.kadence-column575_74645d-83 > .kt-inside-inner-col > .aligncenter{width:100%;}.kadence-column575_74645d-83 > .kt-inside-inner-col:before{opacity:0.3;}.kadence-column575_74645d-83{position:relative;}@media all and (max-width: 1024px){.kadence-column575_74645d-83 > .kt-inside-inner-col{flex-direction:column;justify-content:center;}}@media all and (max-width: 767px){.kadence-column575_74645d-83 > .kt-inside-inner-col{flex-direction:column;justify-content:center;}}<\/style>\n<div class=\"wp-block-kadence-column kadence-column575_74645d-83\"><div class=\"kt-inside-inner-col\">\n<p><strong>Baume-les-Messieurs, un village nich\u00e9 dans une recul\u00e9e spectaculaire du Jura, poss\u00e8de une riche histoire de tourisme qui remonte bien avant l&#8217;\u00e9poque moderne. <\/strong><\/p>\n\n\n\n<p>Le site a attir\u00e9 des visiteurs d\u00e8s le Moyen \u00c2ge, lorsque des p\u00e8lerins affluaient vers l&#8217;abbaye imp\u00e9riale de Baume, fond\u00e9e au IXe si\u00e8cle. L&#8217;abbaye, un lieu de d\u00e9votion et de recueillement, \u00e9tait un centre religieux majeur de la r\u00e9gion. <\/p>\n\n\n\n<p>Les p\u00e8lerins, en qu\u00eate de spiritualit\u00e9 et de miracles, contribuaient \u00e0 faire de Baume-les-Messieurs un lieu de passage important, bien avant que le tourisme moderne ne prenne forme.<\/p>\n\n\n<style>.kb-image575_f5c59c-aa .kb-image-has-overlay:after{opacity:0.3;}<\/style>\n<figure class=\"wp-block-kadence-image kb-image575_f5c59c-aa size-large kb-filter-grayscale\"><img loading=\"lazy\" decoding=\"async\" width=\"1024\" height=\"409\" src=\"http:\/\/matt.baume39.fr\/baume-tourism\/wp-content\/uploads\/sites\/10\/2024\/07\/7-IMG_8235-1024x409.jpg\" alt=\"\" class=\"kb-img wp-image-345\" srcset=\"https:\/\/matt.baume39.fr\/baume-tourism\/wp-content\/uploads\/sites\/10\/2024\/07\/7-IMG_8235-1024x409.jpg 1024w, https:\/\/matt.baume39.fr\/baume-tourism\/wp-content\/uploads\/sites\/10\/2024\/07\/7-IMG_8235-300x120.jpg 300w, https:\/\/matt.baume39.fr\/baume-tourism\/wp-content\/uploads\/sites\/10\/2024\/07\/7-IMG_8235-768x307.jpg 768w, https:\/\/matt.baume39.fr\/baume-tourism\/wp-content\/uploads\/sites\/10\/2024\/07\/7-IMG_8235-1536x613.jpg 1536w, https:\/\/matt.baume39.fr\/baume-tourism\/wp-content\/uploads\/sites\/10\/2024\/07\/7-IMG_8235-500x200.jpg 500w, https:\/\/matt.baume39.fr\/baume-tourism\/wp-content\/uploads\/sites\/10\/2024\/07\/7-IMG_8235-800x320.jpg 800w, https:\/\/matt.baume39.fr\/baume-tourism\/wp-content\/uploads\/sites\/10\/2024\/07\/7-IMG_8235-1280x511.jpg 1280w, https:\/\/matt.baume39.fr\/baume-tourism\/wp-content\/uploads\/sites\/10\/2024\/07\/7-IMG_8235.jpg 1600w\" sizes=\"auto, (max-width: 1024px) 100vw, 1024px\" \/><\/figure>\n\n\n\n<p>Au cours du XIXe si\u00e8cle, avec l&#8217;essor du romantisme et le d\u00e9veloppement des moyens de transport, Baume-les-Messieurs commen\u00e7a \u00e0 attirer une nouvelle cat\u00e9gorie de visiteurs. Les paysages spectaculaires de la recul\u00e9e, les grottes majestueuses, et les cascades pittoresques sont devenus des sujets pris\u00e9s par les artistes et les \u00e9crivains. <\/p>\n\n\n\n<p>Les r\u00e9cits de voyage et les peintures de l&#8217;\u00e9poque ont contribu\u00e9 \u00e0 faire conna\u00eetre le village au-del\u00e0 des fronti\u00e8res de la r\u00e9gion. Les premiers touristes, souvent issus de la bourgeoisie en qu\u00eate de nature et de tranquillit\u00e9, d\u00e9couvraient alors un lieu o\u00f9 l\u2019histoire et la beaut\u00e9 naturelle se rejoignaient.<\/p>\n\n\n\n<p>Le XXe si\u00e8cle a marqu\u00e9 une nouvelle \u00e8re pour le tourisme \u00e0 Baume-les-Messieurs. Avec l&#8217;industrialisation et les cong\u00e9s pay\u00e9s, de plus en plus de Fran\u00e7ais ont eu la possibilit\u00e9 de voyager et de d\u00e9couvrir le patrimoine national. Baume-les-Messieurs, avec ses paysages uniques et son patrimoine pr\u00e9serv\u00e9, est devenu une destination pris\u00e9e pour les excursions et le tourisme familial. Les infrastructures touristiques ont commenc\u00e9 \u00e0 se d\u00e9velopper, avec l\u2019ouverture de restaurants, de g\u00eetes et de campings, r\u00e9pondant \u00e0 une demande croissante.<\/p>\n\n\n\n<p>Apr\u00e8s la Seconde Guerre mondiale, le village a connu une mont\u00e9e en popularit\u00e9, surtout parmi ceux cherchant \u00e0 s&#8217;\u00e9loigner de l&#8217;agitation urbaine. Le tourisme de masse s\u2019est intensifi\u00e9, mais Baume-les-Messieurs a su conserver son charme et son authenticit\u00e9, gr\u00e2ce \u00e0 des mesures de protection du patrimoine et \u00e0 une gestion attentive de son environnement naturel. <\/p>\n\n\n\n<p>Le village est devenu un symbole de la France rurale et pittoresque, attirant des visiteurs de plus en plus nombreux, notamment gr\u00e2ce aux reportages et documentaires t\u00e9l\u00e9vis\u00e9s qui ont mis en lumi\u00e8re ses tr\u00e9sors cach\u00e9s.<\/p>\n\n\n\n<p><\/p>\n<\/div><\/div>\n\n\n<style>.kadence-column575_ef6f94-e0 > .kt-inside-inner-col{padding-top:var(--global-kb-spacing-xxs, 0.5rem);padding-right:var(--global-kb-spacing-xxs, 0.5rem);padding-bottom:var(--global-kb-spacing-xxs, 0.5rem);padding-left:var(--global-kb-spacing-xxs, 0.5rem);}.kadence-column575_ef6f94-e0 > .kt-inside-inner-col,.kadence-column575_ef6f94-e0 > .kt-inside-inner-col:before{border-top-left-radius:0px;border-top-right-radius:0px;border-bottom-right-radius:0px;border-bottom-left-radius:0px;}.kadence-column575_ef6f94-e0 > .kt-inside-inner-col{column-gap:var(--global-kb-gap-sm, 1rem);}.kadence-column575_ef6f94-e0 > .kt-inside-inner-col{flex-direction:column;}.kadence-column575_ef6f94-e0 > .kt-inside-inner-col > .aligncenter{width:100%;}.kadence-column575_ef6f94-e0 > .kt-inside-inner-col{background-color:var(--global-palette8, #F7FAFC);}.kadence-column575_ef6f94-e0 > .kt-inside-inner-col:before{opacity:0.3;}.kadence-column575_ef6f94-e0{position:relative;}@media all and (max-width: 1024px){.kadence-column575_ef6f94-e0 > .kt-inside-inner-col{flex-direction:column;justify-content:center;}}@media all and (max-width: 767px){.kadence-column575_ef6f94-e0 > .kt-inside-inner-col{flex-direction:column;justify-content:center;}}<\/style>\n<div class=\"wp-block-kadence-column kadence-column575_ef6f94-e0\"><div class=\"kt-inside-inner-col\"><style>.wp-block-kadence-advancedheading.kt-adv-heading575_415198-24, .wp-block-kadence-advancedheading.kt-adv-heading575_415198-24[data-kb-block=\"kb-adv-heading575_415198-24\"]{font-style:normal;}.wp-block-kadence-advancedheading.kt-adv-heading575_415198-24 mark.kt-highlight, .wp-block-kadence-advancedheading.kt-adv-heading575_415198-24[data-kb-block=\"kb-adv-heading575_415198-24\"] mark.kt-highlight{font-style:normal;color:#f76a0c;-webkit-box-decoration-break:clone;box-decoration-break:clone;padding-top:0px;padding-right:0px;padding-bottom:0px;padding-left:0px;}.wp-block-kadence-advancedheading.kt-adv-heading575_415198-24 img.kb-inline-image, .wp-block-kadence-advancedheading.kt-adv-heading575_415198-24[data-kb-block=\"kb-adv-heading575_415198-24\"] img.kb-inline-image{width:150px;vertical-align:baseline;}<\/style>\n<h3 class=\"kt-adv-heading575_415198-24 wp-block-kadence-advancedheading\" data-kb-block=\"kb-adv-heading575_415198-24\">Plus Beaux Villages de France<\/h3>\n\n\n\n<p>Aujourd&#8217;hui, Baume-les-Messieurs est reconnu comme l&#8217;un des &#8220;Plus Beaux Villages de France&#8221;, un label qui attire chaque ann\u00e9e des milliers de visiteurs fran\u00e7ais et \u00e9trangers. <\/p>\n\n\n<style>.kb-image575_f0a81d-b4 .kb-image-has-overlay:after{opacity:0.3;}<\/style>\n<figure class=\"wp-block-kadence-image kb-image575_f0a81d-b4 size-large\"><img loading=\"lazy\" decoding=\"async\" width=\"796\" height=\"1024\" src=\"http:\/\/matt.baume39.fr\/baume-tourism\/wp-content\/uploads\/sites\/10\/2024\/08\/Les_plus_beaux_villages_de_france.svg_-796x1024.png\" alt=\"\" class=\"kb-img wp-image-578\" srcset=\"https:\/\/matt.baume39.fr\/baume-tourism\/wp-content\/uploads\/sites\/10\/2024\/08\/Les_plus_beaux_villages_de_france.svg_-796x1024.png 796w, https:\/\/matt.baume39.fr\/baume-tourism\/wp-content\/uploads\/sites\/10\/2024\/08\/Les_plus_beaux_villages_de_france.svg_-233x300.png 233w, https:\/\/matt.baume39.fr\/baume-tourism\/wp-content\/uploads\/sites\/10\/2024\/08\/Les_plus_beaux_villages_de_france.svg_-768x988.png 768w, https:\/\/matt.baume39.fr\/baume-tourism\/wp-content\/uploads\/sites\/10\/2024\/08\/Les_plus_beaux_villages_de_france.svg_-1195x1536.png 1195w, https:\/\/matt.baume39.fr\/baume-tourism\/wp-content\/uploads\/sites\/10\/2024\/08\/Les_plus_beaux_villages_de_france.svg_-500x643.png 500w, https:\/\/matt.baume39.fr\/baume-tourism\/wp-content\/uploads\/sites\/10\/2024\/08\/Les_plus_beaux_villages_de_france.svg_-800x1029.png 800w, https:\/\/matt.baume39.fr\/baume-tourism\/wp-content\/uploads\/sites\/10\/2024\/08\/Les_plus_beaux_villages_de_france.svg_.png 1200w\" sizes=\"auto, (max-width: 796px) 100vw, 796px\" \/><\/figure>\n\n\n\n<p>Le tourisme, ancr\u00e9 dans l\u2019histoire du village, continue d&#8217;\u00e9voluer, combinant respect du patrimoine et accueil des visiteurs, tout en maintenant l&#8217;\u00e9quilibre entre d\u00e9veloppement touristique et pr\u00e9servation du cadre de vie des habitants.<\/p>\n\n\n<style>.kb-image575_b0b518-fb .kb-image-has-overlay:after{opacity:0.3;}<\/style>\n<div class=\"wp-block-kadence-image kb-image575_b0b518-fb\"><figure class=\"aligncenter size-full\"><img loading=\"lazy\" decoding=\"async\" width=\"122\" height=\"177\" src=\"http:\/\/matt.baume39.fr\/baume-tourism\/wp-content\/uploads\/sites\/10\/2024\/08\/pccc-02b9.jpg\" alt=\"\" class=\"kb-img wp-image-580\"\/><\/figure><\/div>\n<\/div><\/div>\n\n<\/div><\/div>","protected":false},"excerpt":{"rendered":"<p>Baume-les-Messieurs, un village nich\u00e9 dans une recul\u00e9e spectaculaire du Jura, poss\u00e8de une riche histoire de tourisme qui remonte bien avant l&#8217;\u00e9poque moderne. Le site a attir\u00e9 des visiteurs d\u00e8s le Moyen \u00c2ge, lorsque des p\u00e8lerins affluaient vers l&#8217;abbaye imp\u00e9riale de Baume, fond\u00e9e au IXe si\u00e8cle. L&#8217;abbaye, un lieu de d\u00e9votion et de recueillement, \u00e9tait un&#8230;<\/p>\n","protected":false},"author":1,"featured_media":0,"parent":0,"menu_order":0,"comment_status":"closed","ping_status":"closed","template":"","meta":{"_acf_changed":false,"_kadence_starter_templates_imported_post":false,"_kad_post_transparent":"","_kad_post_title":"","_kad_post_layout":"","_kad_post_sidebar_id":"","_kad_post_content_style":"","_kad_post_vertical_padding":"","_kad_post_feature":"","_kad_post_feature_position":"","_kad_post_header":false,"_kad_post_footer":false,"footnotes":""},"class_list":["post-575","page","type-page","status-publish","hentry"],"acf":[],"_links":{"self":[{"href":"https:\/\/matt.baume39.fr\/baume-tourism\/wp-json\/wp\/v2\/pages\/575","targetHints":{"allow":["GET"]}}],"collection":[{"href":"https:\/\/matt.baume39.fr\/baume-tourism\/wp-json\/wp\/v2\/pages"}],"about":[{"href":"https:\/\/matt.baume39.fr\/baume-tourism\/wp-json\/wp\/v2\/types\/page"}],"author":[{"embeddable":true,"href":"https:\/\/matt.baume39.fr\/baume-tourism\/wp-json\/wp\/v2\/users\/1"}],"replies":[{"embeddable":true,"href":"https:\/\/matt.baume39.fr\/baume-tourism\/wp-json\/wp\/v2\/comments?post=575"}],"version-history":[{"count":7,"href":"https:\/\/matt.baume39.fr\/baume-tourism\/wp-json\/wp\/v2\/pages\/575\/revisions"}],"predecessor-version":[{"id":589,"href":"https:\/\/matt.baume39.fr\/baume-tourism\/wp-json\/wp\/v2\/pages\/575\/revisions\/589"}],"wp:attachment":[{"href":"https:\/\/matt.baume39.fr\/baume-tourism\/wp-json\/wp\/v2\/media?parent=575"}],"curies":[{"name":"wp","href":"https:\/\/api.w.org\/{rel}","templated":true}]}}