{"id":552,"date":"2024-08-18T22:59:00","date_gmt":"2024-08-18T21:59:00","guid":{"rendered":"https:\/\/matt.baume39.fr\/baume-tourism\/?page_id=552"},"modified":"2024-12-12T08:15:15","modified_gmt":"2024-12-12T08:15:15","slug":"tourisme-a-baume-les-points-positifs","status":"publish","type":"page","link":"https:\/\/matt.baume39.fr\/baume-tourism\/tourisme-a-baume-les-points-positifs\/","title":{"rendered":"Tourisme \u00e0 Baume &#8211; Une approche r\u00e9ussie"},"content":{"rendered":"<style>.kb-row-layout-id552_b06fd4-88 > .kt-row-column-wrap{align-content:start;}:where(.kb-row-layout-id552_b06fd4-88 > .kt-row-column-wrap) > .wp-block-kadence-column{justify-content:start;}.kb-row-layout-id552_b06fd4-88 > .kt-row-column-wrap{column-gap:var(--global-kb-gap-md, 2rem);row-gap:var(--global-kb-gap-md, 2rem);padding-top:var(--global-kb-spacing-sm, 1.5rem);padding-bottom:var(--global-kb-spacing-sm, 1.5rem);grid-template-columns:minmax(0, 2fr) minmax(0, 1fr);}.kb-row-layout-id552_b06fd4-88 > .kt-row-layout-overlay{opacity:0.30;}@media all and (max-width: 1024px){.kb-row-layout-id552_b06fd4-88 > .kt-row-column-wrap{grid-template-columns:minmax(0, 2fr) minmax(0, 1fr);}}@media all and (max-width: 767px){.kb-row-layout-id552_b06fd4-88 > .kt-row-column-wrap{grid-template-columns:minmax(0, 1fr);}}<\/style><div class=\"kb-row-layout-wrap kb-row-layout-id552_b06fd4-88 alignnone wp-block-kadence-rowlayout\"><div class=\"kt-row-column-wrap kt-has-2-columns kt-row-layout-left-golden kt-tab-layout-inherit kt-mobile-layout-row kt-row-valign-top\">\n<style>.kadence-column552_f42281-ae > .kt-inside-inner-col,.kadence-column552_f42281-ae > .kt-inside-inner-col:before{border-top-left-radius:0px;border-top-right-radius:0px;border-bottom-right-radius:0px;border-bottom-left-radius:0px;}.kadence-column552_f42281-ae > .kt-inside-inner-col{column-gap:var(--global-kb-gap-sm, 1rem);}.kadence-column552_f42281-ae > .kt-inside-inner-col{flex-direction:column;}.kadence-column552_f42281-ae > .kt-inside-inner-col > .aligncenter{width:100%;}.kadence-column552_f42281-ae > .kt-inside-inner-col:before{opacity:0.3;}.kadence-column552_f42281-ae{position:relative;}@media all and (max-width: 1024px){.kadence-column552_f42281-ae > .kt-inside-inner-col{flex-direction:column;justify-content:center;}}@media all and (max-width: 767px){.kadence-column552_f42281-ae > .kt-inside-inner-col{flex-direction:column;justify-content:center;}}<\/style>\n<div class=\"wp-block-kadence-column kadence-column552_f42281-ae\"><div class=\"kt-inside-inner-col\">\n<p><strong>Baume-les-Messieurs, un village pittoresque du Jura, est un mod\u00e8le de gestion touristique r\u00e9ussie qui ne repose pas sur la limitation de la fr\u00e9quentation des visiteurs. <\/strong><\/p>\n\n\n\n<p>Au contraire, le village a mis en place des strat\u00e9gies innovantes qui maximisent les avantages du tourisme tout en am\u00e9liorant l&#8217;exp\u00e9rience des r\u00e9sidents, des visiteurs et en dynamisant l&#8217;\u00e9conomie locale.<\/p>\n\n\n\n<p>La valorisation du patrimoine naturel et culturel de Baume-les-Messieurs est au c\u0153ur de sa strat\u00e9gie touristique. Le village est connu pour ses paysages spectaculaires, son abbaye imp\u00e9riale et ses grottes impressionnantes. En mettant en avant ces atouts par le biais de circuits de visite bien con\u00e7us, des guides locaux passionn\u00e9s et des panneaux informatifs, Baume-les-Messieurs parvient \u00e0 attirer un grand nombre de visiteurs tout en leur offrant une exp\u00e9rience riche et \u00e9ducative.<\/p>\n\n\n\n<p>Pour g\u00e9rer efficacement l&#8217;afflux de touristes sans le limiter, le village a investi dans des infrastructures ad\u00e9quates. Des parkings ont \u00e9t\u00e9 am\u00e9nag\u00e9s \u00e0 l&#8217;entr\u00e9e du village pour \u00e9viter la congestion dans les rues \u00e9troites. Des chemins pi\u00e9tonniers bien balis\u00e9s facilitent l&#8217;acc\u00e8s aux sites touristiques principaux, r\u00e9duisant ainsi les perturbations pour les r\u00e9sidents et am\u00e9liorant la fluidit\u00e9 des d\u00e9placements pour les visiteurs.<\/p>\n\n\n\n<p>L&#8217;engagement envers la durabilit\u00e9 et l&#8217;\u00e9cotourisme est \u00e9galement un aspect cl\u00e9 de la strat\u00e9gie de Baume-les-Messieurs. Le village encourage les pratiques respectueuses de l&#8217;environnement et la promotion de la randonn\u00e9e et du v\u00e9lo. Ces initiatives non seulement pr\u00e9servent l&#8217;environnement local mais attirent \u00e9galement un public soucieux de l&#8217;\u00e9cologie, pr\u00eat \u00e0 s&#8217;investir dans des s\u00e9jours plus longs et plus enrichissants.<\/p>\n\n\n\n<p>Le soutien \u00e0 l&#8217;\u00e9conomie locale est un autre pilier de la gestion touristique de Baume-les-Messieurs. Les artisans, producteurs locaux et commer\u00e7ants b\u00e9n\u00e9ficient directement de l&#8217;afflux de touristes. Les march\u00e9s, les spectacles, les \u00e9v\u00e9nements, les boutiques de souvenirs et les restaurants mettant en avant les produits r\u00e9gionaux permettent de g\u00e9n\u00e9rer des revenus suppl\u00e9mentaires et de cr\u00e9er des emplois locaux. Cette dynamique \u00e9conomique renforce le tissu social et contribue \u00e0 la prosp\u00e9rit\u00e9 du village.<\/p>\n\n\n\n<p>Les r\u00e9sidents de Baume-les-Messieurs profitent d&#8217;un cadre de vie am\u00e9lior\u00e9 gr\u00e2ce aux retomb\u00e9es positives du tourisme. Les investissements dans les infrastructures et les services publics, financ\u00e9s en partie par les recettes touristiques, am\u00e9liorent leur quotidien. <\/p>\n\n\n\n<p>La fiert\u00e9 locale est \u00e9galement renforc\u00e9e par la reconnaissance nationale et internationale du village comme destination touristique de premier plan.<\/p>\n<\/div><\/div>\n\n\n<style>.kadence-column552_ace42d-28 > .kt-inside-inner-col{padding-top:var(--global-kb-spacing-xs, 1rem);padding-right:var(--global-kb-spacing-xs, 1rem);padding-bottom:var(--global-kb-spacing-xs, 1rem);padding-left:var(--global-kb-spacing-xs, 1rem);}.kadence-column552_ace42d-28 > .kt-inside-inner-col,.kadence-column552_ace42d-28 > .kt-inside-inner-col:before{border-top-left-radius:0px;border-top-right-radius:0px;border-bottom-right-radius:0px;border-bottom-left-radius:0px;}.kadence-column552_ace42d-28 > .kt-inside-inner-col{column-gap:var(--global-kb-gap-sm, 1rem);}.kadence-column552_ace42d-28 > .kt-inside-inner-col{flex-direction:column;}.kadence-column552_ace42d-28 > .kt-inside-inner-col > .aligncenter{width:100%;}.kadence-column552_ace42d-28 > .kt-inside-inner-col{background-color:var(--global-palette8, #F7FAFC);}.kadence-column552_ace42d-28 > .kt-inside-inner-col:before{opacity:0.3;}.kadence-column552_ace42d-28{position:relative;}@media all and (max-width: 1024px){.kadence-column552_ace42d-28 > .kt-inside-inner-col{flex-direction:column;justify-content:center;}}@media all and (max-width: 767px){.kadence-column552_ace42d-28 > .kt-inside-inner-col{flex-direction:column;justify-content:center;}}<\/style>\n<div class=\"wp-block-kadence-column kadence-column552_ace42d-28\"><div class=\"kt-inside-inner-col\"><style>.wp-block-kadence-advancedheading.kt-adv-heading552_9beb2f-e4, .wp-block-kadence-advancedheading.kt-adv-heading552_9beb2f-e4[data-kb-block=\"kb-adv-heading552_9beb2f-e4\"]{font-style:normal;}.wp-block-kadence-advancedheading.kt-adv-heading552_9beb2f-e4 mark.kt-highlight, .wp-block-kadence-advancedheading.kt-adv-heading552_9beb2f-e4[data-kb-block=\"kb-adv-heading552_9beb2f-e4\"] mark.kt-highlight{font-style:normal;color:#f76a0c;-webkit-box-decoration-break:clone;box-decoration-break:clone;padding-top:0px;padding-right:0px;padding-bottom:0px;padding-left:0px;}.wp-block-kadence-advancedheading.kt-adv-heading552_9beb2f-e4 img.kb-inline-image, .wp-block-kadence-advancedheading.kt-adv-heading552_9beb2f-e4[data-kb-block=\"kb-adv-heading552_9beb2f-e4\"] img.kb-inline-image{width:150px;vertical-align:baseline;}<\/style>\n<h3 class=\"kt-adv-heading552_9beb2f-e4 wp-block-kadence-advancedheading\" data-kb-block=\"kb-adv-heading552_9beb2f-e4\">Les points positifs<\/h3>\n\n\n\n<p>Baume-les-Messieurs montre qu&#8217;il est possible de g\u00e9rer efficacement un tourisme de masse sans en limiter la fr\u00e9quentation.<\/p>\n\n\n<style>.kb-image552_71b8db-dc .kb-image-has-overlay:after{opacity:0.3;}<\/style>\n<figure class=\"wp-block-kadence-image kb-image552_71b8db-dc size-large kb-image-is-ratio-size\"><div class=\"kb-is-ratio-image kb-image-ratio-land43\"><img loading=\"lazy\" decoding=\"async\" width=\"1024\" height=\"1024\" src=\"http:\/\/matt.baume39.fr\/baume-tourism\/wp-content\/uploads\/sites\/10\/2024\/07\/IMG_5704-1024x1024.jpg\" alt=\"\" class=\"kb-img wp-image-310\" srcset=\"https:\/\/matt.baume39.fr\/baume-tourism\/wp-content\/uploads\/sites\/10\/2024\/07\/IMG_5704-1024x1024.jpg 1024w, https:\/\/matt.baume39.fr\/baume-tourism\/wp-content\/uploads\/sites\/10\/2024\/07\/IMG_5704-300x300.jpg 300w, https:\/\/matt.baume39.fr\/baume-tourism\/wp-content\/uploads\/sites\/10\/2024\/07\/IMG_5704-150x150.jpg 150w, https:\/\/matt.baume39.fr\/baume-tourism\/wp-content\/uploads\/sites\/10\/2024\/07\/IMG_5704-768x768.jpg 768w, https:\/\/matt.baume39.fr\/baume-tourism\/wp-content\/uploads\/sites\/10\/2024\/07\/IMG_5704-1536x1536.jpg 1536w, https:\/\/matt.baume39.fr\/baume-tourism\/wp-content\/uploads\/sites\/10\/2024\/07\/IMG_5704-500x500.jpg 500w, https:\/\/matt.baume39.fr\/baume-tourism\/wp-content\/uploads\/sites\/10\/2024\/07\/IMG_5704-800x800.jpg 800w, https:\/\/matt.baume39.fr\/baume-tourism\/wp-content\/uploads\/sites\/10\/2024\/07\/IMG_5704-1280x1280.jpg 1280w, https:\/\/matt.baume39.fr\/baume-tourism\/wp-content\/uploads\/sites\/10\/2024\/07\/IMG_5704.jpg 1600w\" sizes=\"auto, (max-width: 1024px) 100vw, 1024px\" \/><\/div><\/figure>\n\n\n\n<p>Gr\u00e2ce \u00e0 une valorisation intelligente du patrimoine, des infrastructures adapt\u00e9es, un engagement pour la durabilit\u00e9 et un soutien \u00e0 l&#8217;\u00e9conomie locale, le village offre une exp\u00e9rience enrichissante tant pour les visiteurs que pour les r\u00e9sidents. <\/p>\n\n\n\n<p>Ce mod\u00e8le de gestion touristique exemplaire contribue non seulement \u00e0 la pr\u00e9servation du patrimoine local mais aussi \u00e0 la prosp\u00e9rit\u00e9 \u00e9conomique et sociale de la communaut\u00e9.<\/p>\n<\/div><\/div>\n\n<\/div><\/div>","protected":false},"excerpt":{"rendered":"<p>Baume-les-Messieurs, un village pittoresque du Jura, est un mod\u00e8le de gestion touristique r\u00e9ussie qui ne repose pas sur la limitation de la fr\u00e9quentation des visiteurs. Au contraire, le village a mis en place des strat\u00e9gies innovantes qui maximisent les avantages du tourisme tout en am\u00e9liorant l&#8217;exp\u00e9rience des r\u00e9sidents, des visiteurs et en dynamisant l&#8217;\u00e9conomie locale&#8230;.<\/p>\n","protected":false},"author":1,"featured_media":0,"parent":0,"menu_order":0,"comment_status":"closed","ping_status":"closed","template":"","meta":{"_acf_changed":false,"_kadence_starter_templates_imported_post":false,"_kad_post_transparent":"","_kad_post_title":"","_kad_post_layout":"","_kad_post_sidebar_id":"","_kad_post_content_style":"","_kad_post_vertical_padding":"","_kad_post_feature":"","_kad_post_feature_position":"","_kad_post_header":false,"_kad_post_footer":false,"footnotes":""},"class_list":["post-552","page","type-page","status-publish","hentry"],"acf":[],"_links":{"self":[{"href":"https:\/\/matt.baume39.fr\/baume-tourism\/wp-json\/wp\/v2\/pages\/552","targetHints":{"allow":["GET"]}}],"collection":[{"href":"https:\/\/matt.baume39.fr\/baume-tourism\/wp-json\/wp\/v2\/pages"}],"about":[{"href":"https:\/\/matt.baume39.fr\/baume-tourism\/wp-json\/wp\/v2\/types\/page"}],"author":[{"embeddable":true,"href":"https:\/\/matt.baume39.fr\/baume-tourism\/wp-json\/wp\/v2\/users\/1"}],"replies":[{"embeddable":true,"href":"https:\/\/matt.baume39.fr\/baume-tourism\/wp-json\/wp\/v2\/comments?post=552"}],"version-history":[{"count":12,"href":"https:\/\/matt.baume39.fr\/baume-tourism\/wp-json\/wp\/v2\/pages\/552\/revisions"}],"predecessor-version":[{"id":1035,"href":"https:\/\/matt.baume39.fr\/baume-tourism\/wp-json\/wp\/v2\/pages\/552\/revisions\/1035"}],"wp:attachment":[{"href":"https:\/\/matt.baume39.fr\/baume-tourism\/wp-json\/wp\/v2\/media?parent=552"}],"curies":[{"name":"wp","href":"https:\/\/api.w.org\/{rel}","templated":true}]}}