{"id":468,"date":"2024-07-21T13:54:43","date_gmt":"2024-07-21T12:54:43","guid":{"rendered":"https:\/\/matt.baume39.fr\/baume-tourism\/?page_id=468"},"modified":"2024-07-22T08:20:20","modified_gmt":"2024-07-22T07:20:20","slug":"temoignages","status":"publish","type":"page","link":"https:\/\/matt.baume39.fr\/baume-tourism\/temoignages\/","title":{"rendered":"T\u00e9moignages"},"content":{"rendered":"<style>.kb-row-layout-id468_404df6-0d > .kt-row-column-wrap{align-content:start;}:where(.kb-row-layout-id468_404df6-0d > .kt-row-column-wrap) > .wp-block-kadence-column{justify-content:start;}.kb-row-layout-id468_404df6-0d > .kt-row-column-wrap{column-gap:var(--global-kb-gap-md, 2rem);row-gap:var(--global-kb-gap-md, 2rem);padding-top:var(--global-kb-spacing-sm, 1.5rem);padding-bottom:var(--global-kb-spacing-sm, 1.5rem);grid-template-columns:minmax(0, 2fr) minmax(0, 1fr);}.kb-row-layout-id468_404df6-0d > .kt-row-layout-overlay{opacity:0.30;}@media all and (max-width: 1024px){.kb-row-layout-id468_404df6-0d > .kt-row-column-wrap{grid-template-columns:minmax(0, 2fr) minmax(0, 1fr);}}@media all and (max-width: 767px){.kb-row-layout-id468_404df6-0d > .kt-row-column-wrap{grid-template-columns:minmax(0, 1fr);}}<\/style><div class=\"kb-row-layout-wrap kb-row-layout-id468_404df6-0d alignnone wp-block-kadence-rowlayout\"><div class=\"kt-row-column-wrap kt-has-2-columns kt-row-layout-left-golden kt-tab-layout-inherit kt-mobile-layout-row kt-row-valign-top\">\n<style>.kadence-column468_582a4b-cd > .kt-inside-inner-col,.kadence-column468_582a4b-cd > .kt-inside-inner-col:before{border-top-left-radius:0px;border-top-right-radius:0px;border-bottom-right-radius:0px;border-bottom-left-radius:0px;}.kadence-column468_582a4b-cd > .kt-inside-inner-col{column-gap:var(--global-kb-gap-sm, 1rem);}.kadence-column468_582a4b-cd > .kt-inside-inner-col{flex-direction:column;}.kadence-column468_582a4b-cd > .kt-inside-inner-col > .aligncenter{width:100%;}.kadence-column468_582a4b-cd > .kt-inside-inner-col:before{opacity:0.3;}.kadence-column468_582a4b-cd{position:relative;}@media all and (max-width: 1024px){.kadence-column468_582a4b-cd > .kt-inside-inner-col{flex-direction:column;justify-content:center;}}@media all and (max-width: 767px){.kadence-column468_582a4b-cd > .kt-inside-inner-col{flex-direction:column;justify-content:center;}}<\/style>\n<div class=\"wp-block-kadence-column kadence-column468_582a4b-cd\"><div class=\"kt-inside-inner-col\">\n<h3 class=\"wp-block-heading\">T\u00e9moignages Positifs<\/h3>\n\n\n\n<ul class=\"wp-block-list\">\n<li style=\"padding-top:var(--wp--preset--spacing--40);padding-bottom:var(--wp--preset--spacing--40)\"><em>&#8220;Le tourisme a apport\u00e9 une nouvelle vie \u00e0 notre village. Gr\u00e2ce aux visiteurs, nous avons maintenant des commerces et des restaurants ouverts toute l&#8217;ann\u00e9e.&#8221;<\/em><br>JP, commer\u00e7ant local<br><\/li>\n\n\n\n<li style=\"padding-top:var(--wp--preset--spacing--40);padding-bottom:var(--wp--preset--spacing--40)\"><em>&#8220;Les touristes apportent une \u00e9nergie nouvelle et une diversit\u00e9 culturelle \u00e0 notre village. C&#8217;est toujours int\u00e9ressant de rencontrer des gens du monde entier.&#8221;<\/em><br>MA, r\u00e9sidente de longue date<br><\/li>\n\n\n\n<li style=\"padding-top:var(--wp--preset--spacing--40);padding-bottom:var(--wp--preset--spacing--40)\"><em>&#8220;Les revenus g\u00e9n\u00e9r\u00e9s par le tourisme ont permis de restaurer l&#8217;abbaye et d&#8217;autres monuments historiques. C&#8217;est un grand avantage pour la pr\u00e9servation de notre patrimoine.&#8221;<\/em><br>CF, guide touristique<br><\/li>\n\n\n\n<li style=\"padding-top:var(--wp--preset--spacing--40);padding-bottom:var(--wp--preset--spacing--40)\"><em>&#8220;Les \u00e9v\u00e9nements et les festivals organis\u00e9s pour les touristes profitent \u00e9galement aux habitants. Cela cr\u00e9e une ambiance festive et renforce la communaut\u00e9.&#8221; <\/em><br>ML, artiste locale<\/li>\n<\/ul>\n\n\n\n<h3 class=\"wp-block-heading\">T\u00e9moignages N\u00e9gatifs<\/h3>\n\n\n\n<ul class=\"wp-block-list\">\n<li style=\"padding-top:var(--wp--preset--spacing--40);padding-bottom:var(--wp--preset--spacing--40)\"><em>&#8220;Avec l&#8217;afflux de touristes, notre village perd peu \u00e0 peu son authenticit\u00e9. Certains r\u00e9sidents se sentent d\u00e9poss\u00e9d\u00e9s de leur tranquillit\u00e9.&#8221;<\/em><br>NB, agriculteur<br><\/li>\n\n\n\n<li style=\"padding-top:var(--wp--preset--spacing--30);padding-bottom:var(--wp--preset--spacing--30)\"><em>&#8220;Le stationnement devient un vrai probl\u00e8me pendant la haute saison. Les rues sont encombr\u00e9es et il est difficile de trouver des places pour les habitants.&#8221;<\/em><br>CB, r\u00e9sidente<br><\/li>\n\n\n\n<li style=\"padding-top:var(--wp--preset--spacing--40);padding-bottom:var(--wp--preset--spacing--40)\"><em>&#8220;Certains touristes ne respectent pas l&#8217;environnement. On trouve souvent des d\u00e9chets laiss\u00e9s dans la nature, ce qui est tr\u00e8s dommageable pour notre belle vall\u00e9e.&#8221;<\/em><br>NG, randonneur<br><\/li>\n\n\n\n<li style=\"padding-top:var(--wp--preset--spacing--40);padding-bottom:var(--wp--preset--spacing--40)\"><em>&#8220;Le co\u00fbt de la vie a augment\u00e9 avec le d\u00e9veloppement touristique. Les prix des biens et des services sont plus \u00e9lev\u00e9s, ce qui met une pression sur les habitants.&#8221;<\/em><br>AM, retrait\u00e9e<\/li>\n<\/ul>\n\n\n\n<p><\/p>\n<\/div><\/div>\n\n\n<style>.kadence-column468_2e74cb-71 > .kt-inside-inner-col{padding-top:var(--global-kb-spacing-xs, 1rem);padding-right:var(--global-kb-spacing-xs, 1rem);padding-bottom:var(--global-kb-spacing-xs, 1rem);padding-left:var(--global-kb-spacing-xs, 1rem);}.kadence-column468_2e74cb-71 > .kt-inside-inner-col,.kadence-column468_2e74cb-71 > .kt-inside-inner-col:before{border-top-left-radius:0px;border-top-right-radius:0px;border-bottom-right-radius:0px;border-bottom-left-radius:0px;}.kadence-column468_2e74cb-71 > .kt-inside-inner-col{column-gap:var(--global-kb-gap-sm, 1rem);}.kadence-column468_2e74cb-71 > .kt-inside-inner-col{flex-direction:column;}.kadence-column468_2e74cb-71 > .kt-inside-inner-col > .aligncenter{width:100%;}.kadence-column468_2e74cb-71 > .kt-inside-inner-col{background-color:var(--global-palette8, #F7FAFC);}.kadence-column468_2e74cb-71 > .kt-inside-inner-col:before{opacity:0.3;}.kadence-column468_2e74cb-71{position:relative;}@media all and (max-width: 1024px){.kadence-column468_2e74cb-71 > .kt-inside-inner-col{flex-direction:column;justify-content:center;}}@media all and (max-width: 767px){.kadence-column468_2e74cb-71 > .kt-inside-inner-col{flex-direction:column;justify-content:center;}}<\/style>\n<div class=\"wp-block-kadence-column kadence-column468_2e74cb-71\"><div class=\"kt-inside-inner-col\"><style>.wp-block-kadence-advancedheading.kt-adv-heading468_ae3c64-3a, .wp-block-kadence-advancedheading.kt-adv-heading468_ae3c64-3a[data-kb-block=\"kb-adv-heading468_ae3c64-3a\"]{font-style:normal;}.wp-block-kadence-advancedheading.kt-adv-heading468_ae3c64-3a mark.kt-highlight, .wp-block-kadence-advancedheading.kt-adv-heading468_ae3c64-3a[data-kb-block=\"kb-adv-heading468_ae3c64-3a\"] mark.kt-highlight{font-style:normal;color:#f76a0c;-webkit-box-decoration-break:clone;box-decoration-break:clone;padding-top:0px;padding-right:0px;padding-bottom:0px;padding-left:0px;}.wp-block-kadence-advancedheading.kt-adv-heading468_ae3c64-3a img.kb-inline-image, .wp-block-kadence-advancedheading.kt-adv-heading468_ae3c64-3a[data-kb-block=\"kb-adv-heading468_ae3c64-3a\"] img.kb-inline-image{width:150px;vertical-align:baseline;}<\/style>\n<h3 class=\"kt-adv-heading468_ae3c64-3a wp-block-kadence-advancedheading\" data-kb-block=\"kb-adv-heading468_ae3c64-3a\">Une diversit\u00e9 des opinions<\/h3>\n\n\n\n<p>Ces t\u00e9moignages montrent la diversit\u00e9 des opinions parmi les habitants de Baume-les-Messieurs concernant l&#8217;impact du tourisme sur leur village. <\/p>\n\n\n<style>.kb-image468_222546-33 .kb-image-has-overlay:after{opacity:0.3;}<\/style>\n<figure class=\"wp-block-kadence-image kb-image468_222546-33 size-large\"><img loading=\"lazy\" decoding=\"async\" width=\"1024\" height=\"1024\" src=\"http:\/\/matt.baume39.fr\/baume-tourism\/wp-content\/uploads\/sites\/10\/2024\/07\/IMG_6396-1024x1024.jpg\" alt=\"\" class=\"kb-img wp-image-359\" srcset=\"https:\/\/matt.baume39.fr\/baume-tourism\/wp-content\/uploads\/sites\/10\/2024\/07\/IMG_6396-1024x1024.jpg 1024w, https:\/\/matt.baume39.fr\/baume-tourism\/wp-content\/uploads\/sites\/10\/2024\/07\/IMG_6396-300x300.jpg 300w, https:\/\/matt.baume39.fr\/baume-tourism\/wp-content\/uploads\/sites\/10\/2024\/07\/IMG_6396-150x150.jpg 150w, https:\/\/matt.baume39.fr\/baume-tourism\/wp-content\/uploads\/sites\/10\/2024\/07\/IMG_6396-768x768.jpg 768w, https:\/\/matt.baume39.fr\/baume-tourism\/wp-content\/uploads\/sites\/10\/2024\/07\/IMG_6396-500x500.jpg 500w, https:\/\/matt.baume39.fr\/baume-tourism\/wp-content\/uploads\/sites\/10\/2024\/07\/IMG_6396-800x800.jpg 800w, https:\/\/matt.baume39.fr\/baume-tourism\/wp-content\/uploads\/sites\/10\/2024\/07\/IMG_6396.jpg 1200w\" sizes=\"auto, (max-width: 1024px) 100vw, 1024px\" \/><\/figure>\n\n\n\n<p>Tandis que certains voient les b\u00e9n\u00e9fices \u00e9conomiques et culturels, d&#8217;autres ressentent des inconv\u00e9nients li\u00e9s \u00e0 l&#8217;augmentation de la fr\u00e9quentation et aux changements qu&#8217;elle entra\u00eene.<\/p>\n<\/div><\/div>\n\n<\/div><\/div>","protected":false},"excerpt":{"rendered":"<p>T\u00e9moignages Positifs T\u00e9moignages N\u00e9gatifs Une diversit\u00e9 des opinions Ces t\u00e9moignages montrent la diversit\u00e9 des opinions parmi les habitants de Baume-les-Messieurs concernant l&#8217;impact du tourisme sur leur village. Tandis que certains voient les b\u00e9n\u00e9fices \u00e9conomiques et culturels, d&#8217;autres ressentent des inconv\u00e9nients li\u00e9s \u00e0 l&#8217;augmentation de la fr\u00e9quentation et aux changements qu&#8217;elle entra\u00eene.<\/p>\n","protected":false},"author":1,"featured_media":0,"parent":0,"menu_order":0,"comment_status":"closed","ping_status":"closed","template":"","meta":{"_acf_changed":false,"_kadence_starter_templates_imported_post":false,"_kad_post_transparent":"","_kad_post_title":"","_kad_post_layout":"","_kad_post_sidebar_id":"","_kad_post_content_style":"","_kad_post_vertical_padding":"","_kad_post_feature":"","_kad_post_feature_position":"","_kad_post_header":false,"_kad_post_footer":false,"footnotes":""},"class_list":["post-468","page","type-page","status-publish","hentry"],"acf":[],"_links":{"self":[{"href":"https:\/\/matt.baume39.fr\/baume-tourism\/wp-json\/wp\/v2\/pages\/468","targetHints":{"allow":["GET"]}}],"collection":[{"href":"https:\/\/matt.baume39.fr\/baume-tourism\/wp-json\/wp\/v2\/pages"}],"about":[{"href":"https:\/\/matt.baume39.fr\/baume-tourism\/wp-json\/wp\/v2\/types\/page"}],"author":[{"embeddable":true,"href":"https:\/\/matt.baume39.fr\/baume-tourism\/wp-json\/wp\/v2\/users\/1"}],"replies":[{"embeddable":true,"href":"https:\/\/matt.baume39.fr\/baume-tourism\/wp-json\/wp\/v2\/comments?post=468"}],"version-history":[{"count":8,"href":"https:\/\/matt.baume39.fr\/baume-tourism\/wp-json\/wp\/v2\/pages\/468\/revisions"}],"predecessor-version":[{"id":518,"href":"https:\/\/matt.baume39.fr\/baume-tourism\/wp-json\/wp\/v2\/pages\/468\/revisions\/518"}],"wp:attachment":[{"href":"https:\/\/matt.baume39.fr\/baume-tourism\/wp-json\/wp\/v2\/media?parent=468"}],"curies":[{"name":"wp","href":"https:\/\/api.w.org\/{rel}","templated":true}]}}