{"id":316,"date":"2024-07-20T10:13:32","date_gmt":"2024-07-20T09:13:32","guid":{"rendered":"https:\/\/matt.baume39.fr\/baume-tourism\/?page_id=316"},"modified":"2024-07-21T08:11:10","modified_gmt":"2024-07-21T07:11:10","slug":"histoire-et-culture","status":"publish","type":"page","link":"https:\/\/matt.baume39.fr\/baume-tourism\/histoire-et-culture\/","title":{"rendered":"\u00c0 Propos de Baume-les-Messieurs"},"content":{"rendered":"<style>.kb-row-layout-id316_fec858-60 > .kt-row-column-wrap{align-content:start;}:where(.kb-row-layout-id316_fec858-60 > .kt-row-column-wrap) > .wp-block-kadence-column{justify-content:start;}.kb-row-layout-id316_fec858-60 > .kt-row-column-wrap{column-gap:var(--global-kb-gap-md, 2rem);row-gap:var(--global-kb-gap-md, 2rem);padding-top:var(--global-kb-spacing-sm, 1.5rem);padding-bottom:var(--global-kb-spacing-sm, 1.5rem);grid-template-columns:minmax(0, calc(70% - ((var(--global-kb-gap-md, 2rem) * 1 )\/2)))minmax(0, calc(30% - ((var(--global-kb-gap-md, 2rem) * 1 )\/2)));}.kb-row-layout-id316_fec858-60 > .kt-row-layout-overlay{opacity:0.30;}@media all and (max-width: 1024px){.kb-row-layout-id316_fec858-60 > .kt-row-column-wrap{grid-template-columns:repeat(2, minmax(0, 1fr));}}@media all and (max-width: 767px){.kb-row-layout-id316_fec858-60 > .kt-row-column-wrap{grid-template-columns:minmax(0, 1fr);}}<\/style><div class=\"kb-row-layout-wrap kb-row-layout-id316_fec858-60 alignnone wp-block-kadence-rowlayout\"><div class=\"kt-row-column-wrap kt-has-2-columns kt-row-layout-equal kt-tab-layout-inherit kt-mobile-layout-row kt-row-valign-top\">\n<style>.kadence-column316_30f004-ff > .kt-inside-inner-col,.kadence-column316_30f004-ff > .kt-inside-inner-col:before{border-top-left-radius:0px;border-top-right-radius:0px;border-bottom-right-radius:0px;border-bottom-left-radius:0px;}.kadence-column316_30f004-ff > .kt-inside-inner-col{column-gap:var(--global-kb-gap-sm, 1rem);}.kadence-column316_30f004-ff > .kt-inside-inner-col{flex-direction:column;}.kadence-column316_30f004-ff > .kt-inside-inner-col > .aligncenter{width:100%;}.kadence-column316_30f004-ff > .kt-inside-inner-col:before{opacity:0.3;}.kadence-column316_30f004-ff{position:relative;}@media all and (max-width: 1024px){.kadence-column316_30f004-ff > .kt-inside-inner-col{flex-direction:column;justify-content:center;}}@media all and (max-width: 767px){.kadence-column316_30f004-ff > .kt-inside-inner-col{flex-direction:column;justify-content:center;}}<\/style>\n<div class=\"wp-block-kadence-column kadence-column316_30f004-ff\"><div class=\"kt-inside-inner-col\">\n<h2 class=\"wp-block-heading\"><strong>Histoire<\/strong><\/h2>\n\n\n<style>.kb-image316_f5a437-91 .kb-image-has-overlay:after{opacity:0.3;}<\/style>\n<figure class=\"wp-block-kadence-image kb-image316_f5a437-91 size-large\"><img loading=\"lazy\" decoding=\"async\" width=\"1024\" height=\"409\" src=\"http:\/\/matt.baume39.fr\/baume-tourism\/wp-content\/uploads\/sites\/10\/2024\/07\/7-IMG_8235-1024x409.jpg\" alt=\"\" class=\"kb-img wp-image-345\" srcset=\"https:\/\/matt.baume39.fr\/baume-tourism\/wp-content\/uploads\/sites\/10\/2024\/07\/7-IMG_8235-1024x409.jpg 1024w, https:\/\/matt.baume39.fr\/baume-tourism\/wp-content\/uploads\/sites\/10\/2024\/07\/7-IMG_8235-300x120.jpg 300w, https:\/\/matt.baume39.fr\/baume-tourism\/wp-content\/uploads\/sites\/10\/2024\/07\/7-IMG_8235-768x307.jpg 768w, https:\/\/matt.baume39.fr\/baume-tourism\/wp-content\/uploads\/sites\/10\/2024\/07\/7-IMG_8235-1536x613.jpg 1536w, https:\/\/matt.baume39.fr\/baume-tourism\/wp-content\/uploads\/sites\/10\/2024\/07\/7-IMG_8235-500x200.jpg 500w, https:\/\/matt.baume39.fr\/baume-tourism\/wp-content\/uploads\/sites\/10\/2024\/07\/7-IMG_8235-800x320.jpg 800w, https:\/\/matt.baume39.fr\/baume-tourism\/wp-content\/uploads\/sites\/10\/2024\/07\/7-IMG_8235-1280x511.jpg 1280w, https:\/\/matt.baume39.fr\/baume-tourism\/wp-content\/uploads\/sites\/10\/2024\/07\/7-IMG_8235.jpg 1600w\" sizes=\"auto, (max-width: 1024px) 100vw, 1024px\" \/><\/figure>\n\n\n\n<h3 class=\"wp-block-heading\"><strong>Origines Anciennes<\/strong><\/h3>\n\n\n\n<p>L&#8217;histoire de Baume-les-Messieurs remonte \u00e0 l&#8217;\u00e9poque gallo-romaine. Les premi\u00e8res traces d&#8217;occupation humaine dans la r\u00e9gion sont des vestiges arch\u00e9ologiques qui t\u00e9moignent de l&#8217;importance de ce site d\u00e8s l&#8217;Antiquit\u00e9.<\/p>\n\n\n\n<h3 class=\"wp-block-heading\"><strong>Fondation de l&#8217;Abbaye<\/strong><\/h3>\n\n\n\n<p>L&#8217;histoire de Baume-les-Messieurs est indissociable de celle de son abbaye imp\u00e9riale. Fond\u00e9e au IXe si\u00e8cle par les moines b\u00e9n\u00e9dictins, l&#8217;abbaye de Baume a jou\u00e9 un r\u00f4le crucial dans le d\u00e9veloppement spirituel et \u00e9conomique de la r\u00e9gion. Sous la protection des empereurs carolingiens, l&#8217;abbaye a prosp\u00e9r\u00e9 et est devenue un centre de rayonnement religieux et culturel.<\/p>\n\n\n\n<h3 class=\"wp-block-heading\"><strong>P\u00e9riode M\u00e9di\u00e9vale<\/strong><\/h3>\n\n\n\n<p>Au cours du Moyen \u00c2ge, Baume-les-Messieurs a connu une p\u00e9riode de grande prosp\u00e9rit\u00e9. L&#8217;abbaye, avec ses vastes terres et ses nombreux privil\u00e8ges, \u00e9tait un centre \u00e9conomique florissant. Les moines ont contribu\u00e9 au d\u00e9veloppement de l&#8217;agriculture et \u00e0 la gestion des ressources naturelles de la r\u00e9gion.<\/p>\n\n\n\n<h3 class=\"wp-block-heading\"><strong>R\u00e9volution Fran\u00e7aise et D\u00e9clin<\/strong><\/h3>\n\n\n\n<p>Avec la R\u00e9volution fran\u00e7aise, l&#8217;abbaye a \u00e9t\u00e9 s\u00e9cularis\u00e9e et a progressivement perdu son influence. Les b\u00e2timents monastiques ont \u00e9t\u00e9 en partie d\u00e9mantel\u00e9s ou transform\u00e9s \u00e0 d&#8217;autres usages. Cependant, le village a su pr\u00e9server son patrimoine architectural et naturel.<\/p>\n\n\n\n<h3 class=\"wp-block-heading\"><strong>Renaissance Touristique<\/strong><\/h3>\n\n\n\n<p>Au XXe si\u00e8cle, Baume-les-Messieurs a connu une renaissance gr\u00e2ce au tourisme. La beaut\u00e9 de ses paysages, la richesse de son patrimoine et la qui\u00e9tude de son environnement en font une destination pris\u00e9e des visiteurs en qu\u00eate d&#8217;authenticit\u00e9 et de d\u00e9couvertes culturelles.<\/p>\n\n\n\n<h2 class=\"wp-block-heading\"><strong>Culture<\/strong><\/h2>\n\n\n\n<h3 class=\"wp-block-heading\"><strong>Patrimoine Architectural<\/strong><\/h3>\n\n\n\n<p>Le patrimoine architectural de Baume-les-Messieurs est remarquable. L&#8217;abbaye imp\u00e9riale, avec son \u00e9glise abbatiale et ses b\u00e2timents monastiques, constitue le c\u0153ur historique du village. Les maisons de pierre, les lavoirs et les fours \u00e0 pain t\u00e9moignent d&#8217;une architecture rurale pr\u00e9serv\u00e9e.<\/p>\n\n\n\n<h3 class=\"wp-block-heading\"><strong>Traditions et Festivit\u00e9s<\/strong><\/h3>\n\n\n\n<p>Baume-les-Messieurs est un village o\u00f9 les traditions sont encore bien vivantes. Les f\u00eates religieuses, les foires agricoles et les march\u00e9s de producteurs rythment la vie locale. La f\u00eate des Quilles, un jeu traditionnel de quilles, est un \u00e9v\u00e9nement annuel tr\u00e8s attendu.<\/p>\n\n\n\n<h3 class=\"wp-block-heading\"><strong>Arts et Artisanat<\/strong><\/h3>\n\n\n\n<p>Le village est \u00e9galement un lieu de rencontre pour les artistes et les artisans. Les expositions d&#8217;art, les ateliers de c\u00e9ramique et les boutiques artisanales offrent aux visiteurs l&#8217;occasion de d\u00e9couvrir des cr\u00e9ations locales et de rencontrer les artisans.<\/p>\n\n\n\n<h3 class=\"wp-block-heading\"><strong>Musique et Concerts<\/strong><\/h3>\n\n\n\n<p>La musique occupe une place importante dans la vie culturelle de Baume-les-Messieurs. L&#8217;abbaye accueille r\u00e9guli\u00e8rement des concerts de musique classique et de musique folk. Ces \u00e9v\u00e9nements attirent des m\u00e9lomanes de toute la r\u00e9gion et contribuent \u00e0 l&#8217;animation culturelle du village.<\/p>\n\n\n\n<h3 class=\"wp-block-heading\"><strong>Gastronomie<\/strong><\/h3>\n\n\n\n<p>La gastronomie jurassienne est une composante essentielle de la culture locale. Les produits du terroir, tels que le Comt\u00e9 et le Morbier, sont incontournables. Les restaurants et les auberges du village mettent \u00e0 l&#8217;honneur la cuisine locale, offrant aux visiteurs une exp\u00e9rience culinaire authentique.<\/p>\n\n\n\n<h3 class=\"wp-block-heading\"><strong>Nature et Environnement<\/strong><\/h3>\n\n\n\n<p>La nature environnante de Baume-les-Messieurs est un tr\u00e9sor \u00e0 part enti\u00e8re. Les falaises imposantes, les grottes spectaculaires et les cascades offrent un cadre naturel exceptionnel. Les sentiers de randonn\u00e9e permettent de d\u00e9couvrir cette nature pr\u00e9serv\u00e9e et de s&#8217;immerger dans des paysages \u00e0 couper le souffle. <\/p>\n<\/div><\/div>\n\n\n<style>.kadence-column316_d626f4-2a > .kt-inside-inner-col{padding-top:var(--global-kb-spacing-xs, 1rem);padding-right:var(--global-kb-spacing-xs, 1rem);padding-bottom:var(--global-kb-spacing-xs, 1rem);padding-left:var(--global-kb-spacing-xs, 1rem);}.kadence-column316_d626f4-2a > .kt-inside-inner-col,.kadence-column316_d626f4-2a > .kt-inside-inner-col:before{border-top-left-radius:0px;border-top-right-radius:0px;border-bottom-right-radius:0px;border-bottom-left-radius:0px;}.kadence-column316_d626f4-2a > .kt-inside-inner-col{column-gap:var(--global-kb-gap-sm, 1rem);}.kadence-column316_d626f4-2a > .kt-inside-inner-col{flex-direction:column;}.kadence-column316_d626f4-2a > .kt-inside-inner-col > .aligncenter{width:100%;}.kadence-column316_d626f4-2a > .kt-inside-inner-col{background-color:var(--global-palette8, #F7FAFC);}.kadence-column316_d626f4-2a > .kt-inside-inner-col:before{opacity:0.3;}.kadence-column316_d626f4-2a{position:relative;}@media all and (max-width: 1024px){.kadence-column316_d626f4-2a > .kt-inside-inner-col{flex-direction:column;justify-content:center;}}@media all and (max-width: 767px){.kadence-column316_d626f4-2a > .kt-inside-inner-col{flex-direction:column;justify-content:center;}}<\/style>\n<div class=\"wp-block-kadence-column kadence-column316_d626f4-2a\"><div class=\"kt-inside-inner-col\"><style>.wp-block-kadence-advancedheading.kt-adv-heading316_0921d9-2a, .wp-block-kadence-advancedheading.kt-adv-heading316_0921d9-2a[data-kb-block=\"kb-adv-heading316_0921d9-2a\"]{font-style:normal;}.wp-block-kadence-advancedheading.kt-adv-heading316_0921d9-2a mark.kt-highlight, .wp-block-kadence-advancedheading.kt-adv-heading316_0921d9-2a[data-kb-block=\"kb-adv-heading316_0921d9-2a\"] mark.kt-highlight{font-style:normal;color:#f76a0c;-webkit-box-decoration-break:clone;box-decoration-break:clone;padding-top:0px;padding-right:0px;padding-bottom:0px;padding-left:0px;}.wp-block-kadence-advancedheading.kt-adv-heading316_0921d9-2a img.kb-inline-image, .wp-block-kadence-advancedheading.kt-adv-heading316_0921d9-2a[data-kb-block=\"kb-adv-heading316_0921d9-2a\"] img.kb-inline-image{width:150px;vertical-align:baseline;}<\/style>\n<h3 class=\"kt-adv-heading316_0921d9-2a wp-block-kadence-advancedheading\" data-kb-block=\"kb-adv-heading316_0921d9-2a\">D\u00e9couvrir Baume-les-Messieurs<\/h3>\n\n\n\n<p>Situ\u00e9 au c\u0153ur du Jura, Baume-les-Messieurs est connu pour ses paysages \u00e9poustouflants, ses grottes impressionnantes et son abbaye imp\u00e9riale. <\/p>\n\n\n\n<p>Notre village, class\u00e9 parmi les &#8220;Plus Beaux Villages de France&#8221;, attire des milliers de visiteurs chaque ann\u00e9e.<\/p>\n\n\n<style>.kb-image316_590602-79 .kb-image-has-overlay:after{opacity:0.3;}<\/style>\n<figure class=\"wp-block-kadence-image kb-image316_590602-79 size-large kb-image-is-ratio-size\"><div class=\"kb-is-ratio-image kb-image-ratio-square\"><img loading=\"lazy\" decoding=\"async\" width=\"1024\" height=\"1024\" src=\"http:\/\/matt.baume39.fr\/baume-tourism\/wp-content\/uploads\/sites\/10\/2024\/07\/IMG_5704-1024x1024.jpg\" alt=\"\" class=\"kb-img wp-image-310\" srcset=\"https:\/\/matt.baume39.fr\/baume-tourism\/wp-content\/uploads\/sites\/10\/2024\/07\/IMG_5704-1024x1024.jpg 1024w, https:\/\/matt.baume39.fr\/baume-tourism\/wp-content\/uploads\/sites\/10\/2024\/07\/IMG_5704-300x300.jpg 300w, https:\/\/matt.baume39.fr\/baume-tourism\/wp-content\/uploads\/sites\/10\/2024\/07\/IMG_5704-150x150.jpg 150w, https:\/\/matt.baume39.fr\/baume-tourism\/wp-content\/uploads\/sites\/10\/2024\/07\/IMG_5704-768x768.jpg 768w, https:\/\/matt.baume39.fr\/baume-tourism\/wp-content\/uploads\/sites\/10\/2024\/07\/IMG_5704-1536x1536.jpg 1536w, https:\/\/matt.baume39.fr\/baume-tourism\/wp-content\/uploads\/sites\/10\/2024\/07\/IMG_5704-500x500.jpg 500w, https:\/\/matt.baume39.fr\/baume-tourism\/wp-content\/uploads\/sites\/10\/2024\/07\/IMG_5704-800x800.jpg 800w, https:\/\/matt.baume39.fr\/baume-tourism\/wp-content\/uploads\/sites\/10\/2024\/07\/IMG_5704-1280x1280.jpg 1280w, https:\/\/matt.baume39.fr\/baume-tourism\/wp-content\/uploads\/sites\/10\/2024\/07\/IMG_5704.jpg 1600w\" sizes=\"auto, (max-width: 1024px) 100vw, 1024px\" \/><\/div><\/figure>\n\n\n<style>.wp-block-kadence-advancedheading.kt-adv-heading316_818fb3-fe, .wp-block-kadence-advancedheading.kt-adv-heading316_818fb3-fe[data-kb-block=\"kb-adv-heading316_818fb3-fe\"]{font-style:normal;background-color:var(--global-palette8, #F7FAFC);}.wp-block-kadence-advancedheading.kt-adv-heading316_818fb3-fe mark.kt-highlight, .wp-block-kadence-advancedheading.kt-adv-heading316_818fb3-fe[data-kb-block=\"kb-adv-heading316_818fb3-fe\"] mark.kt-highlight{font-style:normal;color:#f76a0c;-webkit-box-decoration-break:clone;box-decoration-break:clone;padding-top:0px;padding-right:0px;padding-bottom:0px;padding-left:0px;}.wp-block-kadence-advancedheading.kt-adv-heading316_818fb3-fe img.kb-inline-image, .wp-block-kadence-advancedheading.kt-adv-heading316_818fb3-fe[data-kb-block=\"kb-adv-heading316_818fb3-fe\"] img.kb-inline-image{width:150px;vertical-align:baseline;}<\/style>\n<h2 class=\"kt-adv-heading316_818fb3-fe wp-block-kadence-advancedheading\" data-kb-block=\"kb-adv-heading316_818fb3-fe\">Un village o\u00f9 l&#8217;histoire et la culture se rencontrent<\/h2>\n\n\n\n<p>Baume-les-Messieurs est un village o\u00f9 l&#8217;histoire et la culture se rencontrent et se compl\u00e8tent harmonieusement. <\/p>\n\n\n\n<p>Ses racines historiques profondes et ses traditions culturelles vivantes en font un lieu unique et enchanteur. <\/p>\n\n\n\n<p>En visitant Baume-les-Messieurs, on ne d\u00e9couvre pas seulement un village, mais une v\u00e9ritable histoire vivante, un h\u00e9ritage pr\u00e9serv\u00e9 et une culture authentique.<\/p>\n<\/div><\/div>\n\n<\/div><\/div>","protected":false},"excerpt":{"rendered":"<p>Histoire Origines Anciennes L&#8217;histoire de Baume-les-Messieurs remonte \u00e0 l&#8217;\u00e9poque gallo-romaine. Les premi\u00e8res traces d&#8217;occupation humaine dans la r\u00e9gion sont des vestiges arch\u00e9ologiques qui t\u00e9moignent de l&#8217;importance de ce site d\u00e8s l&#8217;Antiquit\u00e9. Fondation de l&#8217;Abbaye L&#8217;histoire de Baume-les-Messieurs est indissociable de celle de son abbaye imp\u00e9riale. Fond\u00e9e au IXe si\u00e8cle par les moines b\u00e9n\u00e9dictins, l&#8217;abbaye de&#8230;<\/p>\n","protected":false},"author":1,"featured_media":0,"parent":0,"menu_order":0,"comment_status":"closed","ping_status":"closed","template":"","meta":{"_acf_changed":false,"_kadence_starter_templates_imported_post":false,"_kad_post_transparent":"","_kad_post_title":"","_kad_post_layout":"","_kad_post_sidebar_id":"","_kad_post_content_style":"","_kad_post_vertical_padding":"","_kad_post_feature":"","_kad_post_feature_position":"","_kad_post_header":false,"_kad_post_footer":false,"footnotes":""},"class_list":["post-316","page","type-page","status-publish","hentry"],"acf":[],"_links":{"self":[{"href":"https:\/\/matt.baume39.fr\/baume-tourism\/wp-json\/wp\/v2\/pages\/316","targetHints":{"allow":["GET"]}}],"collection":[{"href":"https:\/\/matt.baume39.fr\/baume-tourism\/wp-json\/wp\/v2\/pages"}],"about":[{"href":"https:\/\/matt.baume39.fr\/baume-tourism\/wp-json\/wp\/v2\/types\/page"}],"author":[{"embeddable":true,"href":"https:\/\/matt.baume39.fr\/baume-tourism\/wp-json\/wp\/v2\/users\/1"}],"replies":[{"embeddable":true,"href":"https:\/\/matt.baume39.fr\/baume-tourism\/wp-json\/wp\/v2\/comments?post=316"}],"version-history":[{"count":8,"href":"https:\/\/matt.baume39.fr\/baume-tourism\/wp-json\/wp\/v2\/pages\/316\/revisions"}],"predecessor-version":[{"id":380,"href":"https:\/\/matt.baume39.fr\/baume-tourism\/wp-json\/wp\/v2\/pages\/316\/revisions\/380"}],"wp:attachment":[{"href":"https:\/\/matt.baume39.fr\/baume-tourism\/wp-json\/wp\/v2\/media?parent=316"}],"curies":[{"name":"wp","href":"https:\/\/api.w.org\/{rel}","templated":true}]}}