{"id":314,"date":"2024-07-20T10:12:24","date_gmt":"2024-07-20T09:12:24","guid":{"rendered":"https:\/\/matt.baume39.fr\/baume-tourism\/?page_id=314"},"modified":"2024-07-21T08:09:59","modified_gmt":"2024-07-21T07:09:59","slug":"gestion-du-tourisme","status":"publish","type":"page","link":"https:\/\/matt.baume39.fr\/baume-tourism\/gestion-du-tourisme\/","title":{"rendered":"Gestion du Tourisme"},"content":{"rendered":"<style>.kb-row-layout-id314_a4762d-7f > .kt-row-column-wrap{align-content:start;}:where(.kb-row-layout-id314_a4762d-7f > .kt-row-column-wrap) > .wp-block-kadence-column{justify-content:start;}.kb-row-layout-id314_a4762d-7f > .kt-row-column-wrap{column-gap:var(--global-kb-gap-md, 2rem);row-gap:var(--global-kb-gap-md, 2rem);padding-top:0px;padding-right:0px;padding-bottom:0px;padding-left:0px;grid-template-columns:minmax(0, calc(65% - ((var(--global-kb-gap-md, 2rem) * 1 )\/2)))minmax(0, calc(35% - ((var(--global-kb-gap-md, 2rem) * 1 )\/2)));}.kb-row-layout-id314_a4762d-7f > .kt-row-layout-overlay{opacity:0.30;}@media all and (max-width: 1024px){.kb-row-layout-id314_a4762d-7f > .kt-row-column-wrap{grid-template-columns:repeat(2, minmax(0, 1fr));}}@media all and (max-width: 767px){.kb-row-layout-id314_a4762d-7f > .kt-row-column-wrap{grid-template-columns:minmax(0, 1fr);}}<\/style><div class=\"kb-row-layout-wrap kb-row-layout-id314_a4762d-7f alignnone wp-block-kadence-rowlayout\"><div class=\"kt-row-column-wrap kt-has-2-columns kt-row-layout-equal kt-tab-layout-inherit kt-mobile-layout-row kt-row-valign-top\">\n<style>.kadence-column314_409562-ca > .kt-inside-inner-col,.kadence-column314_409562-ca > .kt-inside-inner-col:before{border-top-left-radius:0px;border-top-right-radius:0px;border-bottom-right-radius:0px;border-bottom-left-radius:0px;}.kadence-column314_409562-ca > .kt-inside-inner-col{column-gap:var(--global-kb-gap-sm, 1rem);}.kadence-column314_409562-ca > .kt-inside-inner-col{flex-direction:column;}.kadence-column314_409562-ca > .kt-inside-inner-col > .aligncenter{width:100%;}.kadence-column314_409562-ca > .kt-inside-inner-col:before{opacity:0.3;}.kadence-column314_409562-ca{position:relative;}@media all and (max-width: 1024px){.kadence-column314_409562-ca > .kt-inside-inner-col{flex-direction:column;justify-content:center;}}@media all and (max-width: 767px){.kadence-column314_409562-ca > .kt-inside-inner-col{flex-direction:column;justify-content:center;}}<\/style>\n<div class=\"wp-block-kadence-column kadence-column314_409562-ca\"><div class=\"kt-inside-inner-col\">\n<h1 class=\"wp-block-heading\">Pratiques de Gestion Durable du Tourisme \u00e0 Baume-les-Messieurs<\/h1>\n\n\n\n<p>Baume-les-Messieurs, nich\u00e9 dans le Jura, est un village de charme qui attire chaque ann\u00e9e de nombreux visiteurs gr\u00e2ce \u00e0 ses paysages naturels \u00e9poustouflants, son patrimoine historique et sa culture riche. Pour pr\u00e9server ces tr\u00e9sors tout en profitant des b\u00e9n\u00e9fices \u00e9conomiques du tourisme, il est essentiel de mettre en place des pratiques de gestion durable. Voici quelques-unes des pratiques durables que Baume-les-Messieurs pourrait adopter pour un tourisme responsable et respectueux de l&#8217;environnement.<\/p>\n\n\n\n<h2 class=\"wp-block-heading\"><strong>Gestion des Flux Touristiques<\/strong><\/h2>\n\n\n\n<h3 class=\"wp-block-heading\"><strong>Encourager la Visite Hors Saison<\/strong><\/h3>\n\n\n\n<p>Pour \u00e9viter la surfr\u00e9quentation pendant les p\u00e9riodes de pointe, Baume-les-Messieurs pourrait promouvoir le tourisme hors saison. Cela permettrait de r\u00e9partir les flux de visiteurs tout au long de l&#8217;ann\u00e9e, r\u00e9duisant ainsi la pression sur les infrastructures et les sites naturels.<\/p>\n\n\n\n<h3 class=\"wp-block-heading\"><strong>Mise en Place de Syst\u00e8mes de R\u00e9servation<\/strong><\/h3>\n\n\n\n<p>La gestion des r\u00e9servations pour les sites populaires, comme les grottes et l\u2019abbaye, pourrait \u00eatre optimis\u00e9e gr\u00e2ce \u00e0 des syst\u00e8mes de r\u00e9servation en ligne. Cela permettrait de contr\u00f4ler le nombre de visiteurs et d&#8217;\u00e9viter les surcharges.<\/p>\n\n\n\n<h2 class=\"wp-block-heading\"><strong>Protection de l\u2019Environnement<\/strong><\/h2>\n\n\n\n<h3 class=\"wp-block-heading\"><strong>Gestion des D\u00e9chets<\/strong><\/h3>\n\n\n\n<p>La mise en place de poubelles de tri s\u00e9lectif dans tout le village et aux abords des sites touristiques est essentielle. Des campagnes de sensibilisation sur l\u2019importance du tri des d\u00e9chets et du respect de l&#8217;environnement pourraient \u00eatre organis\u00e9es.<\/p>\n\n\n\n<h3 class=\"wp-block-heading\"><strong>Promotion de la Mobilit\u00e9 Douce<\/strong><\/h3>\n\n\n\n<p>Encourager les visiteurs \u00e0 utiliser des modes de transport \u00e9cologiques, tels que la marche, le v\u00e9lo ou les transports en commun, peut r\u00e9duire l&#8217;empreinte carbone. Des navettes \u00e9lectriques pour desservir les principaux sites touristiques pourraient \u00e9galement \u00eatre envisag\u00e9es.<\/p>\n\n\n\n<h3 class=\"wp-block-heading\"><strong>Conservation des Ressources Naturelles<\/strong><\/h3>\n\n\n\n<p>La protection des espaces naturels est cruciale. Des mesures telles que la limitation de l&#8217;acc\u00e8s \u00e0 certaines zones sensibles, la cr\u00e9ation de sentiers balis\u00e9s et la sensibilisation des visiteurs \u00e0 la pr\u00e9servation de la flore et de la faune locales sont n\u00e9cessaires.<\/p>\n\n\n\n<h2 class=\"wp-block-heading\"><strong>Implication de la Communaut\u00e9 Locale<\/strong><\/h2>\n\n\n\n<h3 class=\"wp-block-heading\"><strong>Favoriser l&#8217;\u00c9conomie Locale<\/strong><\/h3>\n\n\n\n<p>Encourager les visiteurs \u00e0 consommer localement en achetant des produits artisanaux et en fr\u00e9quentant les restaurants et commerces locaux aide \u00e0 soutenir l&#8217;\u00e9conomie de Baume-les-Messieurs. Les chambres d\u2019h\u00f4tes et les g\u00eetes doivent \u00e9galement privil\u00e9gier l&#8217;utilisation de produits locaux pour leurs prestations.<\/p>\n\n\n\n<h3 class=\"wp-block-heading\"><strong>\u00c9ducation et Sensibilisation<\/strong><\/h3>\n\n\n\n<p>Informer les r\u00e9sidents et les visiteurs sur les pratiques de tourisme durable est essentiel. Des ateliers, des brochures et des panneaux d&#8217;information peuvent aider \u00e0 sensibiliser la communaut\u00e9 et les touristes \u00e0 l&#8217;importance de pr\u00e9server l&#8217;environnement et le patrimoine culturel.<\/p>\n\n\n\n<h2 class=\"wp-block-heading\"><strong>Promotion de l\u2019\u00c9cotourisme<\/strong><\/h2>\n\n\n\n<h3 class=\"wp-block-heading\"><strong>D\u00e9veloppement d&#8217;Activit\u00e9s \u00c9coresponsables<\/strong><\/h3>\n\n\n\n<p>Proposer des activit\u00e9s touristiques respectueuses de l&#8217;environnement, telles que la randonn\u00e9e, le cyclotourisme, ou des visites guid\u00e9es ax\u00e9es sur la nature et la culture locale, peut attirer des visiteurs soucieux de l&#8217;\u00e9cologie.<\/p>\n\n\n\n<h3 class=\"wp-block-heading\"><strong>Certification et Labels<\/strong><\/h3>\n\n\n\n<p>Obtenir des certifications et des labels \u00e9cologiques pour les h\u00e9bergements et les attractions touristiques peut renforcer l&#8217;image de Baume-les-Messieurs en tant que destination durable. Ces labels garantissent que les pratiques de gestion respectent des normes environnementales strictes.<\/p>\n\n\n\n<h2 class=\"wp-block-heading\"><\/h2>\n<\/div><\/div>\n\n\n<style>.kadence-column314_29fe47-56 > .kt-inside-inner-col{padding-top:var(--global-kb-spacing-xs, 1rem);padding-right:var(--global-kb-spacing-xs, 1rem);padding-bottom:var(--global-kb-spacing-xs, 1rem);padding-left:var(--global-kb-spacing-xs, 1rem);}.kadence-column314_29fe47-56 > .kt-inside-inner-col,.kadence-column314_29fe47-56 > .kt-inside-inner-col:before{border-top-left-radius:0px;border-top-right-radius:0px;border-bottom-right-radius:0px;border-bottom-left-radius:0px;}.kadence-column314_29fe47-56 > .kt-inside-inner-col{column-gap:var(--global-kb-gap-sm, 1rem);}.kadence-column314_29fe47-56 > .kt-inside-inner-col{flex-direction:column;}.kadence-column314_29fe47-56 > .kt-inside-inner-col > .aligncenter{width:100%;}.kadence-column314_29fe47-56 > .kt-inside-inner-col{background-color:var(--global-palette8, #F7FAFC);}.kadence-column314_29fe47-56 > .kt-inside-inner-col:before{opacity:0.3;}.kadence-column314_29fe47-56{position:relative;}@media all and (max-width: 1024px){.kadence-column314_29fe47-56 > .kt-inside-inner-col{flex-direction:column;justify-content:center;}}@media all and (max-width: 767px){.kadence-column314_29fe47-56 > .kt-inside-inner-col{flex-direction:column;justify-content:center;}}<\/style>\n<div class=\"wp-block-kadence-column kadence-column314_29fe47-56\"><div class=\"kt-inside-inner-col\">\n<h3 class=\"wp-block-heading\">Suivi et \u00c9valuation<\/h3>\n\n\n<style>.kb-image314_70edeb-8e .kb-image-has-overlay:after{opacity:0.3;}<\/style>\n<figure class=\"wp-block-kadence-image kb-image314_70edeb-8e size-large\"><img loading=\"lazy\" decoding=\"async\" width=\"1024\" height=\"1024\" src=\"http:\/\/matt.baume39.fr\/baume-tourism\/wp-content\/uploads\/sites\/10\/2024\/07\/IMG_6396-1024x1024.jpg\" alt=\"\" class=\"kb-img wp-image-359\" srcset=\"https:\/\/matt.baume39.fr\/baume-tourism\/wp-content\/uploads\/sites\/10\/2024\/07\/IMG_6396-1024x1024.jpg 1024w, https:\/\/matt.baume39.fr\/baume-tourism\/wp-content\/uploads\/sites\/10\/2024\/07\/IMG_6396-300x300.jpg 300w, https:\/\/matt.baume39.fr\/baume-tourism\/wp-content\/uploads\/sites\/10\/2024\/07\/IMG_6396-150x150.jpg 150w, https:\/\/matt.baume39.fr\/baume-tourism\/wp-content\/uploads\/sites\/10\/2024\/07\/IMG_6396-768x768.jpg 768w, https:\/\/matt.baume39.fr\/baume-tourism\/wp-content\/uploads\/sites\/10\/2024\/07\/IMG_6396-500x500.jpg 500w, https:\/\/matt.baume39.fr\/baume-tourism\/wp-content\/uploads\/sites\/10\/2024\/07\/IMG_6396-800x800.jpg 800w, https:\/\/matt.baume39.fr\/baume-tourism\/wp-content\/uploads\/sites\/10\/2024\/07\/IMG_6396.jpg 1200w\" sizes=\"auto, (max-width: 1024px) 100vw, 1024px\" \/><\/figure>\n\n\n\n<h3 class=\"wp-block-heading\"><strong>Collecte de Donn\u00e9es<\/strong><\/h3>\n\n\n\n<p>Mettre en place des syst\u00e8mes de suivi pour collecter des donn\u00e9es sur le nombre de visiteurs, leur comportement et l&#8217;impact environnemental permet d&#8217;adapter les strat\u00e9gies de gestion durable. <\/p>\n\n\n\n<p>Ces informations sont pr\u00e9cieuses pour am\u00e9liorer continuellement les pratiques touristiques.<\/p>\n\n\n\n<h3 class=\"wp-block-heading\"><strong>Implication des Acteurs Locaux<\/strong><\/h3>\n\n\n\n<p>Impliquer les acteurs locaux dans la planification et la gestion du tourisme durable est crucial. <\/p>\n\n\n\n<p>Des r\u00e9unions r\u00e9guli\u00e8res avec les r\u00e9sidents, les entreprises locales et les autorit\u00e9s peuvent permettre de recueillir des id\u00e9es et des suggestions pour une meilleure gestion.<\/p>\n\n\n\n<h2 class=\"wp-block-heading\"><strong>Conclusion<\/strong><\/h2>\n\n\n\n<p>Adopter des pratiques de gestion durable du tourisme \u00e0 Baume-les-Messieurs est essentiel pour pr\u00e9server son patrimoine naturel et culturel tout en tirant parti des avantages \u00e9conomiques du tourisme. <\/p>\n\n\n\n<p>En sensibilisant les visiteurs, en prot\u00e9geant l&#8217;environnement, en soutenant l&#8217;\u00e9conomie locale et en impliquant la communaut\u00e9, Baume-les-Messieurs peut devenir un mod\u00e8le de destination touristique durable. <\/p>\n\n\n\n<p>Ces efforts contribueront non seulement \u00e0 la protection de ce village unique, mais \u00e9galement \u00e0 l&#8217;am\u00e9lioration de la qualit\u00e9 de vie de ses habitants et \u00e0 la satisfaction des visiteurs.<\/p>\n<\/div><\/div>\n\n<\/div><\/div>","protected":false},"excerpt":{"rendered":"<p>Pratiques de Gestion Durable du Tourisme \u00e0 Baume-les-Messieurs Baume-les-Messieurs, nich\u00e9 dans le Jura, est un village de charme qui attire chaque ann\u00e9e de nombreux visiteurs gr\u00e2ce \u00e0 ses paysages naturels \u00e9poustouflants, son patrimoine historique et sa culture riche. Pour pr\u00e9server ces tr\u00e9sors tout en profitant des b\u00e9n\u00e9fices \u00e9conomiques du tourisme, il est essentiel de mettre&#8230;<\/p>\n","protected":false},"author":1,"featured_media":0,"parent":0,"menu_order":0,"comment_status":"closed","ping_status":"closed","template":"","meta":{"_acf_changed":false,"_kadence_starter_templates_imported_post":false,"_kad_post_transparent":"","_kad_post_title":"","_kad_post_layout":"","_kad_post_sidebar_id":"","_kad_post_content_style":"","_kad_post_vertical_padding":"","_kad_post_feature":"","_kad_post_feature_position":"","_kad_post_header":false,"_kad_post_footer":false,"footnotes":""},"class_list":["post-314","page","type-page","status-publish","hentry"],"acf":[],"_links":{"self":[{"href":"https:\/\/matt.baume39.fr\/baume-tourism\/wp-json\/wp\/v2\/pages\/314","targetHints":{"allow":["GET"]}}],"collection":[{"href":"https:\/\/matt.baume39.fr\/baume-tourism\/wp-json\/wp\/v2\/pages"}],"about":[{"href":"https:\/\/matt.baume39.fr\/baume-tourism\/wp-json\/wp\/v2\/types\/page"}],"author":[{"embeddable":true,"href":"https:\/\/matt.baume39.fr\/baume-tourism\/wp-json\/wp\/v2\/users\/1"}],"replies":[{"embeddable":true,"href":"https:\/\/matt.baume39.fr\/baume-tourism\/wp-json\/wp\/v2\/comments?post=314"}],"version-history":[{"count":5,"href":"https:\/\/matt.baume39.fr\/baume-tourism\/wp-json\/wp\/v2\/pages\/314\/revisions"}],"predecessor-version":[{"id":377,"href":"https:\/\/matt.baume39.fr\/baume-tourism\/wp-json\/wp\/v2\/pages\/314\/revisions\/377"}],"wp:attachment":[{"href":"https:\/\/matt.baume39.fr\/baume-tourism\/wp-json\/wp\/v2\/media?parent=314"}],"curies":[{"name":"wp","href":"https:\/\/api.w.org\/{rel}","templated":true}]}}